{"id":22278,"date":"2024-07-15T15:43:25","date_gmt":"2024-07-15T13:43:25","guid":{"rendered":"https:\/\/www.wepaflyer.com\/?post_type=product&#038;p=22278"},"modified":"2026-05-04T15:55:30","modified_gmt":"2026-05-04T13:55:30","slug":"chitex-ripstop-70d-stahlset","status":"publish","type":"product","link":"https:\/\/www.wepaflyer.com\/de\/produkt\/chitex-ripstop-70d-stahlset\/","title":{"rendered":"CHITEX: Ripstop 70D Mustersatz"},"content":{"rendered":"<h3>Chitex 70D Mustersatz<\/h3>\n<h5>Mustersatz Chitex 70D | Alle verf\u00fcgbaren Farben | 50 cm\u00b2 pro Farbe<\/h5>\n<p>Mustersatz des Chitex 70D\/190T-Tuches, damit Sie zu Hause in Ruhe Ihre Farben ausw\u00e4hlen k\u00f6nnen.<\/p>\n<p>Das Chitex 70D\/190T ist ein robustes Spinnakertuch von ausgezeichneter Qualit\u00e4t mit einem effektiven Nettogewicht von ca. 60 g\/m\u00b2. Die Tuchbreite betr\u00e4gt 150 cm.<\/p>\n<p>Es eignet sich sehr gut f\u00fcr den Bau von Drachen aller Art, insbesondere von Gro\u00dfmodellen, Lenkdrachen, Parafoils und auch Einleinerdrachen. Dar\u00fcber hinaus wird das Spinnakertuch auch f\u00fcr viele andere Zwecke verwendet, unter anderem als Bettlaken, f\u00fcr Taschen und Kunstobjekte.<\/p>\n<p id=\"tw-target-text\" class=\"tw-data-text tw-text-large tw-ta\" dir=\"ltr\" data-placeholder=\"Vertaling\" aria-label=\"Vertaalde tekst: Bitte beachten Sie!: Aufgrund von Produktionsproblemen in der Fabrik, in der dieser Chitex 70D hergestellt wird, wird es f\u00fcr uns immer schwieriger, alle Farben in ausreichender Menge auf Lager zu halten. Wir sind bestrebt, weiterhin m\u00f6glichst alle Farben anzubieten und lieferbar zu halten und weisen stets deutlich darauf hin, welche Farben verf\u00fcgbar sind und welche nicht. Bitte pr\u00fcfen Sie dies sorgf\u00e4ltig, bevor Sie Ihre Bestellung absenden.\" data-ved=\"2ahUKEwiKvcnMkYmLAxXv_7sIHdpwKEEQ3ewLegQICxAU\"><strong><span class=\"Y2IQFc\" lang=\"de\">Bitte beachten Sie!: Aufgrund von Produktionsproblemen in der Fabrik, in der dieses Chitex 70D hergestellt wird, wird es f\u00fcr uns immer schwieriger, alle Farben in ausreichender Menge auf Lager zu halten. Wir sind bestrebt, weiterhin m\u00f6glichst alle Farben anzubieten und lieferbar zu halten und weisen stets deutlich darauf hin, welche Farben verf\u00fcgbar sind und welche nicht. Bitte pr\u00fcfen Sie dies sorgf\u00e4ltig, bevor Sie Ihre Bestellung einsenden.<\/span><\/strong><\/p>\n<p>Erh\u00e4ltlich in vielen Farben gem\u00e4\u00df der Farbnummernliste unten, die auch die Farbbeschreibung und die Farbnummern des Pantone Matching System (PMS) enth\u00e4lt.<\/p>\n<p><b>Farbnummern\/Farben\/Mustersatz:<\/b><\/p>\n<ul>\n<li><b>01 Wei\u00df\/White<\/b><\/li>\n<li><b>02 Grau\/Grey PMS443C<\/b><\/li>\n<li><b>03 Anthrazit\/DunkelGrau \/ Dark Grey PMS Cool Grey 10C<\/b><\/li>\n<li><b>04 Schwarz\/Black<\/b><\/li>\n<li>05 Hellviolett\/Light Violet | Vor\u00fcbergehend ausverkauft<\/li>\n<li><b>06 Violett\/Violet PMS Violett C<\/b><\/li>\n<li><b>07 Lavendel\/Lavender PMS2715C<\/b><\/li>\n<li><b>08 Dunkelblau\/Darkblue PMS280C<\/b><\/li>\n<li><b>09 Reflexblue\/Reflexblue PMS Reflex Blue C<\/b><\/li>\n<li><b>10 K\u00f6nigsblau\/Royalblue PMS286C<\/b><\/li>\n<li><b>11 Skyblue\/Skyblue PMS299C<\/b><\/li>\n<li><b>12 Prozessblau\/Processblue PMS Prozesscyan C<\/b><\/li>\n<li><b>13 Seablue\/Seablue PMS2995C<\/b><\/li>\n<li>14 Hellblau\/Lightblue | Vor\u00fcbergehend ausverkauft<\/li>\n<li><b>15 Mitternachtsblau\/Midnightblue PMS287C<\/b><\/li>\n<li><b>16 Apfelgr\u00fcn\/Applegreen PMS359C<\/b><\/li>\n<li><b>17 Gr\u00fcn\/Green PMS Gr\u00fcn C<\/b><\/li>\n<li><b>18 LightRed\/LightRed PMS200C<\/b><\/li>\n<li><b>19 Rot\/Red PMS186C<\/b><\/li>\n<li><b>20 Warmred\/Warmred PMS Warm Red C<\/b><\/li>\n<li><b>21 Orange\/Orange PMS Orange 021C<\/b><\/li>\n<li><b>22 Gelb\/Yellow PMS Gelb C<\/b><\/li>\n<li><b>23 Goldgelb\/Goldyellow PMS123C<\/b><\/li>\n<li><b>24 Magenta\/Magenta PMS232C<\/b><\/li>\n<li><b>25 Cranberry\/Cranberry PMS233C<\/b><\/li>\n<li><b>26 Neongelb\/Fluoyellow<\/b><\/li>\n<li><b>27 Neonorange\/Fluoorange<\/b><\/li>\n<li><b>28 Neonrosa\/Fluopink<\/b><\/li>\n<\/ul>\n<ul>\n<li><b>29 Lila\/Lilac PMS Lila C<\/b><\/li>\n<li><b>30 Lila\/Lilac PMS266 C<\/b><\/li>\n<li><b>31 Midnightpurple\/Midnightpurple PMS269C<\/b><\/li>\n<li><b>32 DunkelPink\/DarkPink PMS239C<\/b><\/li>\n<li><b>33 GrassGreen\/GrassGreen PMS377C<\/b><\/li>\n<li><b>34 FreshGreen\/FreshGreen PMS361C<\/b><\/li>\n<li><b>35 Dunkelgr\u00fcn\/Darkgreen PMS343C<\/b><\/li>\n<li><b>36 Leuchtendes Orange\/Bright Orange PMS151C<\/b><\/li>\n<li><b>37 Neongr\u00fcn\/Fluogreen<\/b><\/li>\n<li><b>38 Aquablue\/Aquablue PMS285C<\/b><\/li>\n<\/ul>\n<p><strong>F\u00fcr diesen Mustersatz fallen keine Versandkosten an.<\/strong><\/p>\n","protected":false},"excerpt":{"rendered":"<p>Mustersatz Chitex 70D | Alle verf\u00fcgbaren Farben | 50 cm\u00b2 pro Farbe<\/p>\n","protected":false},"featured_media":22279,"comment_status":"closed","ping_status":"closed","template":"","meta":{"_acf_changed":false},"product_brand":[],"product_cat":[2155,1385,2154,1348],"product_tag":[3626],"class_list":{"0":"post-22278","1":"product","2":"type-product","3":"status-publish","4":"has-post-thumbnail","6":"product_cat-chitex","7":"product_cat-drachen-zubehor","8":"product_cat-drachentuch","9":"product_cat-marken","10":"product_tag-vliegerdoek","11":"product_shipping_class-proben-set","13":"first","14":"instock","15":"taxable","16":"shipping-taxable","17":"purchasable","18":"product-type-simple"},"acf":[],"_links":{"self":[{"href":"https:\/\/www.wepaflyer.com\/de\/wp-json\/wp\/v2\/product\/22278","targetHints":{"allow":["GET"]}}],"collection":[{"href":"https:\/\/www.wepaflyer.com\/de\/wp-json\/wp\/v2\/product"}],"about":[{"href":"https:\/\/www.wepaflyer.com\/de\/wp-json\/wp\/v2\/types\/product"}],"replies":[{"embeddable":true,"href":"https:\/\/www.wepaflyer.com\/de\/wp-json\/wp\/v2\/comments?post=22278"}],"wp:featuredmedia":[{"embeddable":true,"href":"https:\/\/www.wepaflyer.com\/de\/wp-json\/wp\/v2\/media\/22279"}],"wp:attachment":[{"href":"https:\/\/www.wepaflyer.com\/de\/wp-json\/wp\/v2\/media?parent=22278"}],"wp:term":[{"taxonomy":"product_brand","embeddable":true,"href":"https:\/\/www.wepaflyer.com\/de\/wp-json\/wp\/v2\/product_brand?post=22278"},{"taxonomy":"product_cat","embeddable":true,"href":"https:\/\/www.wepaflyer.com\/de\/wp-json\/wp\/v2\/product_cat?post=22278"},{"taxonomy":"product_tag","embeddable":true,"href":"https:\/\/www.wepaflyer.com\/de\/wp-json\/wp\/v2\/product_tag?post=22278"}],"curies":[{"name":"wp","href":"https:\/\/api.w.org\/{rel}","templated":true}]}}