{"id":22267,"date":"2024-07-13T16:32:09","date_gmt":"2024-07-13T14:32:09","guid":{"rendered":"https:\/\/www.wepaflyer.com\/?post_type=product&#038;p=22267"},"modified":"2025-01-22T12:06:24","modified_gmt":"2025-01-22T11:06:24","slug":"tyvek-trockenblatt","status":"publish","type":"product","link":"https:\/\/www.wepaflyer.com\/de\/produkt\/tyvek-trockenblatt\/","title":{"rendered":"Tyvek DRY BLATT"},"content":{"rendered":"<h3>TYVEK\u00ae: DRY White pro BLATT<\/h3>\n<h5>PRO BLATT | 55gr\/m\u00b2 &#8211; 70x100cm | 39 Gramm pro Blatt | 1057D<\/h5>\n<p><strong>Tyvek\u00ae Dry 1057D<\/strong> ist auch in A3- und A4-B\u00f6gen sowie auf Rolle erh\u00e4ltlich.<\/p>\n<p>Dar\u00fcber hinaus sind folgende Qualit\u00e4ten<strong>\u00a0Tyvek\u00ae<\/strong> auch auf Bl\u00e4tter erh\u00e4ltlich:<strong> Classic A (1073D), Classic B (1082D)\u00a0<\/strong>und<strong> Fasson (PERM ZS) <\/strong>selbstklebendes Material<strong>.<\/strong><\/p>\n<p><strong>Tyvek\u00ae Dry<\/strong> ist ein strahlend wei\u00dfer Vliesstoff mit seidenweicher Oberfl\u00e4che, hergestellt aus reinen Polyethylenfasern. Es ist \u00fcberraschend leicht und elastisch, aber dennoch extrem stark und rei\u00dffest und f\u00fcr viele Anwendungen die ultimative Wahl. Das Material ist vergleichbar mit Papier, aber viel fester und \u201eunzerrei\u00dfbar\u201c und l\u00e4sst sich leicht mit scharfen Falten herstellen.<\/p>\n<p>Wenn dieses <strong>Tyvek\u00ae Dry<\/strong> f\u00fcr Ihre Anwendung zu leicht oder zu d\u00fcnn ist, werfen Sie auch einen Blick auf <strong>Tyvek\u00ae Classic A <\/strong>und <strong>Tyvek\u00ae Classic B<\/strong> , das sind etwas dickere und schwerere Qualit\u00e4ten mit gleichen Eigenschaften.<\/p>\n<p>Die Lieferung von Tyvek\u00ae Dry in B\u00f6gen erfolgt bei kleinen Mengen aufgerollt, bei gr\u00f6\u00dferen Mengen werden die B\u00f6gen flach geliefert.<\/p>\n<p>Wenn Sie an gr\u00f6\u00dferen Mengen interessiert sind, beachten Sie bitte die Mengenrabatte unten.<\/p>\n<p><strong>TYVEK kann sowohl im klassischen Siebdruck als auch mit einem Tintenstrahldrucker bedruckt werden. Beim Drucken mit einem Tintenstrahldrucker ist eine UV-Trocknung erforderlich, wenn Sie verhindern m\u00f6chten, dass die Tinte ausl\u00e4uft, wenn das Tyvek nass wird.<\/strong><\/p>\n<p><b>Mengenrabatte<\/b>; Beim Kauf gr\u00f6\u00dferer Mengen gew\u00e4hren wir folgende Mengenrabatte:<\/p>\n<ul>\n<li><b>ab 10 Blatt: 5%<\/b><\/li>\n<li><b>ab 25 Blatt: 7,5 %<\/b><\/li>\n<li><b>ab 50 Blatt: 10%<\/b><\/li>\n<li><b>ab 100 Blatt: 15%<\/b><\/li>\n<li><b>ab 250 Blatt: 20 %<\/b><\/li>\n<li><b>ab 500 Blatt: 25 %<\/b><\/li>\n<\/ul>\n<p>Die Mengenrabatte gelten f\u00fcr einen Gesamtkauf der angegebenen Blattanzahl und werden direkt im Warenkorb abgezogen.<\/p>\n","protected":false},"excerpt":{"rendered":"<p>PRO BLATT | 55gr\/m\u00b2 &#8211; 70x100cm | 39 Gramm pro Blatt | 1057D<\/p>\n","protected":false},"featured_media":22269,"comment_status":"closed","ping_status":"closed","template":"","meta":{"_acf_changed":false},"product_brand":[],"product_cat":[1385,2170],"product_tag":[],"class_list":{"0":"post-22267","1":"product","2":"type-product","3":"status-publish","4":"has-post-thumbnail","6":"product_cat-drachen-zubehor","7":"product_cat-tyvek","9":"first","10":"instock","11":"taxable","12":"shipping-taxable","13":"purchasable","14":"product-type-simple"},"acf":[],"_links":{"self":[{"href":"https:\/\/www.wepaflyer.com\/de\/wp-json\/wp\/v2\/product\/22267","targetHints":{"allow":["GET"]}}],"collection":[{"href":"https:\/\/www.wepaflyer.com\/de\/wp-json\/wp\/v2\/product"}],"about":[{"href":"https:\/\/www.wepaflyer.com\/de\/wp-json\/wp\/v2\/types\/product"}],"replies":[{"embeddable":true,"href":"https:\/\/www.wepaflyer.com\/de\/wp-json\/wp\/v2\/comments?post=22267"}],"wp:featuredmedia":[{"embeddable":true,"href":"https:\/\/www.wepaflyer.com\/de\/wp-json\/wp\/v2\/media\/22269"}],"wp:attachment":[{"href":"https:\/\/www.wepaflyer.com\/de\/wp-json\/wp\/v2\/media?parent=22267"}],"wp:term":[{"taxonomy":"product_brand","embeddable":true,"href":"https:\/\/www.wepaflyer.com\/de\/wp-json\/wp\/v2\/product_brand?post=22267"},{"taxonomy":"product_cat","embeddable":true,"href":"https:\/\/www.wepaflyer.com\/de\/wp-json\/wp\/v2\/product_cat?post=22267"},{"taxonomy":"product_tag","embeddable":true,"href":"https:\/\/www.wepaflyer.com\/de\/wp-json\/wp\/v2\/product_tag?post=22267"}],"curies":[{"name":"wp","href":"https:\/\/api.w.org\/{rel}","templated":true}]}}