{"id":22170,"date":"2023-12-28T11:59:17","date_gmt":"2023-12-28T10:59:17","guid":{"rendered":"https:\/\/www.wepaflyer.com\/?post_type=product&#038;p=22170"},"modified":"2026-05-04T12:38:11","modified_gmt":"2026-05-04T10:38:11","slug":"eddy-kruis-white-ldpe","status":"publish","type":"product","link":"https:\/\/www.wepaflyer.com\/de\/produkt\/eddy-kruis-white-ldpe\/","title":{"rendered":"Kreuzst\u00fcck in V-Form LDPE | 6\/6mm"},"content":{"rendered":"<h3>EDDY DIAMANT | V-KREUZ | 6\/6mm | LDPE<\/h3>\n<h5>Kreuzst\u00fcck in V-Form f\u00fcr Eddy-Drachen | WEI\u00df<\/h5>\n<p><strong>\u00a0<\/strong>Unverzichtbares Kleinteil wenn du Eddy- oder Diamant-Drachen bauen m\u00f6chtest.<\/p>\n<p>Dieses Kreuz ist au\u00dferordentlich gut geeignet f\u00fcr viele kleinere Einleinerdrachen.<br \/>\nMeistverlangter Durchmesser.<\/p>\n<p>Kreuz von der Marke Wepa. Wird in der abgebildeten Farbe Wei\u00df geliefert in LDPE-Qualit\u00e4t.<\/p>\n<p><strong>ACHTUNG!: <\/strong>Bei diesem Artikel gelten die nachfolgenden Staffelrabatte:<\/p>\n<ul>\n<li><strong>\u00a0 \u00a0 \u00a0 \u00a0<\/strong><strong>50 St\u00fcck: 5%<\/strong><\/li>\n<li><strong>\u00a0 \u00a0 \u00a0100 St\u00fcck: 7,5%<\/strong><\/li>\n<li><strong>\u00a0 \u00a0 \u00a0250 St\u00fcck: 10%<\/strong><\/li>\n<li><strong>\u00a0 \u00a0 \u00a0500 St\u00fcck: 20%<\/strong><\/li>\n<li><strong>\u00a0 1.000 St\u00fcck: 30%<\/strong><\/li>\n<li><strong>\u00a0 2.500 St\u00fcck: 40%<\/strong><\/li>\n<\/ul>\n<p>Bei Eingabe einer Bestellung wird der betreffende Rabatt sofort im Einkaufskorb verrechnet.<\/p>\n","protected":false},"excerpt":{"rendered":"<p>Kreuzst\u00fcck in V-Form f\u00fcr Eddy-Drachen | WEI\u00df<\/p>\n","protected":false},"featured_media":28859,"comment_status":"closed","ping_status":"closed","template":"","meta":{"_acf_changed":false},"product_brand":[],"product_cat":[1385,3368,1348,2165],"product_tag":[3636],"class_list":{"0":"post-22170","1":"product","2":"type-product","3":"status-publish","4":"has-post-thumbnail","6":"product_cat-drachen-zubehor","7":"product_cat-drachenteile-kunststoff","8":"product_cat-marken","9":"product_cat-wepa","10":"product_tag-onderdelen","11":"pa_breedte-cm-06-de","13":"first","14":"instock","15":"taxable","16":"shipping-taxable","17":"purchasable","18":"product-type-simple"},"acf":[],"_links":{"self":[{"href":"https:\/\/www.wepaflyer.com\/de\/wp-json\/wp\/v2\/product\/22170","targetHints":{"allow":["GET"]}}],"collection":[{"href":"https:\/\/www.wepaflyer.com\/de\/wp-json\/wp\/v2\/product"}],"about":[{"href":"https:\/\/www.wepaflyer.com\/de\/wp-json\/wp\/v2\/types\/product"}],"replies":[{"embeddable":true,"href":"https:\/\/www.wepaflyer.com\/de\/wp-json\/wp\/v2\/comments?post=22170"}],"wp:featuredmedia":[{"embeddable":true,"href":"https:\/\/www.wepaflyer.com\/de\/wp-json\/wp\/v2\/media\/28859"}],"wp:attachment":[{"href":"https:\/\/www.wepaflyer.com\/de\/wp-json\/wp\/v2\/media?parent=22170"}],"wp:term":[{"taxonomy":"product_brand","embeddable":true,"href":"https:\/\/www.wepaflyer.com\/de\/wp-json\/wp\/v2\/product_brand?post=22170"},{"taxonomy":"product_cat","embeddable":true,"href":"https:\/\/www.wepaflyer.com\/de\/wp-json\/wp\/v2\/product_cat?post=22170"},{"taxonomy":"product_tag","embeddable":true,"href":"https:\/\/www.wepaflyer.com\/de\/wp-json\/wp\/v2\/product_tag?post=22170"}],"curies":[{"name":"wp","href":"https:\/\/api.w.org\/{rel}","templated":true}]}}