{"id":22157,"date":"2023-12-28T11:59:17","date_gmt":"2023-12-28T10:59:17","guid":{"rendered":"https:\/\/www.wepaflyer.com\/?post_type=product&#038;p=22157"},"modified":"2026-01-31T22:10:23","modified_gmt":"2026-01-31T21:10:23","slug":"hq-yukon-ii-ice-rundum","status":"publish","type":"product","link":"https:\/\/www.wepaflyer.com\/de\/produkt\/hq-yukon-ii-ice-rundum\/","title":{"rendered":"HQ Yukon II ICE | Allround"},"content":{"rendered":"<h3>HQ Yukon II ICE | ALLROUND<\/h3>\n<h4>175 x 80 cm. | R2F | F\u00fcr den startenden Tricklenkdrachenpilot<\/h4>\n<p><strong><span class=\"Y2IQFc\" lang=\"en\">Der neue Yukon II ist bereit, in die Fu\u00dfstapfen seines legend\u00e4ren Vorg\u00e4ngers zu treten<\/span><\/strong><\/p>\n<p><span class=\"Y2IQFc\" lang=\"en\">Der neue Yukon II ist bereit, in die Fu\u00dfstapfen seines legend\u00e4ren Vorg\u00e4ngers zu treten; Schneller, pr\u00e4ziser und trickf\u00e4higer als das Vorg\u00e4ngermodell, mit gr\u00f6\u00dferer Windrange und sehr gutem Feedback an den Leinen \u2013 der Yukon II erleichtert den Einstieg ins Lenkkiten. Mit den flexiblen und robusten St\u00e4ben sind Sie auch bei rauen Landungen des Drachens optimal ger\u00fcstet. Der Yukon II beherrscht eine Vielzahl grundlegender Tricks: Axels, Slides, Pancakes und Backflips sind leicht zu erlernen und garantieren langanhaltenden Spa\u00df.<\/span><\/p>\n<p><strong>Spezifikationen:<\/strong><\/p>\n<ul>\n<li>Fl\u00fcgelspannweite: 175 cm<\/li>\n<li>H\u00f6he: 80 cm<\/li>\n<li>Stoff: Ristop-Polyester<\/li>\n<li>Stangen: 5 mm Fiberglas + Hybridrohr<\/li>\n<li>Leinen: inklusive, Dyneema 50 kp, 2 x 20 m am Wickelgriff mit Handgelenkschlaufen (Straps)<\/li>\n<li>Wind: 2-6 Bft. (10\u201349 km\/h, 6\u201330 mph)<\/li>\n<li>Alter: 12+<\/li>\n<\/ul>\n","protected":false},"excerpt":{"rendered":"<p>175 x 80 cm. |R2F | F\u00fcr den startenden Tricklenkdrachenpilot<\/p>\n","protected":false},"featured_media":13462,"comment_status":"closed","ping_status":"closed","template":"","meta":{"_acf_changed":false},"product_brand":[],"product_cat":[1396,2177,2169,1348,1384],"product_tag":[],"class_list":{"0":"post-22157","1":"product","2":"type-product","3":"status-publish","4":"has-post-thumbnail","6":"product_cat-drachen","7":"product_cat-hq-kites","8":"product_cat-lenkdrachen","9":"product_cat-marken","10":"product_cat-sale","11":"pa_breedte-cm-35-de","12":"pa_lengte-cm-175-de","14":"first","15":"instock","16":"sale","17":"taxable","18":"shipping-taxable","19":"purchasable","20":"product-type-simple"},"acf":[],"_links":{"self":[{"href":"https:\/\/www.wepaflyer.com\/de\/wp-json\/wp\/v2\/product\/22157","targetHints":{"allow":["GET"]}}],"collection":[{"href":"https:\/\/www.wepaflyer.com\/de\/wp-json\/wp\/v2\/product"}],"about":[{"href":"https:\/\/www.wepaflyer.com\/de\/wp-json\/wp\/v2\/types\/product"}],"replies":[{"embeddable":true,"href":"https:\/\/www.wepaflyer.com\/de\/wp-json\/wp\/v2\/comments?post=22157"}],"wp:featuredmedia":[{"embeddable":true,"href":"https:\/\/www.wepaflyer.com\/de\/wp-json\/wp\/v2\/media\/13462"}],"wp:attachment":[{"href":"https:\/\/www.wepaflyer.com\/de\/wp-json\/wp\/v2\/media?parent=22157"}],"wp:term":[{"taxonomy":"product_brand","embeddable":true,"href":"https:\/\/www.wepaflyer.com\/de\/wp-json\/wp\/v2\/product_brand?post=22157"},{"taxonomy":"product_cat","embeddable":true,"href":"https:\/\/www.wepaflyer.com\/de\/wp-json\/wp\/v2\/product_cat?post=22157"},{"taxonomy":"product_tag","embeddable":true,"href":"https:\/\/www.wepaflyer.com\/de\/wp-json\/wp\/v2\/product_tag?post=22157"}],"curies":[{"name":"wp","href":"https:\/\/api.w.org\/{rel}","templated":true}]}}