{"id":22155,"date":"2023-12-28T11:59:17","date_gmt":"2023-12-28T10:59:17","guid":{"rendered":"https:\/\/www.wepaflyer.com\/?post_type=product&#038;p=22155"},"modified":"2026-05-04T12:34:12","modified_gmt":"2026-05-04T10:34:12","slug":"hq-windsock-airport-xxl","status":"publish","type":"product","link":"https:\/\/www.wepaflyer.com\/de\/produkt\/hq-windsock-airport-xxl\/","title":{"rendered":"HQ Windsock Airport XXL"},"content":{"rendered":"<h3>HQ WINDSOCK AIRPORT \u2013 XXL<\/h3>\n<h5>\u00d8 34 x 150 cm. | Classic Windsock<\/h5>\n<p>Verkleinerte Kopie der Original-Winds\u00e4cke, wie sie fr\u00fcher auf allen Flugh\u00e4fen zu sehen waren. Heutzutage sieht man auf kleineren (Segel-)Flugpl\u00e4tzen noch die Originale. Soll den Piloten zeigen, aus welcher Richtung und wie stark der Wind weht.<\/p>\n<p>Aus festem Spinnakertuch, UV- und witterungsbest\u00e4ndig, mit Glasfaserstab und<span>\u00a0<\/span><strong>Bodend\u00fcbel<\/strong>.<\/p>\n","protected":false},"excerpt":{"rendered":"<p>\u00d8 34 x 150 cm. | Classic Windsock<\/p>\n","protected":false},"featured_media":13457,"comment_status":"closed","ping_status":"closed","template":"","meta":{"_acf_changed":false},"product_brand":[],"product_cat":[2177,1348,1403,2188],"product_tag":[3634],"class_list":{"0":"post-22155","1":"product","2":"type-product","3":"status-publish","4":"has-post-thumbnail","6":"product_cat-hq-kites","7":"product_cat-marken","8":"product_cat-windspiele","9":"product_cat-windspiele-garten","10":"product_tag-windspelen","11":"pa_breedte-cm-150-de","12":"pa_lengte-cm-150-de","14":"first","15":"instock","16":"sale","17":"taxable","18":"shipping-taxable","19":"purchasable","20":"product-type-simple"},"acf":[],"_links":{"self":[{"href":"https:\/\/www.wepaflyer.com\/de\/wp-json\/wp\/v2\/product\/22155","targetHints":{"allow":["GET"]}}],"collection":[{"href":"https:\/\/www.wepaflyer.com\/de\/wp-json\/wp\/v2\/product"}],"about":[{"href":"https:\/\/www.wepaflyer.com\/de\/wp-json\/wp\/v2\/types\/product"}],"replies":[{"embeddable":true,"href":"https:\/\/www.wepaflyer.com\/de\/wp-json\/wp\/v2\/comments?post=22155"}],"wp:featuredmedia":[{"embeddable":true,"href":"https:\/\/www.wepaflyer.com\/de\/wp-json\/wp\/v2\/media\/13457"}],"wp:attachment":[{"href":"https:\/\/www.wepaflyer.com\/de\/wp-json\/wp\/v2\/media?parent=22155"}],"wp:term":[{"taxonomy":"product_brand","embeddable":true,"href":"https:\/\/www.wepaflyer.com\/de\/wp-json\/wp\/v2\/product_brand?post=22155"},{"taxonomy":"product_cat","embeddable":true,"href":"https:\/\/www.wepaflyer.com\/de\/wp-json\/wp\/v2\/product_cat?post=22155"},{"taxonomy":"product_tag","embeddable":true,"href":"https:\/\/www.wepaflyer.com\/de\/wp-json\/wp\/v2\/product_tag?post=22155"}],"curies":[{"name":"wp","href":"https:\/\/api.w.org\/{rel}","templated":true}]}}