{"id":22146,"date":"2023-12-28T11:59:17","date_gmt":"2023-12-28T10:59:17","guid":{"rendered":"https:\/\/www.wepaflyer.com\/?post_type=product&#038;p=22146"},"modified":"2025-01-23T15:59:16","modified_gmt":"2025-01-23T14:59:16","slug":"chikara-ripstop-30d-stahlset","status":"publish","type":"product","link":"https:\/\/www.wepaflyer.com\/de\/produkt\/chikara-ripstop-30d-stahlset\/","title":{"rendered":"CHIKARA: Ripstop 30D Mustersatz"},"content":{"rendered":"<h3>Chikara 30D Mustersatz<\/h3>\n<h5>Mustersatz Chikara | Alle 20 Farben | 50 cm\u00b2 pro Farbe<\/h5>\n<p>Das Chikara (das japanische Wort f\u00fcr \u201eKraft\u201c) 30D ist ein leichtes Spinnakertuch von ausgezeichneter Qualit\u00e4t mit einem effektiven Nettogewicht von ca. 41 g\/m\u00b2. Die Stoffbreite betr\u00e4gt 155cm.<\/p>\n<p>Das Chikara ist flexibel und eignet sich sehr gut f\u00fcr die Herstellung aller Arten von Drachen, insbesondere Lenkmatten, Parafoils, Speedwings und auch aufblasbare 1-Leiner. Dar\u00fcber hinaus wird das Chikara-Tuch auch f\u00fcr viele andere Zwecke verwendet, unter anderem f\u00fcr Skytubes, Inflatables, Gleitschirme, Banner und Bodenobjekte.<\/p>\n<p><b>Eigenschaften des CHIKARA Ripstop Nylon-Tuchs sind:<\/b><\/p>\n<ul>\n<li><b>Leichtes Gewicht<\/b><\/li>\n<li><b>Sehr gute Luftundurchl\u00e4ssigkeit<\/b><\/li>\n<li><b>Geringe Dehnung<\/b><\/li>\n<li><b>Sehr hohe Bruchfestigkeit<\/b><\/li>\n<li><b>Sehr hohe UV-Best\u00e4ndigkeit<\/b><\/li>\n<li><b>Doppelseitige PU-Beschichtung (PolyUrethan); doppelseitiges WR<\/b><\/li>\n<li><b>Sehr hohe Wasserabweisung<\/b><\/li>\n<li><b>Nicht feuerhemmend<\/b><\/li>\n<\/ul>\n<div>\n<p><b>Technische Details, Werksangaben:<\/b><\/p>\n<ul>\n<li><b>Material \u2013 Ripstop-Nylon<\/b><\/li>\n<li><b>Nylontyp \u2013 30Dernier Nylon 6.6<\/b><\/li>\n<li><b>Beschichtung \u2013 doppelseitiges Polyurethan<\/b><\/li>\n<li><b>Gewicht \u2013 41 g\/m\u00b2<\/b><\/li>\n<li><b>Breite \u2013 155 cm<\/b><\/li>\n<li><b>Rei\u00dffestigkeit \u2013 Kette 5,0 \/ F\u00fcllung 5,0 kg<\/b><\/li>\n<li><b>Bruchfestigkeit \u2013 Kette 40 \/ F\u00fcllung 36,1 kg\/5 cm<\/b><\/li>\n<li><b>Bruchdehnung \u2013 Kette 49,3 \/ F\u00fcllung 51,2 %\/5 cm<\/b><\/li>\n<li><b>Luftdurchl\u00e4ssigkeit \u2013 0,03 cc\/cm\u00b2\/s<\/b><\/li>\n<\/ul>\n<\/div>\n<p>Erh\u00e4ltlich in vielen Farben gem\u00e4\u00df der Farbnummernliste unten, wobei auch die Farbbeschreibung angegeben ist. Zwischen (Klammern) die Werks-Farbnummern.<\/p>\n<p><b>Farbnummern\/Farben\/Mustersatz:<\/b><\/p>\n<ul>\n<li><b>01 Wei\u00df\/White\u00a0 (DNCH0001)<\/b><\/li>\n<li><b>02 Fluorgelb\/Fluoryellow (DNCH0002)<\/b><\/li>\n<li><b>03 Fluororange\/Fluororange (DNCH0003)<\/b><\/li>\n<li><b>04 Fluor Pink\/Fluor Pink\u00a0(DNCH0004)<\/b><\/li>\n<li><b>05 Fluorgr\u00fcn\/Fluorgr\u00fcn\u00a0 (DNCH0005)<\/b><\/li>\n<li><b>06 Schwarz\/Black\u00a0 (DNCH0006)<\/b><\/li>\n<li><b>07 Dunkelgrau\/Dark Grey\u00a0 (DNCH0007)<\/b><\/li>\n<li><b>08 Meeresblau\/Seablue\u00a0 (DNCH0009)<\/b><\/li>\n<li><b>09 K\u00f6nigsblau\/Royalblue\u00a0 (DNCH0010)<\/b><\/li>\n<li><b>10 Mitternachtsblau\/Midnight Blue\u00a0 (DNCH0011)<\/b><\/li>\n<li><b>11 Gelb\/Yellow\u00a0 (DNCH0012)<\/b><\/li>\n<li><b>12 Gold\/Gold\u00a0(DNCH0013)<\/b><\/li>\n<li><b>13 Orange\/Orange\u00a0(DNCH0014)<\/b><\/li>\n<li><b>14 Rot\/Red (DNCH0015)<\/b><\/li>\n<li><b>15 Lila\/Purple\u00a0 (DNCH0019)<\/b><\/li>\n<li><b>16 Gr\u00fcn\/Green\u00a0 (DNCH0020)<\/b><\/li>\n<li><b>17 Hautfarbe\/Skin\u00a0 (DNCH0023)<\/b><\/li>\n<li><b>18 Waldgr\u00fcn\/Forest Green\u00a0 (DNCH0024)<\/b><\/li>\n<li><b>19 Hellgrau\/Light Grey (DNCH0008)<\/b><\/li>\n<li><b>20 Ziegelrot\/Brick Red (DNCH0016)<\/b><\/li>\n<\/ul>\n<p><strong>F\u00fcr dieses Musterset fallen keine Versandkosten an.<\/strong><\/p>\n","protected":false},"excerpt":{"rendered":"<p>Mustersatz Chikara | Alle 20 Farben | 50 cm\u00b2 pro Farbe<\/p>\n","protected":false},"featured_media":13431,"comment_status":"closed","ping_status":"closed","template":"","meta":{"_acf_changed":false},"product_brand":[],"product_cat":[2153,1385,2154,1348],"product_tag":[],"class_list":{"0":"post-22146","1":"product","2":"type-product","3":"status-publish","4":"has-post-thumbnail","6":"product_cat-chikara","7":"product_cat-drachen-zubehor","8":"product_cat-drachentuch","9":"product_cat-marken","10":"product_shipping_class-proben-set","12":"first","13":"instock","14":"taxable","15":"shipping-taxable","16":"purchasable","17":"product-type-simple"},"acf":[],"_links":{"self":[{"href":"https:\/\/www.wepaflyer.com\/de\/wp-json\/wp\/v2\/product\/22146","targetHints":{"allow":["GET"]}}],"collection":[{"href":"https:\/\/www.wepaflyer.com\/de\/wp-json\/wp\/v2\/product"}],"about":[{"href":"https:\/\/www.wepaflyer.com\/de\/wp-json\/wp\/v2\/types\/product"}],"replies":[{"embeddable":true,"href":"https:\/\/www.wepaflyer.com\/de\/wp-json\/wp\/v2\/comments?post=22146"}],"wp:featuredmedia":[{"embeddable":true,"href":"https:\/\/www.wepaflyer.com\/de\/wp-json\/wp\/v2\/media\/13431"}],"wp:attachment":[{"href":"https:\/\/www.wepaflyer.com\/de\/wp-json\/wp\/v2\/media?parent=22146"}],"wp:term":[{"taxonomy":"product_brand","embeddable":true,"href":"https:\/\/www.wepaflyer.com\/de\/wp-json\/wp\/v2\/product_brand?post=22146"},{"taxonomy":"product_cat","embeddable":true,"href":"https:\/\/www.wepaflyer.com\/de\/wp-json\/wp\/v2\/product_cat?post=22146"},{"taxonomy":"product_tag","embeddable":true,"href":"https:\/\/www.wepaflyer.com\/de\/wp-json\/wp\/v2\/product_tag?post=22146"}],"curies":[{"name":"wp","href":"https:\/\/api.w.org\/{rel}","templated":true}]}}