{"id":22144,"date":"2023-12-28T11:58:29","date_gmt":"2023-12-28T10:58:29","guid":{"rendered":"https:\/\/www.wepaflyer.com\/?post_type=product&#038;p=22144"},"modified":"2024-11-22T13:05:48","modified_gmt":"2024-11-22T12:05:48","slug":"wus-expression-nr-2","status":"publish","type":"product","link":"https:\/\/www.wepaflyer.com\/de\/produkt\/wus-expression-nr-2\/","title":{"rendered":"WuS eXpression Nr.2"},"content":{"rendered":"<h3>WUS-AUSDRUCK Nr. 2 REGENBOGEN<\/h3>\n<h5>138 x 123 cm. | Breitschwanzdelta<\/h5>\n<p>Der eXpression No.2 wird auch Breitschwanz-Drachenflieger genannt, nat\u00fcrlich wegen seines breiten, stabilisierenden Hecks. Durch das breite Heck fliegt dieser 1-Leiner-Drachen \u00e4u\u00dferst stabil und auch bei sehr wenig Wind.<\/p>\n<p>Besonders gut geeignet f\u00fcr die j\u00fcngsten Drachenflieger ab 8 Jahren, mit etwas Geschick k\u00f6nnen sie diesen Drachen schnell ganz alleine starten, fliegen lassen und wieder einholen. Erfolg garantiert!<\/p>\n<p>Hergestellt aus stabilem Spinnakertuch in der abgebildeten Farbkombination. Fiberglasrahmen.<\/p>\n<p>Der Drachen wird R2F (Ready-to-Fly) mit Drachenleine auf der Rolle geliefert. Anweisungen im Paket enthalten. Verpackt in transparenter PVC-H\u00fclle.<\/p>\n","protected":false},"excerpt":{"rendered":"<p>138 x 123 cm. | Flugbereit f\u00fcr Broadtail Delta<\/p>\n","protected":false},"featured_media":13424,"comment_status":"closed","ping_status":"closed","template":"","meta":{"_acf_changed":false},"product_brand":[],"product_cat":[1396,2184,2152],"product_tag":[],"class_list":{"0":"post-22144","1":"product","2":"type-product","3":"status-publish","4":"has-post-thumbnail","6":"product_cat-drachen","7":"product_cat-kinderdrachen","8":"product_cat-wepa-ultra-sports","9":"pa_breedte-cm-123-de","10":"pa_lengte-cm-138-de","12":"first","13":"instock","14":"taxable","15":"shipping-taxable","16":"purchasable","17":"product-type-simple"},"acf":[],"_links":{"self":[{"href":"https:\/\/www.wepaflyer.com\/de\/wp-json\/wp\/v2\/product\/22144","targetHints":{"allow":["GET"]}}],"collection":[{"href":"https:\/\/www.wepaflyer.com\/de\/wp-json\/wp\/v2\/product"}],"about":[{"href":"https:\/\/www.wepaflyer.com\/de\/wp-json\/wp\/v2\/types\/product"}],"replies":[{"embeddable":true,"href":"https:\/\/www.wepaflyer.com\/de\/wp-json\/wp\/v2\/comments?post=22144"}],"wp:featuredmedia":[{"embeddable":true,"href":"https:\/\/www.wepaflyer.com\/de\/wp-json\/wp\/v2\/media\/13424"}],"wp:attachment":[{"href":"https:\/\/www.wepaflyer.com\/de\/wp-json\/wp\/v2\/media?parent=22144"}],"wp:term":[{"taxonomy":"product_brand","embeddable":true,"href":"https:\/\/www.wepaflyer.com\/de\/wp-json\/wp\/v2\/product_brand?post=22144"},{"taxonomy":"product_cat","embeddable":true,"href":"https:\/\/www.wepaflyer.com\/de\/wp-json\/wp\/v2\/product_cat?post=22144"},{"taxonomy":"product_tag","embeddable":true,"href":"https:\/\/www.wepaflyer.com\/de\/wp-json\/wp\/v2\/product_tag?post=22144"}],"curies":[{"name":"wp","href":"https:\/\/api.w.org\/{rel}","templated":true}]}}