{"id":22143,"date":"2023-12-28T11:58:29","date_gmt":"2023-12-28T10:58:29","guid":{"rendered":"https:\/\/www.wepaflyer.com\/?post_type=product&#038;p=22143"},"modified":"2026-05-02T17:41:36","modified_gmt":"2026-05-02T15:41:36","slug":"wus-expression-no-1","status":"publish","type":"product","link":"https:\/\/www.wepaflyer.com\/de\/produkt\/wus-expression-no-1\/","title":{"rendered":"WuS eXpression No.1"},"content":{"rendered":"<h3>WUS-AUSDRUCK Nr. 1 REGENBOGEN<\/h3>\n<h5>122 x 64 cm.<\/h5>\n<p>Der eXpression No.1 wird auch Breitschwanz-Drachenflieger genannt, nat\u00fcrlich wegen seines breiten, stabilisierenden Hecks. Durch das breite Heck fliegt dieser 1-Leiner-Drachen \u00e4u\u00dferst stabil und auch bei sehr wenig Wind.<\/p>\n<p>Besonders gut geeignet f\u00fcr die j\u00fcngsten Drachenflieger ab 5 Jahren, mit etwas Geschick k\u00f6nnen sie diesen Drachen schnell ganz alleine starten, fliegen lassen und wieder einholen. Erfolg garantiert! Hergestellt aus stabilem Spinnakertuch in der Farbkombination wie abgebildet. Fiberglasrahmen.<\/p>\n<p>Der Drachen wird R2F (Ready-to-Fly) mit Drachenleine auf der Rolle geliefert. Anweisungen im Paket enthalten. Verpackt in transparenter PVC-H\u00fclle.<\/p>\n","protected":false},"excerpt":{"rendered":"<p>122 x 64 cm. Bereit zum Fliegen<\/p>\n","protected":false},"featured_media":13419,"comment_status":"closed","ping_status":"closed","template":"","meta":{"_acf_changed":false},"product_brand":[],"product_cat":[1396,2184,2152],"product_tag":[],"class_list":{"0":"post-22143","1":"product","2":"type-product","3":"status-publish","4":"has-post-thumbnail","6":"product_cat-drachen","7":"product_cat-kinderdrachen","8":"product_cat-wepa-ultra-sports","9":"pa_breedte-cm-64-de","10":"pa_lengte-cm-122-de","12":"first","13":"instock","14":"taxable","15":"shipping-taxable","16":"purchasable","17":"product-type-simple"},"acf":[],"_links":{"self":[{"href":"https:\/\/www.wepaflyer.com\/de\/wp-json\/wp\/v2\/product\/22143","targetHints":{"allow":["GET"]}}],"collection":[{"href":"https:\/\/www.wepaflyer.com\/de\/wp-json\/wp\/v2\/product"}],"about":[{"href":"https:\/\/www.wepaflyer.com\/de\/wp-json\/wp\/v2\/types\/product"}],"replies":[{"embeddable":true,"href":"https:\/\/www.wepaflyer.com\/de\/wp-json\/wp\/v2\/comments?post=22143"}],"wp:featuredmedia":[{"embeddable":true,"href":"https:\/\/www.wepaflyer.com\/de\/wp-json\/wp\/v2\/media\/13419"}],"wp:attachment":[{"href":"https:\/\/www.wepaflyer.com\/de\/wp-json\/wp\/v2\/media?parent=22143"}],"wp:term":[{"taxonomy":"product_brand","embeddable":true,"href":"https:\/\/www.wepaflyer.com\/de\/wp-json\/wp\/v2\/product_brand?post=22143"},{"taxonomy":"product_cat","embeddable":true,"href":"https:\/\/www.wepaflyer.com\/de\/wp-json\/wp\/v2\/product_cat?post=22143"},{"taxonomy":"product_tag","embeddable":true,"href":"https:\/\/www.wepaflyer.com\/de\/wp-json\/wp\/v2\/product_tag?post=22143"}],"curies":[{"name":"wp","href":"https:\/\/api.w.org\/{rel}","templated":true}]}}