{"id":22140,"date":"2023-12-28T11:58:29","date_gmt":"2023-12-28T10:58:29","guid":{"rendered":"https:\/\/www.wepaflyer.com\/?post_type=product&#038;p=22140"},"modified":"2026-01-25T13:03:34","modified_gmt":"2026-01-25T12:03:34","slug":"wus-windkraftanlage-rainbow-30","status":"publish","type":"product","link":"https:\/\/www.wepaflyer.com\/de\/produkt\/wus-windkraftanlage-rainbow-30\/","title":{"rendered":"WuS Windturbine Rainbow 30"},"content":{"rendered":"<h3>Wepa Windturbine Regenbogen 30<\/h3>\n<h4>\u00f8 8 x 30 cm | 4-farbig<\/h4>\n<p>Kleinste Windturbine. 4 Farbbahnen. Bei der Windturbine Rainbow werden alle 6 Regenbogenfarben verwendet, sodass jede beliebige Regenbogenfarbkombination m\u00f6glich ist. Da wir diese kleinen Windturbinen gr\u00f6\u00dftenteils aus Stoffresten herstellen, sind sie \u00e4u\u00dferst preisg\u00fcnstig!<\/p>\n<p>Hergestellt aus strapazierf\u00e4higem Spinnaker-Gewebe. Inklusive Wirbelkarabiner.<\/p>\n","protected":false},"excerpt":{"rendered":"<p>\u00f8 8 x 30 cm | 4-farbig<\/p>\n","protected":false},"featured_media":13416,"comment_status":"closed","ping_status":"closed","template":"","meta":{"_acf_changed":false},"product_brand":[],"product_cat":[1348,1384,2165,1403,2188],"product_tag":[],"class_list":{"0":"post-22140","1":"product","2":"type-product","3":"status-publish","4":"has-post-thumbnail","6":"product_cat-marken","7":"product_cat-sale","8":"product_cat-wepa","9":"product_cat-windspiele","10":"product_cat-windspiele-garten","11":"pa_lengte-cm-30-de","13":"first","14":"instock","15":"sale","16":"taxable","17":"shipping-taxable","18":"purchasable","19":"product-type-simple"},"acf":[],"_links":{"self":[{"href":"https:\/\/www.wepaflyer.com\/de\/wp-json\/wp\/v2\/product\/22140","targetHints":{"allow":["GET"]}}],"collection":[{"href":"https:\/\/www.wepaflyer.com\/de\/wp-json\/wp\/v2\/product"}],"about":[{"href":"https:\/\/www.wepaflyer.com\/de\/wp-json\/wp\/v2\/types\/product"}],"replies":[{"embeddable":true,"href":"https:\/\/www.wepaflyer.com\/de\/wp-json\/wp\/v2\/comments?post=22140"}],"wp:featuredmedia":[{"embeddable":true,"href":"https:\/\/www.wepaflyer.com\/de\/wp-json\/wp\/v2\/media\/13416"}],"wp:attachment":[{"href":"https:\/\/www.wepaflyer.com\/de\/wp-json\/wp\/v2\/media?parent=22140"}],"wp:term":[{"taxonomy":"product_brand","embeddable":true,"href":"https:\/\/www.wepaflyer.com\/de\/wp-json\/wp\/v2\/product_brand?post=22140"},{"taxonomy":"product_cat","embeddable":true,"href":"https:\/\/www.wepaflyer.com\/de\/wp-json\/wp\/v2\/product_cat?post=22140"},{"taxonomy":"product_tag","embeddable":true,"href":"https:\/\/www.wepaflyer.com\/de\/wp-json\/wp\/v2\/product_tag?post=22140"}],"curies":[{"name":"wp","href":"https:\/\/api.w.org\/{rel}","templated":true}]}}