{"id":22138,"date":"2023-12-28T11:58:29","date_gmt":"2023-12-28T10:58:29","guid":{"rendered":"https:\/\/www.wepaflyer.com\/?post_type=product&#038;p=22138"},"modified":"2026-05-04T12:34:12","modified_gmt":"2026-05-04T10:34:12","slug":"wus-windkraftanlage-rainbow-110","status":"publish","type":"product","link":"https:\/\/www.wepaflyer.com\/de\/produkt\/wus-windkraftanlage-rainbow-110\/","title":{"rendered":"WuS WindTurbine Rainbow 110"},"content":{"rendered":"<h3>Wepa Windturbine Regenbogen 110<\/h3>\n<h4>\u00f8 20 x 110 cm. | 6-farbig<\/h4>\n<p>Gr\u00f6\u00dfere Windturbine. 6 Farbbahnen. Die Windturbine Rainbow 110 nutzt ausschlie\u00dflich die 6 Prim\u00e4rfarben des Regenbogens: Rot, Orange, Gelb, Gr\u00fcn, Blau und Violett \u2013 immer in dieser Reihenfolge, genau wie in einem echten Regenbogen.<\/p>\n<p>Hergestellt aus strapazierf\u00e4higem Spinnaker-Gewebe. Inklusive Wirbelkarabiner.<\/p>\n","protected":false},"excerpt":{"rendered":"<p>\u00f8 20 x 110 cm. | 6-farbig<\/p>\n","protected":false},"featured_media":13414,"comment_status":"closed","ping_status":"closed","template":"","meta":{"_acf_changed":false},"product_brand":[],"product_cat":[1348,1384,2165,1403,2188],"product_tag":[3634],"class_list":{"0":"post-22138","1":"product","2":"type-product","3":"status-publish","4":"has-post-thumbnail","6":"product_cat-marken","7":"product_cat-sale","8":"product_cat-wepa","9":"product_cat-windspiele","10":"product_cat-windspiele-garten","11":"product_tag-windspelen","12":"pa_lengte-cm-110-de","14":"first","15":"instock","16":"sale","17":"taxable","18":"shipping-taxable","19":"purchasable","20":"product-type-simple"},"acf":[],"_links":{"self":[{"href":"https:\/\/www.wepaflyer.com\/de\/wp-json\/wp\/v2\/product\/22138","targetHints":{"allow":["GET"]}}],"collection":[{"href":"https:\/\/www.wepaflyer.com\/de\/wp-json\/wp\/v2\/product"}],"about":[{"href":"https:\/\/www.wepaflyer.com\/de\/wp-json\/wp\/v2\/types\/product"}],"replies":[{"embeddable":true,"href":"https:\/\/www.wepaflyer.com\/de\/wp-json\/wp\/v2\/comments?post=22138"}],"wp:featuredmedia":[{"embeddable":true,"href":"https:\/\/www.wepaflyer.com\/de\/wp-json\/wp\/v2\/media\/13414"}],"wp:attachment":[{"href":"https:\/\/www.wepaflyer.com\/de\/wp-json\/wp\/v2\/media?parent=22138"}],"wp:term":[{"taxonomy":"product_brand","embeddable":true,"href":"https:\/\/www.wepaflyer.com\/de\/wp-json\/wp\/v2\/product_brand?post=22138"},{"taxonomy":"product_cat","embeddable":true,"href":"https:\/\/www.wepaflyer.com\/de\/wp-json\/wp\/v2\/product_cat?post=22138"},{"taxonomy":"product_tag","embeddable":true,"href":"https:\/\/www.wepaflyer.com\/de\/wp-json\/wp\/v2\/product_tag?post=22138"}],"curies":[{"name":"wp","href":"https:\/\/api.w.org\/{rel}","templated":true}]}}