{"id":22135,"date":"2023-12-28T11:58:29","date_gmt":"2023-12-28T10:58:29","guid":{"rendered":"https:\/\/www.wepaflyer.com\/?post_type=product&#038;p=22135"},"modified":"2024-11-22T13:05:46","modified_gmt":"2024-11-22T12:05:46","slug":"wus-willy-wepa","status":"publish","type":"product","link":"https:\/\/www.wepaflyer.com\/de\/produkt\/wus-willy-wepa\/","title":{"rendered":"WuS Willy Wepa"},"content":{"rendered":"<h3>WUS EDDY-KITE \u201eWILLY WEPA\u201c<\/h3>\n<h5>52 x 49 cm.<\/h5>\n<p>Lustiger 1-Leiner-Drachen mit appliziertem Gesicht (Ann\u00e4hteile). Fliegt bei wenig Wind und ist f\u00fcr Jung und Alt geeignet. Auch die j\u00fcngsten Drachenflieger finden dieses Modell sehr sch\u00f6n zum Aufh\u00e4ngen im Schlafzimmer. <\/p>\n<p>Der Drachen wird R2F (Ready-to-Fly) mit einer Rolle Drachengarn, einem Schwanz und einer Anleitung geliefert. Der \u201eWilly Wepa\u201c besteht aus stabilem Spinnakertuch und ist in vielen Farben erh\u00e4ltlich und auch die Einsatzteile sind jeweils farblich unterschiedlich. Einzeln verpackt in einer PE-H\u00fclle.<\/p>\n","protected":false},"excerpt":{"rendered":"<p>52 x 49 cm. Bereit zum Fliegen<\/p>\n","protected":false},"featured_media":13404,"comment_status":"closed","ping_status":"closed","template":"","meta":{"_acf_changed":false},"product_brand":[],"product_cat":[1396,2184,2165,2152],"product_tag":[],"class_list":{"0":"post-22135","1":"product","2":"type-product","3":"status-publish","4":"has-post-thumbnail","6":"product_cat-drachen","7":"product_cat-kinderdrachen","8":"product_cat-wepa","9":"product_cat-wepa-ultra-sports","10":"pa_breedte-cm-49-de","11":"pa_lengte-cm-52-de","13":"first","14":"instock","15":"taxable","16":"shipping-taxable","17":"purchasable","18":"product-type-simple"},"acf":[],"_links":{"self":[{"href":"https:\/\/www.wepaflyer.com\/de\/wp-json\/wp\/v2\/product\/22135","targetHints":{"allow":["GET"]}}],"collection":[{"href":"https:\/\/www.wepaflyer.com\/de\/wp-json\/wp\/v2\/product"}],"about":[{"href":"https:\/\/www.wepaflyer.com\/de\/wp-json\/wp\/v2\/types\/product"}],"replies":[{"embeddable":true,"href":"https:\/\/www.wepaflyer.com\/de\/wp-json\/wp\/v2\/comments?post=22135"}],"wp:featuredmedia":[{"embeddable":true,"href":"https:\/\/www.wepaflyer.com\/de\/wp-json\/wp\/v2\/media\/13404"}],"wp:attachment":[{"href":"https:\/\/www.wepaflyer.com\/de\/wp-json\/wp\/v2\/media?parent=22135"}],"wp:term":[{"taxonomy":"product_brand","embeddable":true,"href":"https:\/\/www.wepaflyer.com\/de\/wp-json\/wp\/v2\/product_brand?post=22135"},{"taxonomy":"product_cat","embeddable":true,"href":"https:\/\/www.wepaflyer.com\/de\/wp-json\/wp\/v2\/product_cat?post=22135"},{"taxonomy":"product_tag","embeddable":true,"href":"https:\/\/www.wepaflyer.com\/de\/wp-json\/wp\/v2\/product_tag?post=22135"}],"curies":[{"name":"wp","href":"https:\/\/api.w.org\/{rel}","templated":true}]}}