{"id":22133,"date":"2023-12-28T11:58:29","date_gmt":"2023-12-28T10:58:29","guid":{"rendered":"https:\/\/www.wepaflyer.com\/?post_type=product&#038;p=22133"},"modified":"2026-05-04T12:38:11","modified_gmt":"2026-05-04T10:38:11","slug":"wus-ultra-spule-200","status":"publish","type":"product","link":"https:\/\/www.wepaflyer.com\/de\/produkt\/wus-ultra-spule-200\/","title":{"rendered":"WuS Ultra Spule 200"},"content":{"rendered":"<h3>WUS ULTRA SPOOL 200<\/h3>\n<h3><\/h3>\n<h5>10 verschiedene Farben \u00f8 20cm<\/h5>\n<p>Ein stabiler und gro\u00dfer Drachenring f\u00fcr dickeres Garn oder f\u00fcr extra lange L\u00e4ngen.<\/ h3><\/p>\n<h3><\/h3>\n<h5> p><\/p>\n<p>Seit Jahren sehr gefragt bei Drachenbastlern, die ihren 1-Leiner sehr hoch in die Luft steigen lassen wollen und k\u00f6nnen Bewahren Sie das Garn auf einer Spule auf.<\/p>\n<p>Erh\u00e4ltlich in 10 verschiedenen Farben wie abgebildet.<\/p>\n<p><b>Schwarz-Wei\u00df-Rot-Orange-Gelb-Gr\u00fcn-Dunkelblau-Cyanblau- anthrazit-rosa.<\/b><\/p>\n<p>Aus extra stabilem PE-Material. Durchmesser 20 cm.<\/p>\n<p>Dieser Drachenring wurde speziell f\u00fcr den Fall entwickelt, dass Sie viel Garn auf nur 1 Spule unterbringen m\u00f6chten.<\/p>\n<p><b>Mengenrabatte<\/ b>; Beim Kauf gr\u00f6\u00dferer Mengen gew\u00e4hren wir folgende Mengenrabatte:<\/p>\n<\/p>\n<ul>\n<li><b>ab 36 St\u00fcck: 5%<\/b><\/li>\n<p>< li ><b>ab 72 St\u00fcck: 10 %<\/b><\/li>\n<li><b>ab 144 St\u00fcck: 15 %<\/b><\/li>\n<li><b>ab 288 St\u00fcck: 20 % <\/b><\/li>\n<\/ul>\n<p>Der Mengenrabatt wird direkt im Warenkorb abgezogen.<\/p>\n<p><b>Hinweis!<\/b> : Wenn die Bestellung mengenrabattf\u00e4hig ist und Sie verschiedene Farben kombinieren, geben Sie die Bestellung bitte wie folgt ein: <br \/>Geben Sie im Warenkorb eine zuf\u00e4llige Farbe mit der Gesamtst\u00fcckzahl an. Beispiel: Sie bestellen 288 St\u00fcck in Wei\u00df. Der Mengenrabatt von 20 % wird sofort abgezogen. Bitte geben Sie im Bestellformular im Feld <b>\u201eBemerkungen\u201c<\/b> die gew\u00fcnschten Farben an, z. B. 4 x 72 St\u00fcck in Wei\u00df, Schwarz, Rot und Dunkelblau.<\/p>\n<p>< b><i>Auf diese Weise erhalten Sie den Mengenrabatt UND die richtigen Farben!<\/i><\/b><\/p>\n","protected":false},"excerpt":{"rendered":"<p>10 verschiedene Farben \u00f8 20cm<\/p>\n","protected":false},"featured_media":13390,"comment_status":"closed","ping_status":"closed","template":"","meta":{"_acf_changed":false},"product_brand":[],"product_cat":[1385,2710,2152],"product_tag":[3637],"class_list":{"0":"post-22133","1":"product","2":"type-product","3":"status-publish","4":"has-post-thumbnail","6":"product_cat-drachen-zubehor","7":"product_cat-drachenringe","8":"product_cat-wepa-ultra-sports","9":"product_tag-accessoires","11":"first","12":"instock","13":"taxable","14":"shipping-taxable","15":"purchasable","16":"product-type-simple"},"acf":[],"_links":{"self":[{"href":"https:\/\/www.wepaflyer.com\/de\/wp-json\/wp\/v2\/product\/22133","targetHints":{"allow":["GET"]}}],"collection":[{"href":"https:\/\/www.wepaflyer.com\/de\/wp-json\/wp\/v2\/product"}],"about":[{"href":"https:\/\/www.wepaflyer.com\/de\/wp-json\/wp\/v2\/types\/product"}],"replies":[{"embeddable":true,"href":"https:\/\/www.wepaflyer.com\/de\/wp-json\/wp\/v2\/comments?post=22133"}],"wp:featuredmedia":[{"embeddable":true,"href":"https:\/\/www.wepaflyer.com\/de\/wp-json\/wp\/v2\/media\/13390"}],"wp:attachment":[{"href":"https:\/\/www.wepaflyer.com\/de\/wp-json\/wp\/v2\/media?parent=22133"}],"wp:term":[{"taxonomy":"product_brand","embeddable":true,"href":"https:\/\/www.wepaflyer.com\/de\/wp-json\/wp\/v2\/product_brand?post=22133"},{"taxonomy":"product_cat","embeddable":true,"href":"https:\/\/www.wepaflyer.com\/de\/wp-json\/wp\/v2\/product_cat?post=22133"},{"taxonomy":"product_tag","embeddable":true,"href":"https:\/\/www.wepaflyer.com\/de\/wp-json\/wp\/v2\/product_tag?post=22133"}],"curies":[{"name":"wp","href":"https:\/\/api.w.org\/{rel}","templated":true}]}}