{"id":22131,"date":"2023-12-28T11:58:29","date_gmt":"2023-12-28T10:58:29","guid":{"rendered":"https:\/\/www.wepaflyer.com\/?post_type=product&#038;p=22131"},"modified":"2026-05-04T15:52:04","modified_gmt":"2026-05-04T13:52:04","slug":"wus-kids-stunter-microracer","status":"publish","type":"product","link":"https:\/\/www.wepaflyer.com\/de\/produkt\/wus-kids-stunter-microracer\/","title":{"rendered":"Micro Racer by Wepa"},"content":{"rendered":"<h3 id=\"tw-target-text\" class=\"tw-data-text tw-text-large tw-ta\" dir=\"ltr\" data-placeholder=\"Vertaling\" aria-label=\"Vertaalde tekst: MICRO RACER UNI\/MULTI | Klassiker von Wepa\nLenkdrachen f\u00fcr Anf\u00e4nger | 71 x 69 cm. | R2F | Unzerst\u00f6rbar\n\nKlassischer Lenkdrachen in Diamantform. Kleiner Bruder des Acro Racer.\nUnzerst\u00f6rbar und grundsolide.\nDer klassischste aller klassischen Lenkdrachen.\nGeeignet f\u00fcr Jung und Alt, jeder von 5 bis 95 Jahren kann es verwenden und sich sofort wie ein Meisterpilot f\u00fchlen.\nBen\u00f6tigt etwas mehr Wind als der Acro Racer, um optimale Leistung zu erzielen.\nGeben Sie einem Kind als ersten Stuntpiloten einen Micro Racer und Sie werden es einige Stunden lang nicht wiedersehen \u2026\n\nDer Micro Racer zeigt auch bei starkem Wind eine gute Leistung und ist bei Sturm in seinem Element. Durch das mitgelieferte lange Tube-Tail fliegt der Micro Racer sehr stabil. Aus starkem Spinnakertuch in vielen Farbkombinationen.\n\nBeim Micro Racer hast Du die Wahl zwischen der 1-farbigen UNI Variante oder der 2-farbigen BICOLOR. Bitte geben Sie im Bestellformular im Feld \u201eBestellhinweise\u201c an, welche Version Sie w\u00fcnschen, wir versuchen dies zu ber\u00fccksichtigen.\n\nFiberglasrahmen in 4 mm.\n\nDer Drachen wird R2F (Ready-to-Fly) mit passenden Steuerleinen auf 2 Ringrollen und 8 Meter langem Tube-Tail geliefert. Anweisungen enthalten. Verpackt in PE-H\u00fclle.\" data-ved=\"2ahUKEwii6M781KWNAxUz2wIHHTSXDH0Q3ewLegQICRAV\"><span class=\"Y2IQFc\" lang=\"de\">MICRO RACER UNI\/MULTI | Klassiker von Wepa <\/span><\/h3>\n<h5 class=\"tw-data-text tw-text-large tw-ta\" dir=\"ltr\" data-placeholder=\"Vertaling\" aria-label=\"Vertaalde tekst: MICRO RACER UNI\/MULTI | Klassiker von Wepa\nLenkdrachen f\u00fcr Anf\u00e4nger | 71 x 69 cm. | R2F | Unzerst\u00f6rbar\n\nKlassischer Lenkdrachen in Diamantform. Kleiner Bruder des Acro Racer.\nUnzerst\u00f6rbar und grundsolide.\nDer klassischste aller klassischen Lenkdrachen.\nGeeignet f\u00fcr Jung und Alt, jeder von 5 bis 95 Jahren kann es verwenden und sich sofort wie ein Meisterpilot f\u00fchlen.\nBen\u00f6tigt etwas mehr Wind als der Acro Racer, um optimale Leistung zu erzielen.\nGeben Sie einem Kind als ersten Stuntpiloten einen Micro Racer und Sie werden es einige Stunden lang nicht wiedersehen \u2026\n\nDer Micro Racer zeigt auch bei starkem Wind eine gute Leistung und ist bei Sturm in seinem Element. Durch das mitgelieferte lange Tube-Tail fliegt der Micro Racer sehr stabil. Aus starkem Spinnakertuch in vielen Farbkombinationen.\n\nBeim Micro Racer hast Du die Wahl zwischen der 1-farbigen UNI Variante oder der 2-farbigen BICOLOR. Bitte geben Sie im Bestellformular im Feld \u201eBestellhinweise\u201c an, welche Version Sie w\u00fcnschen, wir versuchen dies zu ber\u00fccksichtigen.\n\nFiberglasrahmen in 4 mm.\n\nDer Drachen wird R2F (Ready-to-Fly) mit passenden Steuerleinen auf 2 Ringrollen und 8 Meter langem Tube-Tail geliefert. Anweisungen enthalten. Verpackt in PE-H\u00fclle.\" data-ved=\"2ahUKEwii6M781KWNAxUz2wIHHTSXDH0Q3ewLegQICRAV\"><span class=\"Y2IQFc\" lang=\"de\">Lenkdrachen f\u00fcr Anf\u00e4nger | 71 x 69 cm. | R2F | Unzerst\u00f6rbar <\/span><\/h5>\n<p class=\"tw-data-text tw-text-large tw-ta\" dir=\"ltr\" data-placeholder=\"Vertaling\" aria-label=\"Vertaalde tekst: MICRO RACER UNI\/MULTI | Klassiker von Wepa\nLenkdrachen f\u00fcr Anf\u00e4nger | 71 x 69 cm. | R2F | Unzerst\u00f6rbar\n\nKlassischer Lenkdrachen in Diamantform. Kleiner Bruder des Acro Racer.\nUnzerst\u00f6rbar und grundsolide.\nDer klassischste aller klassischen Lenkdrachen.\nGeeignet f\u00fcr Jung und Alt, jeder von 5 bis 95 Jahren kann es verwenden und sich sofort wie ein Meisterpilot f\u00fchlen.\nBen\u00f6tigt etwas mehr Wind als der Acro Racer, um optimale Leistung zu erzielen.\nGeben Sie einem Kind als ersten Stuntpiloten einen Micro Racer und Sie werden es einige Stunden lang nicht wiedersehen \u2026\n\nDer Micro Racer zeigt auch bei starkem Wind eine gute Leistung und ist bei Sturm in seinem Element. Durch das mitgelieferte lange Tube-Tail fliegt der Micro Racer sehr stabil. Aus starkem Spinnakertuch in vielen Farbkombinationen.\n\nBeim Micro Racer hast Du die Wahl zwischen der 1-farbigen UNI Variante oder der 2-farbigen BICOLOR. Bitte geben Sie im Bestellformular im Feld \u201eBestellhinweise\u201c an, welche Version Sie w\u00fcnschen, wir versuchen dies zu ber\u00fccksichtigen.\n\nFiberglasrahmen in 4 mm.\n\nDer Drachen wird R2F (Ready-to-Fly) mit passenden Steuerleinen auf 2 Ringrollen und 8 Meter langem Tube-Tail geliefert. Anweisungen enthalten. Verpackt in PE-H\u00fclle.\" data-ved=\"2ahUKEwii6M781KWNAxUz2wIHHTSXDH0Q3ewLegQICRAV\"><span class=\"Y2IQFc\" lang=\"de\">Klassischer Lenkdrachen in Diamantform.<br \/>\nKleiner Bruder des Acro Racer.<br \/>\nUnzerst\u00f6rbar und grundsolide.<br \/>\nDer klassischste aller klassischen Lenkdrachen.<br \/>\nGeeignet f\u00fcr Jung und Alt, jeder von 5 bis 95 Jahren kann damit fliegen und sich sofort wie ein Meisterpilot f\u00fchlen.<br \/>\nBen\u00f6tigt etwas mehr Wind als der Acro Racer, um optimale Leistung zu erzielen.<br \/>\nGeben Sie einem Kind als ersten Lenkdrachen einen Micro Racer und Sie werden es einige Stunden lang nicht wiedersehen\u2026<\/p>\n<p>Der Micro Racer zeigt auch bei starkem Wind eine gute Leistung, aber ist bei Sturm in seinem Element. Durch den mitgelieferten langen Schlauchschwanz fliegt der Micro Racer sehr stabil.\u00a0<\/span><span class=\"Y2IQFc\" lang=\"de\">Aus starkem Spinnakertuch in vielen Farbkombinationen.<\/span><\/p>\n<p class=\"tw-data-text tw-text-large tw-ta\" dir=\"ltr\" data-placeholder=\"Vertaling\" aria-label=\"Vertaalde tekst: MICRO RACER UNI\/MULTI | Klassiker von Wepa\nLenkdrachen f\u00fcr Anf\u00e4nger | 71 x 69 cm. | R2F | Unzerst\u00f6rbar\n\nKlassischer Lenkdrachen in Diamantform. Kleiner Bruder des Acro Racer.\nUnzerst\u00f6rbar und grundsolide.\nDer klassischste aller klassischen Lenkdrachen.\nGeeignet f\u00fcr Jung und Alt, jeder von 5 bis 95 Jahren kann es verwenden und sich sofort wie ein Meisterpilot f\u00fchlen.\nBen\u00f6tigt etwas mehr Wind als der Acro Racer, um optimale Leistung zu erzielen.\nGeben Sie einem Kind als ersten Stuntpiloten einen Micro Racer und Sie werden es einige Stunden lang nicht wiedersehen \u2026\n\nDer Micro Racer zeigt auch bei starkem Wind eine gute Leistung und ist bei Sturm in seinem Element. Durch das mitgelieferte lange Tube-Tail fliegt der Micro Racer sehr stabil. Aus starkem Spinnakertuch in vielen Farbkombinationen.\n\nBeim Micro Racer hast Du die Wahl zwischen der 1-farbigen UNI Variante oder der 2-farbigen BICOLOR. Bitte geben Sie im Bestellformular im Feld \u201eBestellhinweise\u201c an, welche Version Sie w\u00fcnschen, wir versuchen dies zu ber\u00fccksichtigen.\n\nFiberglasrahmen in 4 mm.\n\nDer Drachen wird R2F (Ready-to-Fly) mit passenden Steuerleinen auf 2 Ringrollen und 8 Meter langem Tube-Tail geliefert. Anweisungen enthalten. Verpackt in PE-H\u00fclle.\" data-ved=\"2ahUKEwii6M781KWNAxUz2wIHHTSXDH0Q3ewLegQICRAV\"><strong><span class=\"Y2IQFc\" lang=\"de\">Beim Micro Racer hast Du die Wahl zwischen der 1-farbigen UNI Variante oder der 2-farbigen BICOLOR. Bitte geben Sie im Bestellformular im Feld \u201eBestellnotizen\u201c an, welche Version Sie w\u00fcnschen, wir versuchen dies zu ber\u00fccksichtigen. <\/span><\/strong><\/p>\n<p class=\"tw-data-text tw-text-large tw-ta\" dir=\"ltr\" data-placeholder=\"Vertaling\" aria-label=\"Vertaalde tekst: MICRO RACER UNI\/MULTI | Klassiker von Wepa\nLenkdrachen f\u00fcr Anf\u00e4nger | 71 x 69 cm. | R2F | Unzerst\u00f6rbar\n\nKlassischer Lenkdrachen in Diamantform. Kleiner Bruder des Acro Racer.\nUnzerst\u00f6rbar und grundsolide.\nDer klassischste aller klassischen Lenkdrachen.\nGeeignet f\u00fcr Jung und Alt, jeder von 5 bis 95 Jahren kann es verwenden und sich sofort wie ein Meisterpilot f\u00fchlen.\nBen\u00f6tigt etwas mehr Wind als der Acro Racer, um optimale Leistung zu erzielen.\nGeben Sie einem Kind als ersten Stuntpiloten einen Micro Racer und Sie werden es einige Stunden lang nicht wiedersehen \u2026\n\nDer Micro Racer zeigt auch bei starkem Wind eine gute Leistung und ist bei Sturm in seinem Element. Durch das mitgelieferte lange Tube-Tail fliegt der Micro Racer sehr stabil. Aus starkem Spinnakertuch in vielen Farbkombinationen.\n\nBeim Micro Racer hast Du die Wahl zwischen der 1-farbigen UNI Variante oder der 2-farbigen BICOLOR. Bitte geben Sie im Bestellformular im Feld \u201eBestellhinweise\u201c an, welche Version Sie w\u00fcnschen, wir versuchen dies zu ber\u00fccksichtigen.\n\nFiberglasrahmen in 4 mm.\n\nDer Drachen wird R2F (Ready-to-Fly) mit passenden Steuerleinen auf 2 Ringrollen und 8 Meter langem Tube-Tail geliefert. Anweisungen enthalten. Verpackt in PE-H\u00fclle.\" data-ved=\"2ahUKEwii6M781KWNAxUz2wIHHTSXDH0Q3ewLegQICRAV\"><span class=\"Y2IQFc\" lang=\"de\">Fiberglasrahmen in 4 mm. Der Drachen wird R2F (Ready-to-Fly) mit passenden Lenkschn\u00fcren auf 2 Drachenringen und 8 Meter langem Schlauchschwanz geliefert. Anweisungen enthalten. Verpackt in PE-H\u00fclle.<\/span><\/p>\n","protected":false},"excerpt":{"rendered":"<h5 class=\"tw-data-text tw-text-large tw-ta\" dir=\"ltr\" data-placeholder=\"Vertaling\" aria-label=\"Vertaalde tekst: MICRO RACER UNI\/MULTI | Klassiker von Wepa\nLenkdrachen f\u00fcr Anf\u00e4nger | 71 x 69 cm. | R2F | Unzerst\u00f6rbar\n\nKlassischer Lenkdrachen in Diamantform. Kleiner Bruder des Acro Racer.\nUnzerst\u00f6rbar und grundsolide.\nDer klassischste aller klassischen Lenkdrachen.\nGeeignet f\u00fcr Jung und Alt, jeder von 5 bis 95 Jahren kann es verwenden und sich sofort wie ein Meisterpilot f\u00fchlen.\nBen\u00f6tigt etwas mehr Wind als der Acro Racer, um optimale Leistung zu erzielen.\nGeben Sie einem Kind als ersten Stuntpiloten einen Micro Racer und Sie werden es einige Stunden lang nicht wiedersehen \u2026\n\nDer Micro Racer zeigt auch bei starkem Wind eine gute Leistung und ist bei Sturm in seinem Element. Durch das mitgelieferte lange Tube-Tail fliegt der Micro Racer sehr stabil. Aus starkem Spinnakertuch in vielen Farbkombinationen.\n\nBeim Micro Racer hast Du die Wahl zwischen der 1-farbigen UNI Variante oder der 2-farbigen BICOLOR. Bitte geben Sie im Bestellformular im Feld \u201eBestellhinweise\u201c an, welche Version Sie w\u00fcnschen, wir versuchen dies zu ber\u00fccksichtigen.\n\nFiberglasrahmen in 4 mm.\n\nDer Drachen wird R2F (Ready-to-Fly) mit passenden Steuerleinen auf 2 Ringrollen und 8 Meter langem Tube-Tail geliefert. Anweisungen enthalten. Verpackt in PE-H\u00fclle.\" data-ved=\"2ahUKEwii6M781KWNAxUz2wIHHTSXDH0Q3ewLegQICRAV\"><span class=\"Y2IQFc\" lang=\"de\">Lenkdrachen f\u00fcr Anf\u00e4nger | 71 x 69 cm. | R2F | Unzerst\u00f6rbar<\/span><\/h5>\n","protected":false},"featured_media":13380,"comment_status":"closed","ping_status":"closed","template":"","meta":{"_acf_changed":false},"product_brand":[],"product_cat":[1396,2184,2169,1348,1384,2165],"product_tag":[3640],"class_list":{"0":"post-22131","1":"product","2":"type-product","3":"status-publish","4":"has-post-thumbnail","6":"product_cat-drachen","7":"product_cat-kinderdrachen","8":"product_cat-lenkdrachen","9":"product_cat-marken","10":"product_cat-sale","11":"product_cat-wepa","12":"product_tag-stuntvliegers","13":"pa_breedte-cm-69-de","14":"pa_lengte-cm-71-de","16":"first","17":"instock","18":"sale","19":"taxable","20":"shipping-taxable","21":"purchasable","22":"product-type-simple"},"acf":[],"_links":{"self":[{"href":"https:\/\/www.wepaflyer.com\/de\/wp-json\/wp\/v2\/product\/22131","targetHints":{"allow":["GET"]}}],"collection":[{"href":"https:\/\/www.wepaflyer.com\/de\/wp-json\/wp\/v2\/product"}],"about":[{"href":"https:\/\/www.wepaflyer.com\/de\/wp-json\/wp\/v2\/types\/product"}],"replies":[{"embeddable":true,"href":"https:\/\/www.wepaflyer.com\/de\/wp-json\/wp\/v2\/comments?post=22131"}],"wp:featuredmedia":[{"embeddable":true,"href":"https:\/\/www.wepaflyer.com\/de\/wp-json\/wp\/v2\/media\/13380"}],"wp:attachment":[{"href":"https:\/\/www.wepaflyer.com\/de\/wp-json\/wp\/v2\/media?parent=22131"}],"wp:term":[{"taxonomy":"product_brand","embeddable":true,"href":"https:\/\/www.wepaflyer.com\/de\/wp-json\/wp\/v2\/product_brand?post=22131"},{"taxonomy":"product_cat","embeddable":true,"href":"https:\/\/www.wepaflyer.com\/de\/wp-json\/wp\/v2\/product_cat?post=22131"},{"taxonomy":"product_tag","embeddable":true,"href":"https:\/\/www.wepaflyer.com\/de\/wp-json\/wp\/v2\/product_tag?post=22131"}],"curies":[{"name":"wp","href":"https:\/\/api.w.org\/{rel}","templated":true}]}}