{"id":22130,"date":"2023-12-28T11:58:29","date_gmt":"2023-12-28T10:58:29","guid":{"rendered":"https:\/\/www.wepaflyer.com\/?post_type=product&#038;p=22130"},"modified":"2026-04-01T11:51:17","modified_gmt":"2026-04-01T09:51:17","slug":"wus-fixy-diamant-s-spi","status":"publish","type":"product","link":"https:\/\/www.wepaflyer.com\/de\/produkt\/wus-fixy-diamant-s-spi\/","title":{"rendered":"Wepa FIXY-DIAMANT-S Spinnaker"},"content":{"rendered":"<h3>WEPA FIXY DIAMANT-S SPINNAKER TUCH<\/h3>\n<h4>42 x 41 cm | R2F | Leicht zu fliegender Kinderdrachen<\/h4>\n<p>Beliebter Einleiner-Drachen, auch f\u00fcr die Kleinsten geeignet. Klassische Diamantform. Unschlagbares Preis-Leistungs-Verh\u00e4ltnis.<\/p>\n<p>Die Drachen aus der FIXY-Serie haben alle eines gemeinsam: Sie erfreuen sich gro\u00dfer Beliebtheit bei Jung und Alt. Die Fixies fliegen bei wenig Wind, steigen schnell auf und bleiben stabil am Himmel. Das Einzigartigste an diesem Modell ist die durchdachte Einfachheit der Montage. Mittels der am Drachen angebrachten Kappen und \u201eSlips\u201c k\u00f6nnen Sie den Kite schnell und einfach zusammenbauen, aufspannen und ausbalancieren. Befolgen Sie die Anweisungen und achten Sie auf die Symmetrie. Man kann nichts falsch machen, einfach einen Drachen steigen lassen! Sie ben\u00f6tigen hierf\u00fcr keine zus\u00e4tzlichen Materialien, alles ist in der Verpackung.<\/p>\n<p>Der Drachen wird flugfertig (R2F) mit Drachenschnur auf Griff, zwei Drachenschw\u00e4nze und einer Anleitung geliefert.<br \/>\nHergestellt aus robustem Spinnaker-Tuch und erh\u00e4ltlich in allen Regenbogenfarben sowie vielen weiteren Farben (nur einige Farben sind abgebildet).<\/p>\n<p>Bitte geben Sie bei der Bestellung Ihre Wunschfarben im Feld <strong>\u201eBestellnotizen\u201c<\/strong> am Ende des Bestellformulars an.<br \/>\nEinzeln in einer PE-H\u00fclle verpackt.<\/p>\n","protected":false},"excerpt":{"rendered":"<p>42 x 41 cm | R2F | Leicht zu fliegender Kinderdrachen<\/p>\n","protected":false},"featured_media":13374,"comment_status":"closed","ping_status":"closed","template":"","meta":{"_acf_changed":false},"product_brand":[],"product_cat":[1396,2184,1348,2165],"product_tag":[],"class_list":{"0":"post-22130","1":"product","2":"type-product","3":"status-publish","4":"has-post-thumbnail","6":"product_cat-drachen","7":"product_cat-kinderdrachen","8":"product_cat-marken","9":"product_cat-wepa","10":"pa_breedte-cm-41-de","11":"pa_lengte-cm-42-de","13":"first","14":"instock","15":"sale","16":"taxable","17":"shipping-taxable","18":"purchasable","19":"product-type-simple"},"acf":[],"_links":{"self":[{"href":"https:\/\/www.wepaflyer.com\/de\/wp-json\/wp\/v2\/product\/22130","targetHints":{"allow":["GET"]}}],"collection":[{"href":"https:\/\/www.wepaflyer.com\/de\/wp-json\/wp\/v2\/product"}],"about":[{"href":"https:\/\/www.wepaflyer.com\/de\/wp-json\/wp\/v2\/types\/product"}],"replies":[{"embeddable":true,"href":"https:\/\/www.wepaflyer.com\/de\/wp-json\/wp\/v2\/comments?post=22130"}],"wp:featuredmedia":[{"embeddable":true,"href":"https:\/\/www.wepaflyer.com\/de\/wp-json\/wp\/v2\/media\/13374"}],"wp:attachment":[{"href":"https:\/\/www.wepaflyer.com\/de\/wp-json\/wp\/v2\/media?parent=22130"}],"wp:term":[{"taxonomy":"product_brand","embeddable":true,"href":"https:\/\/www.wepaflyer.com\/de\/wp-json\/wp\/v2\/product_brand?post=22130"},{"taxonomy":"product_cat","embeddable":true,"href":"https:\/\/www.wepaflyer.com\/de\/wp-json\/wp\/v2\/product_cat?post=22130"},{"taxonomy":"product_tag","embeddable":true,"href":"https:\/\/www.wepaflyer.com\/de\/wp-json\/wp\/v2\/product_tag?post=22130"}],"curies":[{"name":"wp","href":"https:\/\/api.w.org\/{rel}","templated":true}]}}