{"id":22129,"date":"2023-12-28T11:58:29","date_gmt":"2023-12-28T10:58:29","guid":{"rendered":"https:\/\/www.wepaflyer.com\/?post_type=product&#038;p=22129"},"modified":"2024-11-22T13:05:45","modified_gmt":"2024-11-22T12:05:45","slug":"wus-fixy-diamond-s-lynxi-spi","status":"publish","type":"product","link":"https:\/\/www.wepaflyer.com\/de\/produkt\/wus-fixy-diamond-s-lynxi-spi\/","title":{"rendered":"WuS FIXY-DIAMOND-S &#8222;LYNX\u00ee Spi"},"content":{"rendered":"<h3>WUS FIXY-DIAMANT-S \u00ecLYNX\u00ee SPI<\/h3>\n<h5>42 x 41 cm.<\/h5>\n<p>Beliebter 1-Leiner-Drachen, der f\u00fcr die Allerkleinsten geeignet ist. Klassische Rautenform. Unschlagbar in Preis und Leistung.<\/p>\n<p>Die Drachen aus der FIXY-Serie haben alle eines gemeinsam: Sie erfreuen sich gro\u00dfer Beliebtheit bei Jung und Alt. Die Fixies fliegen bei wenig Wind, steigen schnell auf und bleiben stabil am Himmel. Das Einzigartigste an diesem Modell ist die durchdachte Einfachheit der Montage. Mittels Dank der am Kite angebrachten Kappen und \u201eSlips\u201c k\u00f6nnen Sie den Kite schnell und einfach zusammenbauen, spannen und ausbalancieren. Befolgen Sie die Anweisungen und achten Sie auf die Symmetrie. Man kann nichts falsch machen, lass einfach einen Drachen steigen!<\/p>\n<p>Der Drachen wird R2F (Ready-to-Fly) mit einer Rolle Drachengarn, einem Schwanz und einer Anleitung geliefert. Der FIXY-DIAMANT-S \u201eLYNX\u201c besteht aus starkem Spinnakertuch, das mit einem lustigen \u201eLuchs\u201c-Motiv bedruckt ist und in verschiedenen Farben erh\u00e4ltlich ist. Einzeln verpackt in einer PE-H\u00fclle.<\/p>\n","protected":false},"excerpt":{"rendered":"<p>42 x 41 cm. Bereit zum Fliegen<\/p>\n","protected":false},"featured_media":13368,"comment_status":"closed","ping_status":"closed","template":"","meta":{"_acf_changed":false},"product_brand":[],"product_cat":[1396,2184,2152],"product_tag":[],"class_list":{"0":"post-22129","1":"product","2":"type-product","3":"status-publish","4":"has-post-thumbnail","6":"product_cat-drachen","7":"product_cat-kinderdrachen","8":"product_cat-wepa-ultra-sports","9":"pa_breedte-cm-41-de","10":"pa_lengte-cm-42-de","12":"first","13":"instock","14":"taxable","15":"shipping-taxable","16":"purchasable","17":"product-type-simple"},"acf":[],"_links":{"self":[{"href":"https:\/\/www.wepaflyer.com\/de\/wp-json\/wp\/v2\/product\/22129","targetHints":{"allow":["GET"]}}],"collection":[{"href":"https:\/\/www.wepaflyer.com\/de\/wp-json\/wp\/v2\/product"}],"about":[{"href":"https:\/\/www.wepaflyer.com\/de\/wp-json\/wp\/v2\/types\/product"}],"replies":[{"embeddable":true,"href":"https:\/\/www.wepaflyer.com\/de\/wp-json\/wp\/v2\/comments?post=22129"}],"wp:featuredmedia":[{"embeddable":true,"href":"https:\/\/www.wepaflyer.com\/de\/wp-json\/wp\/v2\/media\/13368"}],"wp:attachment":[{"href":"https:\/\/www.wepaflyer.com\/de\/wp-json\/wp\/v2\/media?parent=22129"}],"wp:term":[{"taxonomy":"product_brand","embeddable":true,"href":"https:\/\/www.wepaflyer.com\/de\/wp-json\/wp\/v2\/product_brand?post=22129"},{"taxonomy":"product_cat","embeddable":true,"href":"https:\/\/www.wepaflyer.com\/de\/wp-json\/wp\/v2\/product_cat?post=22129"},{"taxonomy":"product_tag","embeddable":true,"href":"https:\/\/www.wepaflyer.com\/de\/wp-json\/wp\/v2\/product_tag?post=22129"}],"curies":[{"name":"wp","href":"https:\/\/api.w.org\/{rel}","templated":true}]}}