{"id":22127,"date":"2023-12-28T11:58:29","date_gmt":"2023-12-28T10:58:29","guid":{"rendered":"https:\/\/www.wepaflyer.com\/?post_type=product&#038;p=22127"},"modified":"2024-11-22T13:05:45","modified_gmt":"2024-11-22T12:05:45","slug":"wus-fixy-diamond-a4-spi","status":"publish","type":"product","link":"https:\/\/www.wepaflyer.com\/de\/produkt\/wus-fixy-diamond-a4-spi\/","title":{"rendered":"WuS FIXY-DIAMOND- A4 Spi"},"content":{"rendered":"<h3>WUS FIXY-DIAMOND-A4 SPI<\/h3>\n<h5>24 x 24 cm.<\/h5>\n<p style=\"text-align: justify;\">Beliebter 1-Leiner-Drachen, der f\u00fcr die Allerkleinsten geeignet ist. Klassische Rautenform. Der FIXY-Diamant-A4 ist das kleinste, j\u00fcngste und g\u00fcnstigste Mitglied der FIXY-Diamant-Familie. Um gro\u00dfe H\u00f6hen zu erreichen, braucht es eine starke Brise, aber auch in Preis und Leistung ist dieser Drachen unschlagbar. Passt gestreckt in einen A4-Umschlag, ideal f\u00fcr den Versand per Post. <\/p>\n<p style=\"text-align: justify;\">Eines haben die Drachen aus der FIXY-Serie alle gemeinsam, sie erfreuen sich gro\u00dfer Beliebtheit bei Jung und Alt. Die Fixies fliegen bei wenig Wind, steigen schnell auf und bleiben stabil am Himmel. Das Einzigartigste an diesem Modell ist die durchdachte Einfachheit der Montage. Mittels Dank der am Kite angebrachten Kappen und \u201eSlips\u201c k\u00f6nnen Sie den Kite schnell und einfach zusammenbauen, spannen und ausbalancieren. Befolgen Sie die Anweisungen und achten Sie auf die Symmetrie. Man kann nichts falsch machen, einfach einen Drachen steigen lassen! <\/p>\n<p style=\"text-align: justify;\">Der Kite wird im R2F-Format (Ready-to-Fly) mit Kite-Fadenrolle, Schwanz und Anleitung geliefert. Hergestellt aus starkem Spinnakerstoff und in allen Farben des Regenbogens erh\u00e4ltlich. Einzeln verpackt in einer PE-H\u00fclle.<\/p>\n","protected":false},"excerpt":{"rendered":"<p>24 x 24 cm. Bereit zum Fliegen<\/p>\n","protected":false},"featured_media":13356,"comment_status":"closed","ping_status":"closed","template":"","meta":{"_acf_changed":false},"product_brand":[],"product_cat":[1396,2184,2152],"product_tag":[],"class_list":{"0":"post-22127","1":"product","2":"type-product","3":"status-publish","4":"has-post-thumbnail","6":"product_cat-drachen","7":"product_cat-kinderdrachen","8":"product_cat-wepa-ultra-sports","9":"pa_breedte-cm-24-de","10":"pa_lengte-cm-24-de","12":"first","13":"instock","14":"taxable","15":"shipping-taxable","16":"purchasable","17":"product-type-simple"},"acf":[],"_links":{"self":[{"href":"https:\/\/www.wepaflyer.com\/de\/wp-json\/wp\/v2\/product\/22127","targetHints":{"allow":["GET"]}}],"collection":[{"href":"https:\/\/www.wepaflyer.com\/de\/wp-json\/wp\/v2\/product"}],"about":[{"href":"https:\/\/www.wepaflyer.com\/de\/wp-json\/wp\/v2\/types\/product"}],"replies":[{"embeddable":true,"href":"https:\/\/www.wepaflyer.com\/de\/wp-json\/wp\/v2\/comments?post=22127"}],"wp:featuredmedia":[{"embeddable":true,"href":"https:\/\/www.wepaflyer.com\/de\/wp-json\/wp\/v2\/media\/13356"}],"wp:attachment":[{"href":"https:\/\/www.wepaflyer.com\/de\/wp-json\/wp\/v2\/media?parent=22127"}],"wp:term":[{"taxonomy":"product_brand","embeddable":true,"href":"https:\/\/www.wepaflyer.com\/de\/wp-json\/wp\/v2\/product_brand?post=22127"},{"taxonomy":"product_cat","embeddable":true,"href":"https:\/\/www.wepaflyer.com\/de\/wp-json\/wp\/v2\/product_cat?post=22127"},{"taxonomy":"product_tag","embeddable":true,"href":"https:\/\/www.wepaflyer.com\/de\/wp-json\/wp\/v2\/product_tag?post=22127"}],"curies":[{"name":"wp","href":"https:\/\/api.w.org\/{rel}","templated":true}]}}