{"id":22126,"date":"2023-12-28T11:57:54","date_gmt":"2023-12-28T10:57:54","guid":{"rendered":"https:\/\/www.wepaflyer.com\/?post_type=product&#038;p=22126"},"modified":"2026-05-04T12:34:12","modified_gmt":"2026-05-04T10:34:12","slug":"windwheel-rainbow-25-up","status":"publish","type":"product","link":"https:\/\/www.wepaflyer.com\/de\/produkt\/windwheel-rainbow-25-up\/","title":{"rendered":"WuS WindWheel Rainbow"},"content":{"rendered":"<h3>Wepa WindWheel Rainbow<\/h3>\n<h4>\u00f825-\u00f835 x 100-115 cm. | Regenbogenfarbig<\/h4>\n<p>Windrad mit Kiel, der sich im und am Wind dreht in verschiedenen Gr\u00f6\u00dfen wie angegeben.<br \/>\nKlassisches Modell aus eingestellter Produktion.<\/p>\n<p>Hergestellt aus robustem Spinnakerstoff in Regenbogenfarben. UV- und witterungsbest\u00e4ndig, mit stabilem Fiberglasstab.<\/p>\n<p>Vor dem Versand durchl\u00e4uft jedes Windspiel eine kurze Qualit\u00e4tspr\u00fcfung und grunds\u00e4tzlich sind auch die Windspiele aus der Grabbelkiste in einem guten Zustand, eine Garantie \u00fcbernehmen wir auf diese Modelle jedoch nicht.<\/p>\n","protected":false},"excerpt":{"rendered":"<p>\u00f825-\u00f835 x 100-115 cm. | Regenbogenfarbig<\/p>\n","protected":false},"featured_media":13355,"comment_status":"closed","ping_status":"closed","template":"","meta":{"_acf_changed":false},"product_brand":[],"product_cat":[3549,1348,1384,2165,1403,2188],"product_tag":[3634],"class_list":{"0":"post-22126","1":"product","2":"type-product","3":"status-publish","4":"has-post-thumbnail","6":"product_cat-grabbelkiste","7":"product_cat-marken","8":"product_cat-sale","9":"product_cat-wepa","10":"product_cat-windspiele","11":"product_cat-windspiele-garten","12":"product_tag-windspelen","13":"pa_lengte-cm-12-de","15":"first","16":"instock","17":"sale","18":"taxable","19":"shipping-taxable","20":"purchasable","21":"product-type-simple"},"acf":[],"_links":{"self":[{"href":"https:\/\/www.wepaflyer.com\/de\/wp-json\/wp\/v2\/product\/22126","targetHints":{"allow":["GET"]}}],"collection":[{"href":"https:\/\/www.wepaflyer.com\/de\/wp-json\/wp\/v2\/product"}],"about":[{"href":"https:\/\/www.wepaflyer.com\/de\/wp-json\/wp\/v2\/types\/product"}],"replies":[{"embeddable":true,"href":"https:\/\/www.wepaflyer.com\/de\/wp-json\/wp\/v2\/comments?post=22126"}],"wp:featuredmedia":[{"embeddable":true,"href":"https:\/\/www.wepaflyer.com\/de\/wp-json\/wp\/v2\/media\/13355"}],"wp:attachment":[{"href":"https:\/\/www.wepaflyer.com\/de\/wp-json\/wp\/v2\/media?parent=22126"}],"wp:term":[{"taxonomy":"product_brand","embeddable":true,"href":"https:\/\/www.wepaflyer.com\/de\/wp-json\/wp\/v2\/product_brand?post=22126"},{"taxonomy":"product_cat","embeddable":true,"href":"https:\/\/www.wepaflyer.com\/de\/wp-json\/wp\/v2\/product_cat?post=22126"},{"taxonomy":"product_tag","embeddable":true,"href":"https:\/\/www.wepaflyer.com\/de\/wp-json\/wp\/v2\/product_tag?post=22126"}],"curies":[{"name":"wp","href":"https:\/\/api.w.org\/{rel}","templated":true}]}}