{"id":22124,"date":"2023-12-28T11:57:54","date_gmt":"2023-12-28T10:57:54","guid":{"rendered":"https:\/\/www.wepaflyer.com\/?post_type=product&#038;p=22124"},"modified":"2026-01-25T14:09:41","modified_gmt":"2026-01-25T13:09:41","slug":"windwasp-up","status":"publish","type":"product","link":"https:\/\/www.wepaflyer.com\/de\/produkt\/windwasp-up\/","title":{"rendered":"WuS WindWasp"},"content":{"rendered":"<h3>Wepa WindWasp | Wespe<\/h3>\n<h4>\u00f8 20 cm. \/ 40 x 40 cm. | H\u00e4ngewindspiel<\/h4>\n<p>H\u00e4ngendes Windspiel in Form einer fliegenden Wespe mit einem regenbogenfarbenen Windrad auf der Nase. Lustiges Deko-Element, das zum Gl\u00fcck nicht sticht. Eines unserer \u00e4ltesten Windspiele.<\/p>\n<p>Hergestellt aus robustem Spinnakerstoff. UV- und witterungsbest\u00e4ndig, mit Aufh\u00e4ngeclip.<\/p>\n<p>Vor dem Versand durchl\u00e4uft jedes Windspiel eine kurze Qualit\u00e4tspr\u00fcfung und grunds\u00e4tzlich sind auch die Windspiele aus der Grabbelkiste in einem guten Zustand, eine Garantie \u00fcbernehmen wir auf diese Modelle jedoch nicht.<\/p>\n","protected":false},"excerpt":{"rendered":"<p>\u00f8 20 cm. \/ 40 x 40 cm. | H\u00e4ngewindspiel<\/p>\n","protected":false},"featured_media":13353,"comment_status":"closed","ping_status":"closed","template":"","meta":{"_acf_changed":false},"product_brand":[],"product_cat":[3549,1348,1384,2165,1403,2188],"product_tag":[],"class_list":{"0":"post-22124","1":"product","2":"type-product","3":"status-publish","4":"has-post-thumbnail","6":"product_cat-grabbelkiste","7":"product_cat-marken","8":"product_cat-sale","9":"product_cat-wepa","10":"product_cat-windspiele","11":"product_cat-windspiele-garten","12":"pa_breedte-cm-40-de","13":"pa_lengte-cm-40-de","15":"first","16":"instock","17":"sale","18":"taxable","19":"shipping-taxable","20":"purchasable","21":"product-type-simple"},"acf":[],"_links":{"self":[{"href":"https:\/\/www.wepaflyer.com\/de\/wp-json\/wp\/v2\/product\/22124","targetHints":{"allow":["GET"]}}],"collection":[{"href":"https:\/\/www.wepaflyer.com\/de\/wp-json\/wp\/v2\/product"}],"about":[{"href":"https:\/\/www.wepaflyer.com\/de\/wp-json\/wp\/v2\/types\/product"}],"replies":[{"embeddable":true,"href":"https:\/\/www.wepaflyer.com\/de\/wp-json\/wp\/v2\/comments?post=22124"}],"wp:featuredmedia":[{"embeddable":true,"href":"https:\/\/www.wepaflyer.com\/de\/wp-json\/wp\/v2\/media\/13353"}],"wp:attachment":[{"href":"https:\/\/www.wepaflyer.com\/de\/wp-json\/wp\/v2\/media?parent=22124"}],"wp:term":[{"taxonomy":"product_brand","embeddable":true,"href":"https:\/\/www.wepaflyer.com\/de\/wp-json\/wp\/v2\/product_brand?post=22124"},{"taxonomy":"product_cat","embeddable":true,"href":"https:\/\/www.wepaflyer.com\/de\/wp-json\/wp\/v2\/product_cat?post=22124"},{"taxonomy":"product_tag","embeddable":true,"href":"https:\/\/www.wepaflyer.com\/de\/wp-json\/wp\/v2\/product_tag?post=22124"}],"curies":[{"name":"wp","href":"https:\/\/api.w.org\/{rel}","templated":true}]}}