{"id":22119,"date":"2023-12-28T11:57:54","date_gmt":"2023-12-28T10:57:54","guid":{"rendered":"https:\/\/www.wepaflyer.com\/?post_type=product&#038;p=22119"},"modified":"2026-05-04T12:34:12","modified_gmt":"2026-05-04T10:34:12","slug":"gewinnen-sie-windmill-pinnacle-solo","status":"publish","type":"product","link":"https:\/\/www.wepaflyer.com\/de\/produkt\/gewinnen-sie-windmill-pinnacle-solo\/","title":{"rendered":"WIN Windmill Pinnacle Solo"},"content":{"rendered":"<h3>WINDSPIRATION Windm\u00fchle Pinnacle Solo<\/h3>\n<h4>WIN | \u00f8 55 x 110 cm. | Beste Wahl Windspiel<\/h4>\n<p>Windspiration Windspiele sind Windspiele in originellen Formen und Designs. Form und Design sind so gestaltet, dass diese Windspiele auch bei leichtem Wind mit voller Geschwindigkeit laufen und so ein wundersch\u00f6nes Farbspiel entstehen. Die verwendeten Teile garantieren minimalen Widerstand\/Verschlei\u00df und somit eine sehr lange Lebensdauer.<\/p>\n<p><b>Diese Windm\u00fchle Pinnacle Solo ist zusammen mit dem Classic Flower Flot\u00f6rn auch als Windspiration Doppelpack zu einem sehr attraktiven Preis erh\u00e4ltlich ! Schauen Sie woanders im Webshop nach.<\/b><\/p>\n<p>Hergestellt aus rei\u00dffestem Spinnakerstoff. UV- und witterungsbest\u00e4ndig, mit Glasfaserstangen.<\/p>\n","protected":false},"excerpt":{"rendered":"<p>WIN | \u00f8 55 x 110 cm. | Beste Wahl Windspiel<\/p>\n","protected":false},"featured_media":13340,"comment_status":"closed","ping_status":"closed","template":"","meta":{"_acf_changed":false},"product_brand":[],"product_cat":[2177,1348,1384,1403,2188],"product_tag":[3634],"class_list":{"0":"post-22119","1":"product","2":"type-product","3":"status-publish","4":"has-post-thumbnail","6":"product_cat-hq-kites","7":"product_cat-marken","8":"product_cat-sale","9":"product_cat-windspiele","10":"product_cat-windspiele-garten","11":"product_tag-windspelen","12":"pa_lengte-cm-110-de","14":"first","15":"instock","16":"sale","17":"taxable","18":"shipping-taxable","19":"purchasable","20":"product-type-simple"},"acf":[],"_links":{"self":[{"href":"https:\/\/www.wepaflyer.com\/de\/wp-json\/wp\/v2\/product\/22119","targetHints":{"allow":["GET"]}}],"collection":[{"href":"https:\/\/www.wepaflyer.com\/de\/wp-json\/wp\/v2\/product"}],"about":[{"href":"https:\/\/www.wepaflyer.com\/de\/wp-json\/wp\/v2\/types\/product"}],"replies":[{"embeddable":true,"href":"https:\/\/www.wepaflyer.com\/de\/wp-json\/wp\/v2\/comments?post=22119"}],"wp:featuredmedia":[{"embeddable":true,"href":"https:\/\/www.wepaflyer.com\/de\/wp-json\/wp\/v2\/media\/13340"}],"wp:attachment":[{"href":"https:\/\/www.wepaflyer.com\/de\/wp-json\/wp\/v2\/media?parent=22119"}],"wp:term":[{"taxonomy":"product_brand","embeddable":true,"href":"https:\/\/www.wepaflyer.com\/de\/wp-json\/wp\/v2\/product_brand?post=22119"},{"taxonomy":"product_cat","embeddable":true,"href":"https:\/\/www.wepaflyer.com\/de\/wp-json\/wp\/v2\/product_cat?post=22119"},{"taxonomy":"product_tag","embeddable":true,"href":"https:\/\/www.wepaflyer.com\/de\/wp-json\/wp\/v2\/product_tag?post=22119"}],"curies":[{"name":"wp","href":"https:\/\/api.w.org\/{rel}","templated":true}]}}