{"id":22117,"date":"2023-12-28T11:57:54","date_gmt":"2023-12-28T10:57:54","guid":{"rendered":"https:\/\/www.wepaflyer.com\/?post_type=product&#038;p=22117"},"modified":"2026-05-04T12:34:12","modified_gmt":"2026-05-04T10:34:12","slug":"win-magic-wheel-63-giant-duett-rainbow","status":"publish","type":"product","link":"https:\/\/www.wepaflyer.com\/de\/produkt\/win-magic-wheel-63-giant-duett-rainbow\/","title":{"rendered":"WIN Magic Wheel 63 Giant Duett Rainbow"},"content":{"rendered":"<h3>WIN Magic Wheel 63 Giant Duett Rainbow<\/h3>\n<h4>\u00f8 63 x 138 cm. x2 | WindSpiration Windspiele<\/h4>\n<p align=\"justify\">Ein fast klassisches Doppelwindrad, eine der allerersten Doppelwindm\u00fchlen aus Spinnakerstoff.<\/p>\n<p align=\"justify\">Das Magic Wheel 63 Giant Duett Rainbow von WindSpiration dreht sich endlos und unerm\u00fcdlich im Wind. Ein fr\u00f6hliches und dekoratives Element in vielen G\u00e4rten und auf allen Campingpl\u00e4tzen und Balkonen. Erstrahlt in seiner ganzen Einfachheit.<\/p>\n<p align=\"justify\">Mit zunehmendem Wind vermischen sich die wundersch\u00f6nen Farben zu einem faszinierenden Schauspiel.<\/p>\n<p align=\"justify\">Hergestellt aus rei\u00dffestem Spinnakertuch. UV- und witterungsbest\u00e4ndig, mit stabilem Fiberglasstab.<\/p>\n","protected":false},"excerpt":{"rendered":"<p>\u00f8 63 x 138 cm. x2 | WindSpiration Windspiele<\/p>\n","protected":false},"featured_media":13331,"comment_status":"closed","ping_status":"closed","template":"","meta":{"_acf_changed":false},"product_brand":[],"product_cat":[2177,1348,1403,2188],"product_tag":[3634],"class_list":{"0":"post-22117","1":"product","2":"type-product","3":"status-publish","4":"has-post-thumbnail","6":"product_cat-hq-kites","7":"product_cat-marken","8":"product_cat-windspiele","9":"product_cat-windspiele-garten","10":"product_tag-windspelen","11":"pa_lengte-cm-138-de","13":"first","14":"instock","15":"sale","16":"taxable","17":"shipping-taxable","18":"purchasable","19":"product-type-simple"},"acf":[],"_links":{"self":[{"href":"https:\/\/www.wepaflyer.com\/de\/wp-json\/wp\/v2\/product\/22117","targetHints":{"allow":["GET"]}}],"collection":[{"href":"https:\/\/www.wepaflyer.com\/de\/wp-json\/wp\/v2\/product"}],"about":[{"href":"https:\/\/www.wepaflyer.com\/de\/wp-json\/wp\/v2\/types\/product"}],"replies":[{"embeddable":true,"href":"https:\/\/www.wepaflyer.com\/de\/wp-json\/wp\/v2\/comments?post=22117"}],"wp:featuredmedia":[{"embeddable":true,"href":"https:\/\/www.wepaflyer.com\/de\/wp-json\/wp\/v2\/media\/13331"}],"wp:attachment":[{"href":"https:\/\/www.wepaflyer.com\/de\/wp-json\/wp\/v2\/media?parent=22117"}],"wp:term":[{"taxonomy":"product_brand","embeddable":true,"href":"https:\/\/www.wepaflyer.com\/de\/wp-json\/wp\/v2\/product_brand?post=22117"},{"taxonomy":"product_cat","embeddable":true,"href":"https:\/\/www.wepaflyer.com\/de\/wp-json\/wp\/v2\/product_cat?post=22117"},{"taxonomy":"product_tag","embeddable":true,"href":"https:\/\/www.wepaflyer.com\/de\/wp-json\/wp\/v2\/product_tag?post=22117"}],"curies":[{"name":"wp","href":"https:\/\/api.w.org\/{rel}","templated":true}]}}