{"id":22116,"date":"2023-12-28T11:57:54","date_gmt":"2023-12-28T10:57:54","guid":{"rendered":"https:\/\/www.wepaflyer.com\/?post_type=product&#038;p=22116"},"modified":"2026-05-04T12:34:12","modified_gmt":"2026-05-04T10:34:12","slug":"win-magic-wheel-50-vortex","status":"publish","type":"product","link":"https:\/\/www.wepaflyer.com\/de\/produkt\/win-magic-wheel-50-vortex\/","title":{"rendered":"WIN Magic Wheel 50 Vortex"},"content":{"rendered":"<h3>WIN Magic Wheel 50 Vortex<\/h3>\n<h4>\u00f8 50 x 129 cm. | WindSpiration Windgames<\/h4>\n<p align=\"justify\"><strong>Ein besonderes Windspiel aus der WindSpiration Windspiel Kollektion<\/strong><\/p>\n<p align=\"justify\">Ein fast klassisches Windrad, eine der allerersten Windm\u00fchlen aus Spinnakerstoff.<\/p>\n<p align=\"justify\">Das Magic Wheel 50 Vortex von WindSpiration dreht sich endlos und unerm\u00fcdlich im Wind. Ein fr\u00f6hliches und dekoratives Element in vielen G\u00e4rten und auf allen Campingpl\u00e4tzen und Balkonen. Erstrahlt in seiner ganzen Einfachheit.<\/p>\n<p align=\"justify\">Mit zunehmendem Wind vermischen sich die wundersch\u00f6nen Farben zu einem faszinierenden Schauspiel.<\/p>\n<p align=\"justify\">Hergestellt aus rei\u00dffestem Spinnakertuch. UV- und witterungsbest\u00e4ndig, mit stabilem Fiberglasstab.<\/p>\n","protected":false},"excerpt":{"rendered":"<p>\u00f8 50 x 129 cm. | WindSpiration Windgames<\/p>\n","protected":false},"featured_media":13330,"comment_status":"closed","ping_status":"closed","template":"","meta":{"_acf_changed":false},"product_brand":[],"product_cat":[2177,1348,1384,1403,2188],"product_tag":[3634],"class_list":{"0":"post-22116","1":"product","2":"type-product","3":"status-publish","4":"has-post-thumbnail","6":"product_cat-hq-kites","7":"product_cat-marken","8":"product_cat-sale","9":"product_cat-windspiele","10":"product_cat-windspiele-garten","11":"product_tag-windspelen","12":"pa_lengte-cm-129-de","14":"first","15":"instock","16":"sale","17":"taxable","18":"shipping-taxable","19":"purchasable","20":"product-type-simple"},"acf":[],"_links":{"self":[{"href":"https:\/\/www.wepaflyer.com\/de\/wp-json\/wp\/v2\/product\/22116","targetHints":{"allow":["GET"]}}],"collection":[{"href":"https:\/\/www.wepaflyer.com\/de\/wp-json\/wp\/v2\/product"}],"about":[{"href":"https:\/\/www.wepaflyer.com\/de\/wp-json\/wp\/v2\/types\/product"}],"replies":[{"embeddable":true,"href":"https:\/\/www.wepaflyer.com\/de\/wp-json\/wp\/v2\/comments?post=22116"}],"wp:featuredmedia":[{"embeddable":true,"href":"https:\/\/www.wepaflyer.com\/de\/wp-json\/wp\/v2\/media\/13330"}],"wp:attachment":[{"href":"https:\/\/www.wepaflyer.com\/de\/wp-json\/wp\/v2\/media?parent=22116"}],"wp:term":[{"taxonomy":"product_brand","embeddable":true,"href":"https:\/\/www.wepaflyer.com\/de\/wp-json\/wp\/v2\/product_brand?post=22116"},{"taxonomy":"product_cat","embeddable":true,"href":"https:\/\/www.wepaflyer.com\/de\/wp-json\/wp\/v2\/product_cat?post=22116"},{"taxonomy":"product_tag","embeddable":true,"href":"https:\/\/www.wepaflyer.com\/de\/wp-json\/wp\/v2\/product_tag?post=22116"}],"curies":[{"name":"wp","href":"https:\/\/api.w.org\/{rel}","templated":true}]}}