{"id":22106,"date":"2023-12-28T11:57:15","date_gmt":"2023-12-28T10:57:15","guid":{"rendered":"https:\/\/www.wepaflyer.com\/?post_type=product&#038;p=22106"},"modified":"2026-05-04T12:34:12","modified_gmt":"2026-05-04T10:34:12","slug":"win-hoffmanns-laterne-s-rot","status":"publish","type":"product","link":"https:\/\/www.wepaflyer.com\/de\/produkt\/win-hoffmanns-laterne-s-rot\/","title":{"rendered":"WIN Hoffmanns Laterne S Rot"},"content":{"rendered":"<h3>WINDSPIRATION Hoffmanns Lampion S Rot<\/h3>\n<h3>\u00f8 48 x 104 cm.<\/h3>\n<p>Windspiration Windspiele sind Windspiele von besonderer Qualit\u00e4t und Optik. Form und Design sind so gestaltet, dass diese Windspiele auch bei leichtem Wind mit voller Geschwindigkeit laufen und so ein wundersch\u00f6nes Farbspiel entstehen. Das kugelgelagerte Drehgelenk-Aufh\u00e4ngungssystem garantiert minimalen Widerstand\/Verschlei\u00df und somit eine sehr lange Lebensdauer.<\/p>\n<p>Der Lampion erfordert keine weitere Montage. Flach verpackt wie eine Scheibe entfalten sich sieben Ringe wie eine Ziehharmonika, sobald man sie am Karabinerhaken einh\u00e4ngt. Schr\u00e4ge Spinnaker-Rechtecke zwischen den Ringen sorgen daf\u00fcr, dass sich die Laterne bereits bei der geringsten Brise zu drehen beginnt. Die Laterne bietet vielseitige Aufh\u00e4ngem\u00f6glichkeiten: Unter einer Veranda montiert, wirkt die Laterne mit ihrem schlichten Design elegant und majest\u00e4tisch. An einer langen Teleskopstange h\u00e4ngend, dreht sich die Laterne nicht nur um die eigene Achse, sondern steigt auch langsam in vertikaler Richtung auf und ab. Die Laterne l\u00e4sst sich auch nachtr\u00e4glich problemlos mit herk\u00f6mmlichen LED-Lampen beleuchten. Die tanzenden Laternen leuchten dann im Dunkeln in einem warmen Rot und sorgen f\u00fcr eine mystische Atmosph\u00e4re.<\/p>\n<p>Aus rei\u00dffestem Spinnakertuch. UV- und witterungsbest\u00e4ndig.<\/p>\n<p><b>Mengenrabatte<\/b>; Beim Kauf gr\u00f6\u00dferer Mengen gew\u00e4hren wir folgende Mengenrabatte:<\/p>\n<\/p>\n<ul>\n<li><b>ab 2 St\u00fcck: 5%<\/b><\/li>\n<p>< li ><b>ab 3 St\u00fcck: 10 %<\/b><\/li>\n<li><b>ab 6 St\u00fcck: 15 %<\/b><\/li>\n<li><b>ab 12 St\u00fcck: 20 % <\/b><\/li>\n<\/ul>\n<p>Der Mengenrabatt wird direkt im Warenkorb abgerechnet.<\/p>\n","protected":false},"excerpt":{"rendered":"<p>\u00f8 48 x 104 cm.<\/p>\n","protected":false},"featured_media":13293,"comment_status":"closed","ping_status":"closed","template":"","meta":{"_acf_changed":false},"product_brand":[],"product_cat":[1403,2188],"product_tag":[3634],"class_list":{"0":"post-22106","1":"product","2":"type-product","3":"status-publish","4":"has-post-thumbnail","6":"product_cat-windspiele","7":"product_cat-windspiele-garten","8":"product_tag-windspelen","9":"pa_lengte-cm-104-de","11":"first","12":"instock","13":"taxable","14":"shipping-taxable","15":"purchasable","16":"product-type-simple"},"acf":[],"_links":{"self":[{"href":"https:\/\/www.wepaflyer.com\/de\/wp-json\/wp\/v2\/product\/22106","targetHints":{"allow":["GET"]}}],"collection":[{"href":"https:\/\/www.wepaflyer.com\/de\/wp-json\/wp\/v2\/product"}],"about":[{"href":"https:\/\/www.wepaflyer.com\/de\/wp-json\/wp\/v2\/types\/product"}],"replies":[{"embeddable":true,"href":"https:\/\/www.wepaflyer.com\/de\/wp-json\/wp\/v2\/comments?post=22106"}],"wp:featuredmedia":[{"embeddable":true,"href":"https:\/\/www.wepaflyer.com\/de\/wp-json\/wp\/v2\/media\/13293"}],"wp:attachment":[{"href":"https:\/\/www.wepaflyer.com\/de\/wp-json\/wp\/v2\/media?parent=22106"}],"wp:term":[{"taxonomy":"product_brand","embeddable":true,"href":"https:\/\/www.wepaflyer.com\/de\/wp-json\/wp\/v2\/product_brand?post=22106"},{"taxonomy":"product_cat","embeddable":true,"href":"https:\/\/www.wepaflyer.com\/de\/wp-json\/wp\/v2\/product_cat?post=22106"},{"taxonomy":"product_tag","embeddable":true,"href":"https:\/\/www.wepaflyer.com\/de\/wp-json\/wp\/v2\/product_tag?post=22106"}],"curies":[{"name":"wp","href":"https:\/\/api.w.org\/{rel}","templated":true}]}}