{"id":22101,"date":"2023-12-28T11:57:15","date_gmt":"2023-12-28T10:57:15","guid":{"rendered":"https:\/\/www.wepaflyer.com\/?post_type=product&#038;p=22101"},"modified":"2026-05-04T12:34:11","modified_gmt":"2026-05-04T10:34:11","slug":"win-ha-ballon-28-rainbow-twist","status":"publish","type":"product","link":"https:\/\/www.wepaflyer.com\/de\/produkt\/win-ha-ballon-28-rainbow-twist\/","title":{"rendered":"WIN HA Ballon 28 Rainbow Twist"},"content":{"rendered":"<h3>WINDSPIRATION Hei\u00dfluftballon 28 Rainbow Twist<\/h3>\n<h3>\u00f8 28 x 104 cm. inkl. Spirale<\/h3>\n<p>Windspiration Windspiele sind Windspiele in origineller Ballonform mit einem lackierten Holzkorb. Form und Design sind so gestaltet, dass diese Windspiele auch bei leichtem Wind mit voller Geschwindigkeit laufen und so ein wundersch\u00f6nes Farbspiel entstehen. Das kugelgelagerte Wirbel- und Gleitlager-Aufh\u00e4ngungssystem garantiert minimalen Widerstand\/Verschlei\u00df und somit eine sehr lange Lebensdauer.<\/p>\n<p>Hergestellt aus rei\u00dffestem Spinnakertuch und PET-Material. Ausgestattet mit Anwendung und Druck. UV- und witterungsbest\u00e4ndig, mit perfektem Aufh\u00e4ngesystem.<\/p>\n<p><b>Mengenrabatte<\/b>; Beim Kauf gr\u00f6\u00dferer Mengen gew\u00e4hren wir folgende Mengenrabatte:<\/p>\n<ul>\n<li><b>ab 2 St\u00fcck: 5%<\/b><\/li>\n<li><b > ab 3 St\u00fcck: 10%<\/b><\/li>\n<li><b>ab 6 St\u00fcck: 15%<\/b><\/li>\n<li><b>ab 12 St\u00fcck: 20%<\/b > <\/li>\n<\/ul>\n<p>Der Mengenrabatt gilt sofort im Warenkorb abgelegt.<\/p>\n","protected":false},"excerpt":{"rendered":"<p>\u00f8 28 x 104 cm. inkl. Spirale<\/p>\n","protected":false},"featured_media":13278,"comment_status":"closed","ping_status":"closed","template":"","meta":{"_acf_changed":false},"product_brand":[],"product_cat":[1403,2188],"product_tag":[3634],"class_list":{"0":"post-22101","1":"product","2":"type-product","3":"status-publish","4":"has-post-thumbnail","6":"product_cat-windspiele","7":"product_cat-windspiele-garten","8":"product_tag-windspelen","9":"pa_lengte-cm-104-de","11":"first","12":"instock","13":"taxable","14":"shipping-taxable","15":"purchasable","16":"product-type-simple"},"acf":[],"_links":{"self":[{"href":"https:\/\/www.wepaflyer.com\/de\/wp-json\/wp\/v2\/product\/22101","targetHints":{"allow":["GET"]}}],"collection":[{"href":"https:\/\/www.wepaflyer.com\/de\/wp-json\/wp\/v2\/product"}],"about":[{"href":"https:\/\/www.wepaflyer.com\/de\/wp-json\/wp\/v2\/types\/product"}],"replies":[{"embeddable":true,"href":"https:\/\/www.wepaflyer.com\/de\/wp-json\/wp\/v2\/comments?post=22101"}],"wp:featuredmedia":[{"embeddable":true,"href":"https:\/\/www.wepaflyer.com\/de\/wp-json\/wp\/v2\/media\/13278"}],"wp:attachment":[{"href":"https:\/\/www.wepaflyer.com\/de\/wp-json\/wp\/v2\/media?parent=22101"}],"wp:term":[{"taxonomy":"product_brand","embeddable":true,"href":"https:\/\/www.wepaflyer.com\/de\/wp-json\/wp\/v2\/product_brand?post=22101"},{"taxonomy":"product_cat","embeddable":true,"href":"https:\/\/www.wepaflyer.com\/de\/wp-json\/wp\/v2\/product_cat?post=22101"},{"taxonomy":"product_tag","embeddable":true,"href":"https:\/\/www.wepaflyer.com\/de\/wp-json\/wp\/v2\/product_tag?post=22101"}],"curies":[{"name":"wp","href":"https:\/\/api.w.org\/{rel}","templated":true}]}}