{"id":22081,"date":"2023-12-28T11:56:40","date_gmt":"2023-12-28T10:56:40","guid":{"rendered":"https:\/\/www.wepaflyer.com\/?post_type=product&#038;p=22081"},"modified":"2025-01-21T17:13:22","modified_gmt":"2025-01-21T16:13:22","slug":"tyvek-classic-b-blatt","status":"publish","type":"product","link":"https:\/\/www.wepaflyer.com\/de\/produkt\/tyvek-classic-b-blatt\/","title":{"rendered":"Tyvek CLASSIC-B BLATT"},"content":{"rendered":"<h3>Tyvek: CLASSIC B White pro BLATT<\/h3>\n<h5>PRO BLATT | 105gr\/m\u00b2 &#8211; 70x100cm | 74 Gramm pro Blatt | 1082D<\/h5>\n<div><b>Tyvek Classic B 1082D <\/b>ist auch in von der Rolle in 100cm Breite erh\u00e4ltlich.<\/div>\n<div>\n<p>Dar\u00fcber hinaus sind die folgenden Qualit\u00e4ten von <b>Tyvek<\/b> auch auf Bl\u00e4ttern erh\u00e4ltlich: <b>Dry (1057D), Classic A (1073D)<\/b> und <b>Fasson (PERM ZS) <\/b>selbstklebendes Material.<\/p>\n<\/div>\n<div>\n<p><b>Tyvek Classic B<\/b> ist ein strahlend wei\u00dfer, nicht gewebter Kunststoff mit seidig weicher Oberfl\u00e4che, hergestellt aus reinen Polyethylenfasern. Es ist \u00fcberraschend leicht und elastisch, aber dennoch extrem stark und rei\u00dffest und f\u00fcr viele Anwendungen die ultimative Wahl. Das Material ist vergleichbar mit Papier, aber viel fester und \u201eunzerrei\u00dfbar\u201c und l\u00e4sst sich leicht mit scharfen Falten herstellen.<\/p>\n<p>Wenn dieser <b>Tyvek Classic B<\/b> zu schwer oder zu dick f\u00fcr Ihre Anwendung ist, werfen Sie einen Blick auf <b>Tyvek Dry<\/b> und <b>Tyvek Classic A<\/b> etwas leichtere und d\u00fcnnere Qualit\u00e4ten bei gleichen Eigenschaften.<\/p>\n<p>Die Lieferung des <b>Tyvek Classic B<\/b> in B\u00f6gen erfolgt bei kleinen Mengen aufgerollt, bei gr\u00f6\u00dferen Mengen werden die B\u00f6gen flach geliefert.<\/p>\n<p><span style=\"line-height: 1.5em;\">Wenn Sie an gr\u00f6\u00dferen Mengen interessiert sind, sehen Sie sich bitte die Mengenrabatte unten an.<\/span><\/p>\n<p><strong>TYVEK kann sowohl im klassischen Siebdruck als auch mit einem Tintenstrahldrucker bedruckt werden. Beim Drucken mit einem Tintenstrahldrucker ist eine UV-Trocknung erforderlich, wenn Sie verhindern m\u00f6chten, dass die Tinte ausl\u00e4uft, wenn das Tyvek nass wird.<\/strong><\/p>\n<p><b>Mengenrabatte<\/b>; Beim Kauf gr\u00f6\u00dferer Mengen gew\u00e4hren wir folgende Mengenrabatte:<\/p>\n<ul>\n<li><b>ab 10 Blatt: 5%<\/b><\/li>\n<li><b>ab 25 Blatt: 7,5 %<\/b><\/li>\n<li><b>ab 50 Blatt: 10%<\/b><\/li>\n<li><b>ab 100 Blatt: 15%<\/b><\/li>\n<li><b>ab 250 Blatt: 20 %<\/b><\/li>\n<li><b>ab 500 Blatt: 25 %<\/b><\/li>\n<\/ul>\n<p>Die Mengenrabatte gelten f\u00fcr einen Gesamtkauf der angegebenen Blattanzahl und werden direkt im Warenkorb abgezogen.<\/p>\n<\/div>\n","protected":false},"excerpt":{"rendered":"<p>PRO BLATT | 105gr\/m\u00b2 &#8211; 70x100cm | 74 Gramm pro Blatt | 1082D<\/p>\n","protected":false},"featured_media":13232,"comment_status":"closed","ping_status":"closed","template":"","meta":{"_acf_changed":false},"product_brand":[],"product_cat":[1385,2170],"product_tag":[],"class_list":{"0":"post-22081","1":"product","2":"type-product","3":"status-publish","4":"has-post-thumbnail","6":"product_cat-drachen-zubehor","7":"product_cat-tyvek","8":"pa_breedte-cm-100-de","9":"pa_lengte-cm-70-de","11":"first","12":"instock","13":"taxable","14":"shipping-taxable","15":"purchasable","16":"product-type-simple"},"acf":[],"_links":{"self":[{"href":"https:\/\/www.wepaflyer.com\/de\/wp-json\/wp\/v2\/product\/22081","targetHints":{"allow":["GET"]}}],"collection":[{"href":"https:\/\/www.wepaflyer.com\/de\/wp-json\/wp\/v2\/product"}],"about":[{"href":"https:\/\/www.wepaflyer.com\/de\/wp-json\/wp\/v2\/types\/product"}],"replies":[{"embeddable":true,"href":"https:\/\/www.wepaflyer.com\/de\/wp-json\/wp\/v2\/comments?post=22081"}],"wp:featuredmedia":[{"embeddable":true,"href":"https:\/\/www.wepaflyer.com\/de\/wp-json\/wp\/v2\/media\/13232"}],"wp:attachment":[{"href":"https:\/\/www.wepaflyer.com\/de\/wp-json\/wp\/v2\/media?parent=22081"}],"wp:term":[{"taxonomy":"product_brand","embeddable":true,"href":"https:\/\/www.wepaflyer.com\/de\/wp-json\/wp\/v2\/product_brand?post=22081"},{"taxonomy":"product_cat","embeddable":true,"href":"https:\/\/www.wepaflyer.com\/de\/wp-json\/wp\/v2\/product_cat?post=22081"},{"taxonomy":"product_tag","embeddable":true,"href":"https:\/\/www.wepaflyer.com\/de\/wp-json\/wp\/v2\/product_tag?post=22081"}],"curies":[{"name":"wp","href":"https:\/\/api.w.org\/{rel}","templated":true}]}}