{"id":22078,"date":"2023-12-28T11:56:40","date_gmt":"2023-12-28T10:56:40","guid":{"rendered":"https:\/\/www.wepaflyer.com\/?post_type=product&#038;p=22078"},"modified":"2026-05-04T15:57:07","modified_gmt":"2026-05-04T13:57:07","slug":"tyvek-alle-qualitaeten-musterset-klein","status":"publish","type":"product","link":"https:\/\/www.wepaflyer.com\/de\/produkt\/tyvek-alle-qualitaeten-musterset-klein\/","title":{"rendered":"Tyvek ALLE QUALIT\u00c4TEN Mustersatz Klein"},"content":{"rendered":"<h3>TYVEK SOFT &amp; DRY &amp; CLASSIC A+B &amp; FASSON<\/h3>\n<h5>Mustersatz 50cm\u00b2 pro Qualit\u00e4t | 1442R+1056D+1073D+1082D+FASSON<\/h5>\n<p>Tyvek-Mustersatz in der Qualit\u00e4t SOFT, DRY, CLASSIC A + B &amp; FASSON, damit Sie zu Hause in aller Ruhe die gew\u00fcnschte Qualit\u00e4t ausw\u00e4hlen k\u00f6nnen; 10x5cm = 50cm\u00b2 pro Qualit\u00e4t, d.h. die Muster sind ca. 5x10cm gro\u00df und Sie erhalten von allen Qualit\u00e4ten ein Muster.<\/p>\n<p>Tyvek ist ein Material, das wie Papier aussieht, es aber nicht ist! Tyvek ist synthetisch und besteht aus HDPE-Fasern (hochdichtes Polyethylen). Das Material wurde von der Firma DuPont entwickelt und als Marke eingetragen. Es besteht aus willk\u00fcrlich orientierten und thermisch fixierten Fasern aus reinem HDPE.<\/p>\n<p>Tyvek sieht aus wie Papier und l\u00e4sst sich gut beschriften und einf\u00e4rben, rei\u00dft aber nicht und ist fl\u00fcssigkeitsdicht und wasserdampfdurchl\u00e4ssig. Das Material ist schneidbar mit Schere und Messer. Tyvek wird als Papierersatz verwendet und ist ein ideales Material f\u00fcr den Drachenbau, siehe auch unsere Basteldrachen.<\/p>\n<p><strong>TYVEK kann sowohl im klassischen Siebdruck als auch mit einem Tintenstrahldrucker bedruckt werden. Beim Drucken mit einem Tintenstrahldrucker ist eine UV-Trocknung erforderlich, wenn Sie verhindern m\u00f6chten, dass die Tinte ausl\u00e4uft, wenn das Tyvek nass wird.<\/strong><\/p>\n<p>Wir bieten Tyvek in verschiedenen Ausf\u00fchrungen an, der weichen <strong>SOFT-Qualit\u00e4t (43gr\/m\u00b2)<\/strong>, der etwas steiferen <strong>DRY-Qualit\u00e4t (59gr\/m\u00b2)<\/strong>, den festen <strong>Qualit\u00e4ten CLASSIC A + B (75gr\/m\u00b2<\/strong> bzw. <strong>105gr\/m\u00b2)<\/strong> und der <strong>FASSON-Qualit\u00e4t<\/strong> mit selbstklebende R\u00fcckseite. Welche Qualit\u00e4t Sie w\u00e4hlen, h\u00e4ngt davon ab, wof\u00fcr Sie es verwenden m\u00f6chten. Mit den Mustern aus diesem Mustersatz k\u00f6nnen Sie testen und ausprobieren, welche Tyvek-Qualit\u00e4t f\u00fcr Sie am besten geeignet ist.<\/p>\n<p><strong>F\u00fcr diesen Mustersatz fallen keine Versandkosten an.<\/strong><\/p>\n","protected":false},"excerpt":{"rendered":"<p>Mustersatz 50cm\u00b2 pro Qualit\u00e4t | 1442R+1056D+1073D+1082D+FASSON<\/p>\n","protected":false},"featured_media":13223,"comment_status":"closed","ping_status":"closed","template":"","meta":{"_acf_changed":false},"product_brand":[],"product_cat":[1385,2154,2170],"product_tag":[3635],"class_list":{"0":"post-22078","1":"product","2":"type-product","3":"status-publish","4":"has-post-thumbnail","6":"product_cat-drachen-zubehor","7":"product_cat-drachentuch","8":"product_cat-tyvek","9":"product_tag-vliegerdoek","10":"product_shipping_class-proben-set","12":"first","13":"instock","14":"taxable","15":"shipping-taxable","16":"purchasable","17":"product-type-simple"},"acf":[],"_links":{"self":[{"href":"https:\/\/www.wepaflyer.com\/de\/wp-json\/wp\/v2\/product\/22078","targetHints":{"allow":["GET"]}}],"collection":[{"href":"https:\/\/www.wepaflyer.com\/de\/wp-json\/wp\/v2\/product"}],"about":[{"href":"https:\/\/www.wepaflyer.com\/de\/wp-json\/wp\/v2\/types\/product"}],"replies":[{"embeddable":true,"href":"https:\/\/www.wepaflyer.com\/de\/wp-json\/wp\/v2\/comments?post=22078"}],"wp:featuredmedia":[{"embeddable":true,"href":"https:\/\/www.wepaflyer.com\/de\/wp-json\/wp\/v2\/media\/13223"}],"wp:attachment":[{"href":"https:\/\/www.wepaflyer.com\/de\/wp-json\/wp\/v2\/media?parent=22078"}],"wp:term":[{"taxonomy":"product_brand","embeddable":true,"href":"https:\/\/www.wepaflyer.com\/de\/wp-json\/wp\/v2\/product_brand?post=22078"},{"taxonomy":"product_cat","embeddable":true,"href":"https:\/\/www.wepaflyer.com\/de\/wp-json\/wp\/v2\/product_cat?post=22078"},{"taxonomy":"product_tag","embeddable":true,"href":"https:\/\/www.wepaflyer.com\/de\/wp-json\/wp\/v2\/product_tag?post=22078"}],"curies":[{"name":"wp","href":"https:\/\/api.w.org\/{rel}","templated":true}]}}