{"id":22076,"date":"2023-12-28T11:56:40","date_gmt":"2023-12-28T10:56:40","guid":{"rendered":"https:\/\/www.wepaflyer.com\/?post_type=product&#038;p=22076"},"modified":"2026-05-04T15:57:07","modified_gmt":"2026-05-04T13:57:07","slug":"tyvek-classic-b-100cm-rolle","status":"publish","type":"product","link":"https:\/\/www.wepaflyer.com\/de\/produkt\/tyvek-classic-b-100cm-rolle\/","title":{"rendered":"Tyvek CLASSIC-B 100cm ROLLE"},"content":{"rendered":"<h3>Tyvek: CLASSIC B White 100 cm von der Rolle<\/h3>\n<h5>PRO LAUFENDER METER VON DER ROLLE | 105gr\/m\u00b2 &#8211; 100cm breit | 1082D<\/h5>\n<div>\n<p>Bei uns k\u00f6nnen Sie bei Lieferung auf vollen Rollen aus drei Varianten von <strong>Tyvek<\/strong> w\u00e4hlen, n\u00e4mlich <b>Tyvek Dry 1056D<\/b> und <b>Tyvek Soft 1442R<\/b> und <b>Tyvek Classic B<\/b><\/p>\n<\/div>\n<div>\n<p>Dar\u00fcber hinaus k\u00f6nnen Sie bei Bl\u00e4ttern aus den folgenden Qualit\u00e4ten von <b>Tyvek<\/b> w\u00e4hlen: <b>Dry (1056D), Classic A (1073D), Classic B (1082D)<\/b> und <b>Fasson (PERM ZS) <\/b>selbstklebendes Material.<\/p>\n<\/div>\n<div>\n<p><b>Tyvek Classic B<\/b> ist ein strahlend wei\u00dfer, nicht gewebter Kunststoff mit seidig weicher Oberfl\u00e4che, hergestellt aus reinen Polyethylenfasern. Es ist \u00fcberraschend leicht und elastisch, aber dennoch extrem stark und rei\u00dffest und f\u00fcr viele Anwendungen die ultimative Wahl. Das Material ist vergleichbar mit Papier, aber viel fester und \u201eunzerrei\u00dfbar\u201c und l\u00e4sst sich leicht mit scharfen Falten herstellen.<\/p>\n<p>Wenn dieser <b>Tyvek Classic B<\/b> zu schwer oder zu dick f\u00fcr Ihre Anwendung ist, werfen Sie einen Blick auf <b>Tyvek Dry<\/b> und <b>Tyvek Classic A<\/b> etwas leichtere und d\u00fcnnere Qualit\u00e4ten bei gleichen Eigenschaften.<\/p>\n<p>Die Lieferung des <b>Tyvek Classic B<\/b> von der Rolle erfolgt gerollt. Die Mindestabnahme betr\u00e4gt nur 1 Meter. Wir schneiden das <strong>Tyvek Classic B<\/strong> speziell f\u00fcr Sie von der Rolle und <strong>weil wir es speziell zuschneiden, nehmen wir es nicht zur\u00fcck!<\/strong><\/p>\n<p>Wenn Sie an gr\u00f6\u00dferen Mengen interessiert sind, beachten Sie bitte die Mengenrabatte unten.<\/p>\n<p><strong>TYVEK kann sowohl im klassischen Siebdruck als auch mit einem Tintenstrahldrucker bedruckt werden. Beim Drucken mit einem Tintenstrahldrucker ist eine UV-Trocknung erforderlich, wenn Sie verhindern m\u00f6chten, dass die Tinte ausl\u00e4uft, wenn das Tyvek nass wird.<\/strong><\/p>\n<p><b>Mengenrabatte<\/b>; Beim Kauf gr\u00f6\u00dferer Mengen gew\u00e4hren wir folgende Mengenrabatte:<\/p>\n<ul>\n<li><b>ab 10 Metern: 5 %<\/b><\/li>\n<li><b>ab 25 Metern: 7,5 %<\/b><\/li>\n<li><b>ab 50 Metern: 10 %<\/b><\/li>\n<li><b>ab 100 Metern: 15 %<\/b><\/li>\n<li><b>ab 250 Metern: 20 %<\/b><\/li>\n<li><b>ab 500 Metern: 25 %<\/b><\/li>\n<\/ul>\n<p>Die Mengenrabatte gelten f\u00fcr einen Gesamtkauf der angegebenen Meterzahl und der Rabatt wird direkt im Warenkorb abgezogen.<\/p>\n<\/div>\n","protected":false},"excerpt":{"rendered":"<p>PRO LAUFENDER METER VON DER ROLLE | 105gr\/m\u00b2 &#8211; 100cm breit | 1082D<\/p>\n","protected":false},"featured_media":13213,"comment_status":"closed","ping_status":"closed","template":"","meta":{"_acf_changed":false},"product_brand":[],"product_cat":[1385,2154,2170],"product_tag":[3635],"class_list":{"0":"post-22076","1":"product","2":"type-product","3":"status-publish","4":"has-post-thumbnail","6":"product_cat-drachen-zubehor","7":"product_cat-drachentuch","8":"product_cat-tyvek","9":"product_tag-vliegerdoek","11":"first","12":"instock","13":"taxable","14":"shipping-taxable","15":"purchasable","16":"product-type-simple"},"acf":[],"_links":{"self":[{"href":"https:\/\/www.wepaflyer.com\/de\/wp-json\/wp\/v2\/product\/22076","targetHints":{"allow":["GET"]}}],"collection":[{"href":"https:\/\/www.wepaflyer.com\/de\/wp-json\/wp\/v2\/product"}],"about":[{"href":"https:\/\/www.wepaflyer.com\/de\/wp-json\/wp\/v2\/types\/product"}],"replies":[{"embeddable":true,"href":"https:\/\/www.wepaflyer.com\/de\/wp-json\/wp\/v2\/comments?post=22076"}],"wp:featuredmedia":[{"embeddable":true,"href":"https:\/\/www.wepaflyer.com\/de\/wp-json\/wp\/v2\/media\/13213"}],"wp:attachment":[{"href":"https:\/\/www.wepaflyer.com\/de\/wp-json\/wp\/v2\/media?parent=22076"}],"wp:term":[{"taxonomy":"product_brand","embeddable":true,"href":"https:\/\/www.wepaflyer.com\/de\/wp-json\/wp\/v2\/product_brand?post=22076"},{"taxonomy":"product_cat","embeddable":true,"href":"https:\/\/www.wepaflyer.com\/de\/wp-json\/wp\/v2\/product_cat?post=22076"},{"taxonomy":"product_tag","embeddable":true,"href":"https:\/\/www.wepaflyer.com\/de\/wp-json\/wp\/v2\/product_tag?post=22076"}],"curies":[{"name":"wp","href":"https:\/\/api.w.org\/{rel}","templated":true}]}}