{"id":22073,"date":"2023-12-28T11:56:40","date_gmt":"2023-12-28T10:56:40","guid":{"rendered":"https:\/\/www.wepaflyer.com\/?post_type=product&#038;p=22073"},"modified":"2024-11-22T13:05:34","modified_gmt":"2024-11-22T12:05:34","slug":"tubetail-blackwhite-6-meter-farbverlauf","status":"publish","type":"product","link":"https:\/\/www.wepaflyer.com\/de\/produkt\/tubetail-blackwhite-6-meter-farbverlauf\/","title":{"rendered":"TubeTail Black&#038;White 6 Meter Farbverlauf"},"content":{"rendered":"<h3>TUBETAIL SCHWARZ-WEI\u00df-VERLAUF 6 METER<\/h3>\n<h5>620 cm Tube Tail im Farbverlauf Schwarz-Wei\u00df<\/h5>\n<p>Unsere bezaubernden HQ Tube Tails sind die perfekte Erg\u00e4nzung f\u00fcr jeden Drachen. An einem Sportlenkdrachen befestigt, bieten Loopings, Achter, Kreise und andere Flugfiguren in der Luft ein beeindruckendes Schauspiel f\u00fcr Piloten und Zuschauer.<\/p>\n<p>Durchmesser: 10 cm L\u00e4nge: 6,2 m<\/p>\n<p> Hergestellt aus Nylon-Polyester-Gewebe.<\/p>\n<p>Wird in der abgebildeten Version geliefert.<\/p>\n<p><b>Mengenrabatte<\/b>; Beim Kauf gr\u00f6\u00dferer Mengen gew\u00e4hren wir folgende Mengenrabatte:<\/p>\n<\/p>\n<ul>\n<li><b>ab 3 St\u00fcck: 2,5%<\/b> <\/li >\n<li><b>ab 6 St\u00fcck: 5%<\/b><\/li>\n<li><b>ab 12 St\u00fcck: 7,5%<\/b><\/li>\n<li>< b>ab 24 St\u00fcck : 10%<\/b><\/li>\n<\/ul>\n<p>Der Mengenrabatt wird direkt im Warenkorb abgezogen.<\/p>\n","protected":false},"excerpt":{"rendered":"<p>Nylon-Schlauchschwanz | Schwarz-Wei\u00df-Farbverlauf 620 cm<\/p>\n","protected":false},"featured_media":13207,"comment_status":"closed","ping_status":"closed","template":"","meta":{"_acf_changed":false},"product_brand":[],"product_cat":[1385,2174],"product_tag":[],"class_list":{"0":"post-22073","1":"product","2":"type-product","3":"status-publish","4":"has-post-thumbnail","6":"product_cat-drachen-zubehor","7":"product_cat-drachenteile-metall","9":"first","10":"instock","11":"taxable","12":"shipping-taxable","13":"purchasable","14":"product-type-simple"},"acf":[],"_links":{"self":[{"href":"https:\/\/www.wepaflyer.com\/de\/wp-json\/wp\/v2\/product\/22073","targetHints":{"allow":["GET"]}}],"collection":[{"href":"https:\/\/www.wepaflyer.com\/de\/wp-json\/wp\/v2\/product"}],"about":[{"href":"https:\/\/www.wepaflyer.com\/de\/wp-json\/wp\/v2\/types\/product"}],"replies":[{"embeddable":true,"href":"https:\/\/www.wepaflyer.com\/de\/wp-json\/wp\/v2\/comments?post=22073"}],"wp:featuredmedia":[{"embeddable":true,"href":"https:\/\/www.wepaflyer.com\/de\/wp-json\/wp\/v2\/media\/13207"}],"wp:attachment":[{"href":"https:\/\/www.wepaflyer.com\/de\/wp-json\/wp\/v2\/media?parent=22073"}],"wp:term":[{"taxonomy":"product_brand","embeddable":true,"href":"https:\/\/www.wepaflyer.com\/de\/wp-json\/wp\/v2\/product_brand?post=22073"},{"taxonomy":"product_cat","embeddable":true,"href":"https:\/\/www.wepaflyer.com\/de\/wp-json\/wp\/v2\/product_cat?post=22073"},{"taxonomy":"product_tag","embeddable":true,"href":"https:\/\/www.wepaflyer.com\/de\/wp-json\/wp\/v2\/product_tag?post=22073"}],"curies":[{"name":"wp","href":"https:\/\/api.w.org\/{rel}","templated":true}]}}