{"id":22072,"date":"2023-12-28T11:56:40","date_gmt":"2023-12-28T10:56:40","guid":{"rendered":"https:\/\/www.wepaflyer.com\/?post_type=product&#038;p=22072"},"modified":"2026-05-04T16:12:49","modified_gmt":"2026-05-04T14:12:49","slug":"tubetail-blackwhite-24-meter-farbverlauf","status":"publish","type":"product","link":"https:\/\/www.wepaflyer.com\/de\/produkt\/tubetail-blackwhite-24-meter-farbverlauf\/","title":{"rendered":"TubeTail Black&#038;White 24 Meter Farbverlauf"},"content":{"rendered":"<h3>TUBETAIL SCHWARZ-WEI\u00df-VERLAUF 24 METER<\/h3>\n<h5>2400 cm Tube-Tail im Farbverlauf Schwarz-Wei\u00df<\/h5>\n<p>Unsere bezaubernden HQ-Tube-Tails sind die perfekte Erg\u00e4nzung f\u00fcr jeden Drachen. An einem Sportlenkdrachen befestigt, bieten Loopings, Achter, Kreise und andere Flugfiguren in der Luft ein beeindruckendes Schauspiel f\u00fcr Piloten und Zuschauer.<\/p>\n<p>Durchmesser: 10 cm L\u00e4nge: 24 m<\/p>\n<p> Hergestellt aus Nylon-Polyester-Gewebe.< \/p><\/p>\n<p>Wird in der abgebildeten Version geliefert.<\/p>\n<p><b>Mengenrabatte<\/b>; Beim Kauf gr\u00f6\u00dferer Mengen gew\u00e4hren wir folgende Mengenrabatte:<\/p>\n<\/p>\n<ul>\n<li><b>ab 2 St\u00fcck: 2,5%<\/b> <\/li >\n<li><b>ab 4 St\u00fcck: 5%<\/b><\/li>\n<li><b>ab 8 St\u00fcck: 7,5%<\/b><\/li>\n<li>< b>ab 16 St\u00fcck : 10%<\/b><\/li>\n<\/ul>\n<p>Der Mengenrabatt wird direkt im Warenkorb abgerechnet.<\/p>\n","protected":false},"excerpt":{"rendered":"<p>Nylon-Schlauchschwanz | Schwarz-Wei\u00df-Farbverlauf 2400 cm<\/p>\n","protected":false},"featured_media":13205,"comment_status":"closed","ping_status":"closed","template":"","meta":{"_acf_changed":false},"product_brand":[],"product_cat":[1385,2174],"product_tag":[3627],"class_list":{"0":"post-22072","1":"product","2":"type-product","3":"status-publish","4":"has-post-thumbnail","6":"product_cat-drachen-zubehor","7":"product_cat-drachenteile-metall","8":"product_tag-onderdelen","10":"first","11":"instock","12":"taxable","13":"shipping-taxable","14":"purchasable","15":"product-type-simple"},"acf":[],"_links":{"self":[{"href":"https:\/\/www.wepaflyer.com\/de\/wp-json\/wp\/v2\/product\/22072","targetHints":{"allow":["GET"]}}],"collection":[{"href":"https:\/\/www.wepaflyer.com\/de\/wp-json\/wp\/v2\/product"}],"about":[{"href":"https:\/\/www.wepaflyer.com\/de\/wp-json\/wp\/v2\/types\/product"}],"replies":[{"embeddable":true,"href":"https:\/\/www.wepaflyer.com\/de\/wp-json\/wp\/v2\/comments?post=22072"}],"wp:featuredmedia":[{"embeddable":true,"href":"https:\/\/www.wepaflyer.com\/de\/wp-json\/wp\/v2\/media\/13205"}],"wp:attachment":[{"href":"https:\/\/www.wepaflyer.com\/de\/wp-json\/wp\/v2\/media?parent=22072"}],"wp:term":[{"taxonomy":"product_brand","embeddable":true,"href":"https:\/\/www.wepaflyer.com\/de\/wp-json\/wp\/v2\/product_brand?post=22072"},{"taxonomy":"product_cat","embeddable":true,"href":"https:\/\/www.wepaflyer.com\/de\/wp-json\/wp\/v2\/product_cat?post=22072"},{"taxonomy":"product_tag","embeddable":true,"href":"https:\/\/www.wepaflyer.com\/de\/wp-json\/wp\/v2\/product_tag?post=22072"}],"curies":[{"name":"wp","href":"https:\/\/api.w.org\/{rel}","templated":true}]}}