{"id":22067,"date":"2023-12-28T11:56:06","date_gmt":"2023-12-28T10:56:06","guid":{"rendered":"https:\/\/www.wepaflyer.com\/?post_type=product&#038;p=22067"},"modified":"2024-12-20T13:45:39","modified_gmt":"2024-12-20T12:45:39","slug":"sportdrachen-trio-paket","status":"publish","type":"product","link":"https:\/\/www.wepaflyer.com\/de\/produkt\/sportdrachen-trio-paket\/","title":{"rendered":"Sportlenkdrachen Trio Pack"},"content":{"rendered":"<h3>Sportlenkdrachen Trio Paket<\/h3>\n<h4>Bizzy \u2013 Hot Fly \u2013 Sporty | R2F &#8211; Flugfertig| 3 Sportlenkdrachen zum Preis von 2!<\/h4>\n<div style=\"text-align: right;\"><img decoding=\"async\" src=\"\/wepaflyer\/images\/call-to - action\/buy-and-fly-call-to-action-wepa-flyer.png\" \/><\/div>\n<p style=\"text-align: justify;\"><strong>Ein fantastisches Sportlenkdrachenangebot f\u00fcr Kinder und Anf\u00e4nger.<\/strong><\/p>\n<p style=\"text-align: justify;\">Drei Lenkdrachen zum Preis von zwei!<br \/>\nDu bekommst den Bizzy, den Hot Fly und den Sporty f\u00fcr nur 29,95 statt 47,85! M\u00f6chtest du drei Kindern eine Freude machen? Oder m\u00f6chtest du sie einfach alle f\u00fcr dich behalten? Wie auch immer, nutzen Sie es jetzt!<\/p>\n<p style=\"text-align: justify;\"><span style=\"line-height: 1.5em;\">Der <b><i>Bizzy <\/i><\/b>ist Jahr f\u00fcr Jahr der beliebteste Delta-Stunter in unserer Kollektion. Geeignet f\u00fcr Jung und Alt, grundsolide, praktisch unzerst\u00f6rbar und fliegt von der leichtesten Brise bis zum st\u00e4rksten Sturmwind. Fliegt extrem stabil. Aus robustem Spinnakertuch in vielen Farbkombinationen. Glasfasergest\u00e4nge in 4mm.<\/span><\/p>\n<p style=\"text-align: justify;\"><span style=\"line-height: 1.5em;\">Die <b><i>Hot Fly<\/i><\/b> ist ein Lenkdrachen im echten \u201ePro-Kite-Look\u201c und dennoch aufgrund seiner einfachen Handhabung, Solidit\u00e4t und stabilen Flugweise f\u00fcr Jung und Alt geeignet. Die obere Querspreize sorgt f\u00fcr zus\u00e4tzliche Stabilit\u00e4t und dieses Modell bietet die M\u00f6glichkeit, die allerersten Tricks des Trickkitens auszuprobieren. Grundsolide, praktisch unzerst\u00f6rbar und fliegt von der leichtesten Brise bis zum st\u00e4rksten Sturmwind. Aus robustem Spinnakertuch in vielen Farbkombinationen. Glasfasergest\u00e4nge in 4mm.<\/span><\/p>\n<p style=\"text-align: justify;\"><span style=\"line-height: 1.5em;\">Der <b><i>Sporty<\/i><\/b> ist der j\u00fcngere Bruder des Bizzy. Es hat keine obere Querstange und fliegt daher etwas wilder und r\u00fccksichtsloser, aber manche Leute m\u00f6gen das. Aus robustem Spinnakertuch in vielen Farbkombinationen. Fiberglasgest\u00e4nge in 4mm.<\/span><\/p>\n<p style=\"text-align: justify;\">Alle Drachen werden R2F (Ready-to-Fly = flugfertig) in verschiedenen Farbkombinationen mit passenden Lenkschn\u00fcren auf 2 Drachengriffen geliefert.<br \/>\nAnweisungen im Paket enthalten. Verpackt in PE- oder eXiting Beutel.<\/p>\n","protected":false},"excerpt":{"rendered":"<p>Sportlenkdrachen Trio Paket |\u00a0Bizzy \u2013 Hot Fly \u2013 Sporty | R2F &#8211; Flugfertig| 3 Sportlenkdrachen zum Preis von 2!<\/p>\n","protected":false},"featured_media":13195,"comment_status":"closed","ping_status":"closed","template":"","meta":{"_acf_changed":false},"product_brand":[],"product_cat":[1396,3553,2169,1348,2165],"product_tag":[],"class_list":{"0":"post-22067","1":"product","2":"type-product","3":"status-publish","4":"has-post-thumbnail","6":"product_cat-drachen","7":"product_cat-drachenpakete","8":"product_cat-lenkdrachen","9":"product_cat-marken","10":"product_cat-wepa","12":"first","13":"instock","14":"sale","15":"taxable","16":"shipping-taxable","17":"purchasable","18":"product-type-simple"},"acf":[],"_links":{"self":[{"href":"https:\/\/www.wepaflyer.com\/de\/wp-json\/wp\/v2\/product\/22067","targetHints":{"allow":["GET"]}}],"collection":[{"href":"https:\/\/www.wepaflyer.com\/de\/wp-json\/wp\/v2\/product"}],"about":[{"href":"https:\/\/www.wepaflyer.com\/de\/wp-json\/wp\/v2\/types\/product"}],"replies":[{"embeddable":true,"href":"https:\/\/www.wepaflyer.com\/de\/wp-json\/wp\/v2\/comments?post=22067"}],"wp:featuredmedia":[{"embeddable":true,"href":"https:\/\/www.wepaflyer.com\/de\/wp-json\/wp\/v2\/media\/13195"}],"wp:attachment":[{"href":"https:\/\/www.wepaflyer.com\/de\/wp-json\/wp\/v2\/media?parent=22067"}],"wp:term":[{"taxonomy":"product_brand","embeddable":true,"href":"https:\/\/www.wepaflyer.com\/de\/wp-json\/wp\/v2\/product_brand?post=22067"},{"taxonomy":"product_cat","embeddable":true,"href":"https:\/\/www.wepaflyer.com\/de\/wp-json\/wp\/v2\/product_cat?post=22067"},{"taxonomy":"product_tag","embeddable":true,"href":"https:\/\/www.wepaflyer.com\/de\/wp-json\/wp\/v2\/product_tag?post=22067"}],"curies":[{"name":"wp","href":"https:\/\/api.w.org\/{rel}","templated":true}]}}