{"id":22062,"date":"2023-12-28T11:56:06","date_gmt":"2023-12-28T10:56:06","guid":{"rendered":"https:\/\/www.wepaflyer.com\/?post_type=product&#038;p=22062"},"modified":"2026-05-04T12:38:10","modified_gmt":"2026-05-04T10:38:10","slug":"speedwing-x1-kupplungssatz","status":"publish","type":"product","link":"https:\/\/www.wepaflyer.com\/de\/produkt\/speedwing-x1-kupplungssatz\/","title":{"rendered":"Speedwing X1 Verbindersatz"},"content":{"rendered":"<h3><span style=\"line-height: 1.5em;\">SPEEDWING X1 Verbindersatz<\/span><\/h3>\n<h4><span>3 Verbindungsschn\u00fcre = 1 Satz |\u00a0 100cm | 90daN<\/span><\/h4>\n<p><span>Verbindersatz f\u00fcr die Speedwing X1, einer der Klassiker im Allround Lenkdrachenfliegen.<\/span><\/p>\n<p><span>Mit Hilfe dieses Verbindersatzes kann die Speedwing X1 in Formation geflogen werden, das sogenannte\u00a0<b>Stack-Kiting<\/b>. Alles was du brauchst sind diese 3 Verbindungsschn\u00fcre in 90daN St\u00e4rke in der richtigen L\u00e4nge die du auf korrekter Weise anbringst, plus eventuell st\u00e4rkere Flugleinen wenn du in Formation von 3, 5, 10 oder mehr St\u00fcck fliegen m\u00f6chtest.<\/span><\/p>\n<p><span>Die Speedwing X1 ist geignet f\u00fcr Anf\u00e4nger in der Speed&amp;Power Klasse und fliegt optimal bei Windst\u00e4rken zwischen 2 und 7 Bft.<\/span><\/p>\n<p><span>Empfohlene Schnurst\u00e4rken (Flugleinen) beim Formationsflug (Stack-Kiting) sind:<\/span><\/p>\n<ul>\n<li>3er Formation: 75daN<\/li>\n<li>5er Formation: 110daN<\/li>\n<li>10er Formation: 170daN<\/li>\n<\/ul>\n","protected":false},"excerpt":{"rendered":"<p><span>3 Verbindungsschn\u00fcre = 1 Satz |\u00a0 100cm | 90daN<\/span><\/p>\n","protected":false},"featured_media":13183,"comment_status":"closed","ping_status":"closed","template":"","meta":{"_acf_changed":false},"product_brand":[],"product_cat":[2168,2183,1348,1384,3556],"product_tag":[3637],"class_list":{"0":"post-22062","1":"product","2":"type-product","3":"status-publish","4":"has-post-thumbnail","6":"product_cat-cross-kites","7":"product_cat-kite-zubehor","8":"product_cat-marken","9":"product_cat-sale","10":"product_cat-speedwing-de","11":"product_tag-accessoires","12":"pa_lengte-cm-12-de","14":"first","15":"instock","16":"sale","17":"taxable","18":"shipping-taxable","19":"purchasable","20":"product-type-simple"},"acf":[],"_links":{"self":[{"href":"https:\/\/www.wepaflyer.com\/de\/wp-json\/wp\/v2\/product\/22062","targetHints":{"allow":["GET"]}}],"collection":[{"href":"https:\/\/www.wepaflyer.com\/de\/wp-json\/wp\/v2\/product"}],"about":[{"href":"https:\/\/www.wepaflyer.com\/de\/wp-json\/wp\/v2\/types\/product"}],"replies":[{"embeddable":true,"href":"https:\/\/www.wepaflyer.com\/de\/wp-json\/wp\/v2\/comments?post=22062"}],"wp:featuredmedia":[{"embeddable":true,"href":"https:\/\/www.wepaflyer.com\/de\/wp-json\/wp\/v2\/media\/13183"}],"wp:attachment":[{"href":"https:\/\/www.wepaflyer.com\/de\/wp-json\/wp\/v2\/media?parent=22062"}],"wp:term":[{"taxonomy":"product_brand","embeddable":true,"href":"https:\/\/www.wepaflyer.com\/de\/wp-json\/wp\/v2\/product_brand?post=22062"},{"taxonomy":"product_cat","embeddable":true,"href":"https:\/\/www.wepaflyer.com\/de\/wp-json\/wp\/v2\/product_cat?post=22062"},{"taxonomy":"product_tag","embeddable":true,"href":"https:\/\/www.wepaflyer.com\/de\/wp-json\/wp\/v2\/product_tag?post=22062"}],"curies":[{"name":"wp","href":"https:\/\/api.w.org\/{rel}","templated":true}]}}