{"id":22061,"date":"2023-12-28T11:56:06","date_gmt":"2023-12-28T10:56:06","guid":{"rendered":"https:\/\/www.wepaflyer.com\/?post_type=product&#038;p=22061"},"modified":"2026-05-04T16:04:43","modified_gmt":"2026-05-04T14:04:43","slug":"soft-swirl-rainbow-6-meter","status":"publish","type":"product","link":"https:\/\/www.wepaflyer.com\/de\/produkt\/soft-swirl-rainbow-6-meter\/","title":{"rendered":"Soft Swirl Rainbow 6 Meter"},"content":{"rendered":"<h3>SOFT SWIRL RAINBOW 6 METER<\/h3>\n<h4>Regenbogenfarbiger Swirl Tail (Wirbelschweif) | 600 cm<\/h4>\n<p>Der in jeder Hinsicht au\u00dfergew\u00f6hnliche Soft Swirl Rainbow zeichnet mit seinen langsam rotierenden Schweifen bezaubernde Bilder in den Himmel. Als Leinendekoration ist der Soft Swirl eine perfekte Erg\u00e4nzung f\u00fcr gr\u00f6\u00dfere 1-Leiner-Drachen.<\/p>\n<p>Durchmesser: 86 cm L\u00e4nge: 6 m<\/p>\n<p>Hergestellt aus robustem Nylon-Polyester-Tuch.<\/p>\n<p>Lieferung erfolgt in der abgebildeten Ausf\u00fchrung.<\/p>\n","protected":false},"excerpt":{"rendered":"<p>Regenbogenfarbiger Swirl Tail (Wirbelschweif) | 600 cm<\/p>\n","protected":false},"featured_media":88065,"comment_status":"closed","ping_status":"closed","template":"","meta":{"_acf_changed":false},"product_brand":[],"product_cat":[2183,2182,2177,1348,1403],"product_tag":[3642],"class_list":{"0":"post-22061","1":"product","2":"type-product","3":"status-publish","4":"has-post-thumbnail","6":"product_cat-kite-zubehor","7":"product_cat-festival-drachen","8":"product_cat-hq-kites","9":"product_cat-marken","10":"product_cat-windspiele","11":"product_tag-festivalvliegers","13":"first","14":"instock","15":"sale","16":"taxable","17":"shipping-taxable","18":"purchasable","19":"product-type-simple"},"acf":[],"_links":{"self":[{"href":"https:\/\/www.wepaflyer.com\/de\/wp-json\/wp\/v2\/product\/22061","targetHints":{"allow":["GET"]}}],"collection":[{"href":"https:\/\/www.wepaflyer.com\/de\/wp-json\/wp\/v2\/product"}],"about":[{"href":"https:\/\/www.wepaflyer.com\/de\/wp-json\/wp\/v2\/types\/product"}],"replies":[{"embeddable":true,"href":"https:\/\/www.wepaflyer.com\/de\/wp-json\/wp\/v2\/comments?post=22061"}],"wp:featuredmedia":[{"embeddable":true,"href":"https:\/\/www.wepaflyer.com\/de\/wp-json\/wp\/v2\/media\/88065"}],"wp:attachment":[{"href":"https:\/\/www.wepaflyer.com\/de\/wp-json\/wp\/v2\/media?parent=22061"}],"wp:term":[{"taxonomy":"product_brand","embeddable":true,"href":"https:\/\/www.wepaflyer.com\/de\/wp-json\/wp\/v2\/product_brand?post=22061"},{"taxonomy":"product_cat","embeddable":true,"href":"https:\/\/www.wepaflyer.com\/de\/wp-json\/wp\/v2\/product_cat?post=22061"},{"taxonomy":"product_tag","embeddable":true,"href":"https:\/\/www.wepaflyer.com\/de\/wp-json\/wp\/v2\/product_tag?post=22061"}],"curies":[{"name":"wp","href":"https:\/\/api.w.org\/{rel}","templated":true}]}}