{"id":22060,"date":"2023-12-28T11:56:06","date_gmt":"2023-12-28T10:56:06","guid":{"rendered":"https:\/\/www.wepaflyer.com\/?post_type=product&#038;p=22060"},"modified":"2024-11-22T13:05:32","modified_gmt":"2024-11-22T12:05:32","slug":"schlittendrachen-sled-s","status":"publish","type":"product","link":"https:\/\/www.wepaflyer.com\/de\/produkt\/schlittendrachen-sled-s\/","title":{"rendered":"Schlittendrachen \/ Sled S"},"content":{"rendered":"<h3>Schlittendrachen \/ Sled S Tyvek Workshop-Drachen<\/h3>\n<h3>55 x 49 cm. | Bereit zum Fliegen<\/h3>\n<p style=\"text-align: justify;\">Der klassische und beliebte Schlittendrachen. Wenn Sie sich an die Anleitung halten, kann fast nichts schiefgehen. Wenn Sie es nicht herausfinden k\u00f6nnen, bitten Sie Ihren Vater, Ihre Mutter, Ihren Gro\u00dfvater oder Ihre Gro\u00dfmutter um Hilfe&#8230; Stellen Sie nur sicher, dass Sie den Drachen zur\u00fcckbekommen und sie ihn nicht stehlen&#8230;!<\/p>\n<p style=\"text-align: justify;\">Dieses Modell ben\u00f6tigt etwas mehr Zeit und Aufmerksamkeit, um es fertigzustellen und ist daher vorzugsweise f\u00fcr die \u00e4lteren Kinder und Bastler unter uns geeignet. Aber wenn es fertig ist, haben Sie auch etwas! Das Einzige, was Sie f\u00fcr diesen Schlittendrachen zus\u00e4tzlich ben\u00f6tigen, ist eine Rolle Klebeband und eine Schere. Unschlagbar in Preis und Leistung. Befolgen Sie die Anweisungen und achten Sie auf die Symmetrie. Man kann nichts falsch machen, lass einfach einen Drachen steigen!<\/p>\n<p style=\"text-align: justify;\">Der Kite wird R2F (Ready-to-Fly) mit Kite-Garnrolle und Anleitungsblatt geliefert. Einzeln verpackt in einer PE-H\u00fclle.<\/p>\n<p><b>Mengenrabatte<\/b>; Beim Kauf gr\u00f6\u00dferer Mengen gew\u00e4hren wir folgende Mengenrabatte:<\/p>\n<ul>\n<li><b>ab 10 St\u00fcck: 5%<\/b><\/li>\n<li><strong>ab 25 St\u00fcck: 7,5%<\/strong><\/li>\n<li><b>ab 50 St\u00fcck: 10%<\/b><\/li>\n<li><b>ab 100 St\u00fcck: 15%<\/b><\/li>\n<li><b>ab 250 St\u00fcck: 20%<\/b><\/li>\n<li><strong>ab 500 St\u00fcck: 25%<\/strong><\/li>\n<\/ul>\n<p>Der Mengenrabatt wird direkt im Warenkorb abgerechnet.<\/p>\n","protected":false},"excerpt":{"rendered":"<p>55 x 49 cm. &#8211; Bereit zum Fliegen<\/p>\n","protected":false},"featured_media":13180,"comment_status":"closed","ping_status":"closed","template":"","meta":{"_acf_changed":false},"product_brand":[],"product_cat":[2185,1396,2165],"product_tag":[],"class_list":{"0":"post-22060","1":"product","2":"type-product","3":"status-publish","4":"has-post-thumbnail","6":"product_cat-basteldrachen","7":"product_cat-drachen","8":"product_cat-wepa","9":"pa_breedte-cm-49-de","10":"pa_lengte-cm-55-de","12":"first","13":"instock","14":"taxable","15":"shipping-taxable","16":"purchasable","17":"product-type-simple"},"acf":[],"_links":{"self":[{"href":"https:\/\/www.wepaflyer.com\/de\/wp-json\/wp\/v2\/product\/22060","targetHints":{"allow":["GET"]}}],"collection":[{"href":"https:\/\/www.wepaflyer.com\/de\/wp-json\/wp\/v2\/product"}],"about":[{"href":"https:\/\/www.wepaflyer.com\/de\/wp-json\/wp\/v2\/types\/product"}],"replies":[{"embeddable":true,"href":"https:\/\/www.wepaflyer.com\/de\/wp-json\/wp\/v2\/comments?post=22060"}],"wp:featuredmedia":[{"embeddable":true,"href":"https:\/\/www.wepaflyer.com\/de\/wp-json\/wp\/v2\/media\/13180"}],"wp:attachment":[{"href":"https:\/\/www.wepaflyer.com\/de\/wp-json\/wp\/v2\/media?parent=22060"}],"wp:term":[{"taxonomy":"product_brand","embeddable":true,"href":"https:\/\/www.wepaflyer.com\/de\/wp-json\/wp\/v2\/product_brand?post=22060"},{"taxonomy":"product_cat","embeddable":true,"href":"https:\/\/www.wepaflyer.com\/de\/wp-json\/wp\/v2\/product_cat?post=22060"},{"taxonomy":"product_tag","embeddable":true,"href":"https:\/\/www.wepaflyer.com\/de\/wp-json\/wp\/v2\/product_tag?post=22060"}],"curies":[{"name":"wp","href":"https:\/\/api.w.org\/{rel}","templated":true}]}}