{"id":22057,"date":"2023-12-28T11:56:06","date_gmt":"2023-12-28T10:56:06","guid":{"rendered":"https:\/\/www.wepaflyer.com\/?post_type=product&#038;p=22057"},"modified":"2024-11-22T13:05:31","modified_gmt":"2024-11-22T12:05:31","slug":"schlitten-rammy-medi","status":"publish","type":"product","link":"https:\/\/www.wepaflyer.com\/de\/produkt\/schlitten-rammy-medi\/","title":{"rendered":"Schlitten RAMMY MEDI"},"content":{"rendered":"<h3><span style=\"line-height: 1.5em;\">SLEET RAMMY MEDI<\/span><\/h3>\n<h5><span style=\"line-height: 1.5em;\">28 x 19 cm | Bereit zum Fliegen<\/span><\/h5>\n<p><span style=\"line-height: 1.5em;\">Der <b>ultimative Kinderspa\u00dfdrachen<\/b>! Stangenlos, unverw\u00fcstlich und auch f\u00fcr die Allerkleinsten geeignet.<\/span><\/p>\n<p><span style=\"line-height: 1.5em;\"><b>Der K\u00f6rper dieses Schlittendrachens besteht aus Tyvek-Material und l\u00e4sst sich sehr sch\u00f6n und einfach mit Filzstiften, Wasco, Buntstiften oder auch Farbe einf\u00e4rben. Anschlie\u00dfend k\u00f6nnen Sie Ihren eigenen einzigartigen Schlittendrachen bauen!<\/b><\/span><\/p>\n<p><span style=\"line-height: 1.5em;\">1-leiniger Taschendrachen mit aufgen\u00e4hten Tunneln aus Spinnakertuch (Rammy-Prinzip) in verschiedenen Farben, die daf\u00fcr sorgen, dass dieser Drachen auch bei starker Brise gut fliegt.<\/span><\/p>\n<p><span style=\"line-height: 1.5em;\"><b>Lustiger Drachen, toller Preis.<\/b> Da dieser Drachen keine Stangen hat und aus sehr solidem und robustem Material besteht, ist er praktisch unzerst\u00f6rbar. Sie k\u00f6nnen es in Ihre Tasche stecken und \u00fcberallhin mitnehmen. Man kann nichts falsch machen, einfach einen Drachen steigen lassen! Ein toller Spa\u00df f\u00fcr Kinderfeste und Ausfl\u00fcge an den Strand und in die Heide!<\/span><\/p>\n<p><span style=\"line-height: 1.5em;\">Der Drachen wird R2F (Ready-to-Fly) mit Drachenfaden auf einer Rolle und zwei langen Tyvek-Schw\u00e4nzen geliefert, die Sie auch selbst einf\u00e4rben k\u00f6nnen. Hergestellt aus robustem, aber leichtem Tyvek-Material in Kombination mit Spinnaker-Tunnel aus Nylongewebe in vielen verschiedenen Farbkombinationen. Einzeln verpackt.<\/span><\/p>\n<p><b>Mengenrabatte<\/b>; Beim Kauf gr\u00f6\u00dferer Mengen gew\u00e4hren wir folgende Mengenrabatte:<\/p>\n<ul>\n<li><b>ab 10 St\u00fcck: 5%<\/b><\/li>\n<li><strong>ab 25 St\u00fcck: 7,5%<\/strong><\/li>\n<li><b>ab 50 St\u00fcck: 10%<\/b><\/li>\n<li><b>ab 100 St\u00fcck: 15%<\/b><\/li>\n<li><b>ab 250 St\u00fcck: 20%<\/b><\/li>\n<li><b>ab 500 St\u00fcck: 25%<\/b><\/li>\n<\/ul>\n<p>Der Mengenrabatt wird direkt im Warenkorb abgerechnet.<\/p>\n","protected":false},"excerpt":{"rendered":"<p>Rammy SLED MEDI | 28 x 19 cm. | Bereit zum Fliegen<\/p>\n","protected":false},"featured_media":13169,"comment_status":"closed","ping_status":"closed","template":"","meta":{"_acf_changed":false},"product_brand":[],"product_cat":[2185,1396,2184,2165],"product_tag":[],"class_list":{"0":"post-22057","1":"product","2":"type-product","3":"status-publish","4":"has-post-thumbnail","6":"product_cat-basteldrachen","7":"product_cat-drachen","8":"product_cat-kinderdrachen","9":"product_cat-wepa","10":"pa_breedte-cm-19-de","11":"pa_lengte-cm-28-de","13":"first","14":"instock","15":"taxable","16":"shipping-taxable","17":"purchasable","18":"product-type-simple"},"acf":[],"_links":{"self":[{"href":"https:\/\/www.wepaflyer.com\/de\/wp-json\/wp\/v2\/product\/22057","targetHints":{"allow":["GET"]}}],"collection":[{"href":"https:\/\/www.wepaflyer.com\/de\/wp-json\/wp\/v2\/product"}],"about":[{"href":"https:\/\/www.wepaflyer.com\/de\/wp-json\/wp\/v2\/types\/product"}],"replies":[{"embeddable":true,"href":"https:\/\/www.wepaflyer.com\/de\/wp-json\/wp\/v2\/comments?post=22057"}],"wp:featuredmedia":[{"embeddable":true,"href":"https:\/\/www.wepaflyer.com\/de\/wp-json\/wp\/v2\/media\/13169"}],"wp:attachment":[{"href":"https:\/\/www.wepaflyer.com\/de\/wp-json\/wp\/v2\/media?parent=22057"}],"wp:term":[{"taxonomy":"product_brand","embeddable":true,"href":"https:\/\/www.wepaflyer.com\/de\/wp-json\/wp\/v2\/product_brand?post=22057"},{"taxonomy":"product_cat","embeddable":true,"href":"https:\/\/www.wepaflyer.com\/de\/wp-json\/wp\/v2\/product_cat?post=22057"},{"taxonomy":"product_tag","embeddable":true,"href":"https:\/\/www.wepaflyer.com\/de\/wp-json\/wp\/v2\/product_tag?post=22057"}],"curies":[{"name":"wp","href":"https:\/\/api.w.org\/{rel}","templated":true}]}}