{"id":22050,"date":"2023-12-28T11:55:33","date_gmt":"2023-12-28T10:55:33","guid":{"rendered":"https:\/\/www.wepaflyer.com\/?post_type=product&#038;p=22050"},"modified":"2026-05-04T09:37:30","modified_gmt":"2026-05-04T07:37:30","slug":"saturnn-microballoon-17-butterfly-twister","status":"publish","type":"product","link":"https:\/\/www.wepaflyer.com\/de\/produkt\/saturnn-microballoon-17-butterfly-twister\/","title":{"rendered":"Saturnn MicroBalloon 17 Butterfly Twister"},"content":{"rendered":"<h3>SATORN MICROBALLOON 17 BUTTERFLY TWISTER<\/h3>\n<h3>\u00f8 17 x 28 cm. \/ Spirale \u00f8 10 x 35 cm.<\/h3>\n<p>Satorn Windspiele Teil 2 sind Windspiele in der originalen Ballonform mit einem lackierten Holzkorb. Original entworfen von Wolfgang Grimsel. Form und Design sind so gestaltet, dass diese Windspiele auch bei leichtem Wind mit voller Geschwindigkeit laufen und so ein wundersch\u00f6nes Farbspiel entstehen. Das kugelgelagerte Drehgelenk und das Gleitlager-Aufh\u00e4ngungssystem garantieren minimalen Widerstand\/Verschlei\u00df und somit eine sehr lange Lebensdauer.<\/p>\n<p>Hergestellt aus rei\u00dffestem Spinnakertuch und PET-Material. Ausgestattet mit Anwendung und Druck. UV- und witterungsbest\u00e4ndig, mit perfektem Aufh\u00e4ngesystem.<\/p>\n<p><strong>Staffelrabatte<\/strong>; Beim Kauf gr\u00f6\u00dferer Mengen gew\u00e4hren wir folgende Mengenrabatte:<\/p>\n<ul>\n<li>\n<div><strong>ab 2 St\u00fcck: 5%<\/strong><\/div>\n<\/li>\n<li>\n<div><strong>ab 3 St\u00fcck: 10%<\/strong><\/div>\n<\/li>\n<li>\n<div><strong>ab 6 St\u00fcck: 15%<\/strong><\/div>\n<\/li>\n<li>\n<div><strong>ab 12 St\u00fcck: 20%<\/strong><\/div>\n<\/li>\n<\/ul>\n<p>Der Mengenrabatt wird direkt im Warenkorb abgerechnet.<\/p>\n","protected":false},"excerpt":{"rendered":"<p>\u00f8 17 x 28 cm. \/ Spirale \u00f8 10 x 35 cm.<\/p>\n","protected":false},"featured_media":13150,"comment_status":"closed","ping_status":"closed","template":"","meta":{"_acf_changed":false},"product_brand":[],"product_cat":[1403,2188],"product_tag":[3590],"class_list":{"0":"post-22050","1":"product","2":"type-product","3":"status-publish","4":"has-post-thumbnail","6":"product_cat-windspiele","7":"product_cat-windspiele-garten","8":"product_tag-windspelen","9":"pa_lengte-cm-28-de","11":"first","12":"instock","13":"taxable","14":"shipping-taxable","15":"purchasable","16":"product-type-simple"},"acf":[],"_links":{"self":[{"href":"https:\/\/www.wepaflyer.com\/de\/wp-json\/wp\/v2\/product\/22050","targetHints":{"allow":["GET"]}}],"collection":[{"href":"https:\/\/www.wepaflyer.com\/de\/wp-json\/wp\/v2\/product"}],"about":[{"href":"https:\/\/www.wepaflyer.com\/de\/wp-json\/wp\/v2\/types\/product"}],"replies":[{"embeddable":true,"href":"https:\/\/www.wepaflyer.com\/de\/wp-json\/wp\/v2\/comments?post=22050"}],"wp:featuredmedia":[{"embeddable":true,"href":"https:\/\/www.wepaflyer.com\/de\/wp-json\/wp\/v2\/media\/13150"}],"wp:attachment":[{"href":"https:\/\/www.wepaflyer.com\/de\/wp-json\/wp\/v2\/media?parent=22050"}],"wp:term":[{"taxonomy":"product_brand","embeddable":true,"href":"https:\/\/www.wepaflyer.com\/de\/wp-json\/wp\/v2\/product_brand?post=22050"},{"taxonomy":"product_cat","embeddable":true,"href":"https:\/\/www.wepaflyer.com\/de\/wp-json\/wp\/v2\/product_cat?post=22050"},{"taxonomy":"product_tag","embeddable":true,"href":"https:\/\/www.wepaflyer.com\/de\/wp-json\/wp\/v2\/product_tag?post=22050"}],"curies":[{"name":"wp","href":"https:\/\/api.w.org\/{rel}","templated":true}]}}