{"id":22048,"date":"2023-12-28T11:55:33","date_gmt":"2023-12-28T10:55:33","guid":{"rendered":"https:\/\/www.wepaflyer.com\/?post_type=product&#038;p=22048"},"modified":"2026-05-04T12:34:11","modified_gmt":"2026-05-04T10:34:11","slug":"saturn-ballon-28-rainbow-twist","status":"publish","type":"product","link":"https:\/\/www.wepaflyer.com\/de\/produkt\/saturn-ballon-28-rainbow-twist\/","title":{"rendered":"Saturn-Ballon 28 Rainbow Twist"},"content":{"rendered":"<h3><span style=\"line-height: 1.5em;\">SATORN BALLON 28 RAINBOW TWIST<\/span><\/h3>\n<h3>\u00f8 28 x 43 cm. \/ Spirale \u00f8 10 x 75 cm.<\/h3>\n<p>Sat\u00f8rn Windspiele Teil 2 sind Windspiele in originaler Ballonform mit lackiertem Holzkorb. Original entworfen von Wolfgang Grimsel. Form und Design sind so gestaltet, dass diese Windspiele auch bei leichtem Wind mit voller Geschwindigkeit laufen und so ein wundersch\u00f6nes Farbspiel entstehen. Das kugelgelagerte Wirbel- und Gleitlager-Aufh\u00e4ngungssystem garantiert minimalen Widerstand\/Verschlei\u00df und somit eine sehr lange Lebensdauer.<\/p>\n<p>Hergestellt aus rei\u00dffestem Spinnakertuch und PET-Material. Ausgestattet mit Anwendung und Druck. UV- und witterungsbest\u00e4ndig, mit perfektem Aufh\u00e4ngesystem.<\/p>\n<p><b>Mengenrabatte<\/b>; Beim Kauf gr\u00f6\u00dferer Mengen gew\u00e4hren wir folgende Mengenrabatte:<\/p>\n<ul>\n<li><b>ab 2 St\u00fcck: 5%<\/b><\/li>\n<li><b > ab 3 St\u00fcck: 10%<\/b><\/li>\n<li><b>ab 6 St\u00fcck: 15%<\/b><\/li>\n<li><b>ab 12 St\u00fcck: 20%<\/b > <\/li>\n<\/ul>\n<p>Der Mengenrabatt gilt sofort im Warenkorb abgelegt.<\/p>\n","protected":false},"excerpt":{"rendered":"<p>\u00f8 28x43cm.\/Spirale \u00f8 10x75cm.<\/p>\n","protected":false},"featured_media":13146,"comment_status":"closed","ping_status":"closed","template":"","meta":{"_acf_changed":false},"product_brand":[],"product_cat":[1403,2188],"product_tag":[3634],"class_list":{"0":"post-22048","1":"product","2":"type-product","3":"status-publish","4":"has-post-thumbnail","6":"product_cat-windspiele","7":"product_cat-windspiele-garten","8":"product_tag-windspelen","9":"pa_lengte-cm-43-de","11":"first","12":"instock","13":"taxable","14":"shipping-taxable","15":"purchasable","16":"product-type-simple"},"acf":[],"_links":{"self":[{"href":"https:\/\/www.wepaflyer.com\/de\/wp-json\/wp\/v2\/product\/22048","targetHints":{"allow":["GET"]}}],"collection":[{"href":"https:\/\/www.wepaflyer.com\/de\/wp-json\/wp\/v2\/product"}],"about":[{"href":"https:\/\/www.wepaflyer.com\/de\/wp-json\/wp\/v2\/types\/product"}],"replies":[{"embeddable":true,"href":"https:\/\/www.wepaflyer.com\/de\/wp-json\/wp\/v2\/comments?post=22048"}],"wp:featuredmedia":[{"embeddable":true,"href":"https:\/\/www.wepaflyer.com\/de\/wp-json\/wp\/v2\/media\/13146"}],"wp:attachment":[{"href":"https:\/\/www.wepaflyer.com\/de\/wp-json\/wp\/v2\/media?parent=22048"}],"wp:term":[{"taxonomy":"product_brand","embeddable":true,"href":"https:\/\/www.wepaflyer.com\/de\/wp-json\/wp\/v2\/product_brand?post=22048"},{"taxonomy":"product_cat","embeddable":true,"href":"https:\/\/www.wepaflyer.com\/de\/wp-json\/wp\/v2\/product_cat?post=22048"},{"taxonomy":"product_tag","embeddable":true,"href":"https:\/\/www.wepaflyer.com\/de\/wp-json\/wp\/v2\/product_tag?post=22048"}],"curies":[{"name":"wp","href":"https:\/\/api.w.org\/{rel}","templated":true}]}}