{"id":22040,"date":"2023-12-28T11:55:33","date_gmt":"2023-12-28T10:55:33","guid":{"rendered":"https:\/\/www.wepaflyer.com\/?post_type=product&#038;p=22040"},"modified":"2024-11-22T13:05:28","modified_gmt":"2024-11-22T12:05:28","slug":"saturn-ballon-23-globus-regenbogen","status":"publish","type":"product","link":"https:\/\/www.wepaflyer.com\/de\/produkt\/saturn-ballon-23-globus-regenbogen\/","title":{"rendered":"Saturn-Ballon 23 Globus Regenbogen"},"content":{"rendered":"<h3>SATORN BALLON 23 GLOBE REGENBOGEN<\/h3>\n<h5>\u00f8 23 x 37 cm. \/ mit 17cm. Kuchen mit langen Fransen<\/h5>\n<p>Satorn Windspiele Teil 2 sind Windspiele in der originalen Ballonform mit einem lackierten Holzkorb. Original entworfen von Wolfgang Grimsel. Form und Design sind so gestaltet, dass diese Windspiele auch bei leichtem Wind mit voller Geschwindigkeit laufen und so ein wundersch\u00f6nes Farbspiel entstehen. Das kugelgelagerte Drehgelenk und das Gleitlager-Aufh\u00e4ngungssystem garantieren minimalen Widerstand\/Verschlei\u00df und somit eine sehr lange Lebensdauer.<\/p>\n<p>Hergestellt aus rei\u00dffestem Spinnakertuch und PET-Material. Ausgestattet mit Anwendung und Druck. UV- und witterungsbest\u00e4ndig, mit perfektem Aufh\u00e4ngesystem.<\/p>\n<p><b>Mengenrabatte<\/b>; Beim Kauf gr\u00f6\u00dferer Mengen gew\u00e4hren wir folgende Mengenrabatte:<\/p>\n<\/p>\n<ul>\n<li><b>ab 2 St\u00fcck: 5%<\/b><\/li>\n<p>< li ><b>ab 3 St\u00fcck: 10 %<\/b><\/li>\n<li><b>ab 6 St\u00fcck: 15 %<\/b><\/li>\n<li><b>ab 12 St\u00fcck: 20 % <\/b><\/li>\n<\/ul>\n<p>Die Mengenrabatt wird direkt im Warenkorb abgerechnet.<\/p>\n","protected":false},"excerpt":{"rendered":"<p>\u00f8 23 x 37 cm.<\/p>\n","protected":false},"featured_media":13126,"comment_status":"closed","ping_status":"closed","template":"","meta":{"_acf_changed":false},"product_brand":[],"product_cat":[1403,2188],"product_tag":[],"class_list":{"0":"post-22040","1":"product","2":"type-product","3":"status-publish","4":"has-post-thumbnail","6":"product_cat-windspiele","7":"product_cat-windspiele-garten","8":"pa_lengte-cm-37-de","10":"first","11":"instock","12":"taxable","13":"shipping-taxable","14":"purchasable","15":"product-type-simple"},"acf":[],"_links":{"self":[{"href":"https:\/\/www.wepaflyer.com\/de\/wp-json\/wp\/v2\/product\/22040","targetHints":{"allow":["GET"]}}],"collection":[{"href":"https:\/\/www.wepaflyer.com\/de\/wp-json\/wp\/v2\/product"}],"about":[{"href":"https:\/\/www.wepaflyer.com\/de\/wp-json\/wp\/v2\/types\/product"}],"replies":[{"embeddable":true,"href":"https:\/\/www.wepaflyer.com\/de\/wp-json\/wp\/v2\/comments?post=22040"}],"wp:featuredmedia":[{"embeddable":true,"href":"https:\/\/www.wepaflyer.com\/de\/wp-json\/wp\/v2\/media\/13126"}],"wp:attachment":[{"href":"https:\/\/www.wepaflyer.com\/de\/wp-json\/wp\/v2\/media?parent=22040"}],"wp:term":[{"taxonomy":"product_brand","embeddable":true,"href":"https:\/\/www.wepaflyer.com\/de\/wp-json\/wp\/v2\/product_brand?post=22040"},{"taxonomy":"product_cat","embeddable":true,"href":"https:\/\/www.wepaflyer.com\/de\/wp-json\/wp\/v2\/product_cat?post=22040"},{"taxonomy":"product_tag","embeddable":true,"href":"https:\/\/www.wepaflyer.com\/de\/wp-json\/wp\/v2\/product_tag?post=22040"}],"curies":[{"name":"wp","href":"https:\/\/api.w.org\/{rel}","templated":true}]}}