{"id":22038,"date":"2023-12-28T11:55:33","date_gmt":"2023-12-28T10:55:33","guid":{"rendered":"https:\/\/www.wepaflyer.com\/?post_type=product&#038;p=22038"},"modified":"2026-03-08T15:12:13","modified_gmt":"2026-03-08T14:12:13","slug":"radsails-savage-ii-8-5","status":"publish","type":"product","link":"https:\/\/www.wepaflyer.com\/de\/produkt\/radsails-savage-ii-8-5\/","title":{"rendered":"Eolo Radsails Savage II 8.5"},"content":{"rendered":"<h3>Eolo Radsails Savage II 8.5<\/h3>\n<h4>600 x 161 cm. \/ 8,5 m\u00b2 | Ready-to-Fly | Letzte Chance<\/h4>\n<div><strong>Der Savage ist extrem leistungsstark und hebend, sodass er nur f\u00fcr Profis oder Draufg\u00e4nger geeignet ist. <\/strong><\/div>\n<div><\/div>\n<p style=\"text-align: justify;\">Der Savage ist das \u201eBiest\u201c unter den Radsails. Gedacht zum Heben und H\u00e4ngen, nat\u00fcrlich mit enormer Kraft, aber \u00e4u\u00dferst zuverl\u00e4ssig. Geeignet als Power-Kite, aber auch f\u00fcr Racing, Buggy, Fly- und Mountainboards und Freestyle.<\/p>\n<p style=\"text-align: justify;\">Die Details machen den Savage vollst\u00e4ndig und besonders. Wie w\u00e4re es mit der extra gen\u00e4hten Krempe f\u00fcr minimalen Widerstand, den V-Risern f\u00fcr die dringend ben\u00f6tigte Stabilit\u00e4t und einer glatten und glatten Oberseite f\u00fcr einen reibungslosen Ablauf Heben und mehr Leistung?<\/p>\n<p style=\"text-align: justify;\">Hergestellt aus robustem Spinnakerstoff, erh\u00e4ltlich in zwei Farben, Wei\u00df und Schwarz. <strong>Wenn Sie eine Farbpr\u00e4ferenz haben, geben Sie diese bitte bei der Zahlung im Feld \u201eBestellnotizen\u201c an.<\/strong><\/p>\n<p style=\"text-align: justify;\"><strong>Der Kite wird R2F (Ready-to-Fly) mit Dyneema-Lenk- und Bremsleinen in 250\/110 kg, Aluminium-Quad-Griffen und 2 Kite-Killern geliefert. Dadurch werden Sie sich wie ein echter King-Kiter f\u00fchlen! Achtung<span class=\"Y2IQFc\" lang=\"de\">! Es handelt sich um Radsails aus der allerletzten Produktion. Auff\u00e4llig ist, dass einige Waageleinen leicht besch\u00e4digt sind oder den Anschein erwecken, dies ist jedoch rein optischer Natur. Festigkeit, Flugeigenschaften und Sicherheit sind davon nicht betroffen und zu 100% gew\u00e4hrleistet.<\/span><\/strong><\/p>\n<p style=\"text-align: justify;\">Denken Sie daran, dass die Savages viel aggressiver fliegen als die PROs. Wir empfehlen daher beim ersten Flug \u00e4u\u00dferste Vorsicht und versuchen immer, einen erfahrenen Kiter dabei zu haben!<\/p>\n<p style=\"text-align: justify;\"><strong>Anleitungs-DVD, Anleitungsbrosch\u00fcre und Radsail-Aufkleber im Lieferumfang enthalten. Verpackt im originalen, stabilen Rucksack. Achtung! Die Waageleinen der letzten Savages haben augenscheinlich eine leichte Besch\u00e4digung, aber nichts vor dem! Eine 100% Qualit\u00e4t und perfekte Flugeigenschaften sind gew\u00e4hrleistet.<\/strong><\/p>\n<h4><\/h4>\n<p><iframe loading=\"lazy\" src=\"\/\/www.youtube.com\/embed\/JoSxahOX9HY?rel=0\" width=\"347\" height=\"195\" frameborder=\"0\" allowfullscreen=\"allowfullscreen\"><\/iframe><\/p>\n","protected":false},"excerpt":{"rendered":"<p>600 x 161 cm. \/ 8,5 m\u00b2 | Ready-to-Fly | Letzte Chance<\/p>\n","protected":false},"featured_media":86239,"comment_status":"closed","ping_status":"closed","template":"","meta":{"_acf_changed":false},"product_brand":[],"product_cat":[2162,1348,1372,2192,1384],"product_tag":[],"class_list":{"0":"post-22038","1":"product","2":"type-product","3":"status-publish","4":"has-post-thumbnail","6":"product_cat-4-leiner-lenkmatten","7":"product_cat-marken","8":"product_cat-powerkites","9":"product_cat-radsails","10":"product_cat-sale","11":"pa_breedte-cm-161-de","12":"pa_lengte-cm-600-de","14":"first","15":"instock","16":"sale","17":"taxable","18":"shipping-taxable","19":"purchasable","20":"product-type-simple"},"acf":[],"_links":{"self":[{"href":"https:\/\/www.wepaflyer.com\/de\/wp-json\/wp\/v2\/product\/22038","targetHints":{"allow":["GET"]}}],"collection":[{"href":"https:\/\/www.wepaflyer.com\/de\/wp-json\/wp\/v2\/product"}],"about":[{"href":"https:\/\/www.wepaflyer.com\/de\/wp-json\/wp\/v2\/types\/product"}],"replies":[{"embeddable":true,"href":"https:\/\/www.wepaflyer.com\/de\/wp-json\/wp\/v2\/comments?post=22038"}],"wp:featuredmedia":[{"embeddable":true,"href":"https:\/\/www.wepaflyer.com\/de\/wp-json\/wp\/v2\/media\/86239"}],"wp:attachment":[{"href":"https:\/\/www.wepaflyer.com\/de\/wp-json\/wp\/v2\/media?parent=22038"}],"wp:term":[{"taxonomy":"product_brand","embeddable":true,"href":"https:\/\/www.wepaflyer.com\/de\/wp-json\/wp\/v2\/product_brand?post=22038"},{"taxonomy":"product_cat","embeddable":true,"href":"https:\/\/www.wepaflyer.com\/de\/wp-json\/wp\/v2\/product_cat?post=22038"},{"taxonomy":"product_tag","embeddable":true,"href":"https:\/\/www.wepaflyer.com\/de\/wp-json\/wp\/v2\/product_tag?post=22038"}],"curies":[{"name":"wp","href":"https:\/\/api.w.org\/{rel}","templated":true}]}}