{"id":22036,"date":"2023-12-28T11:54:29","date_gmt":"2023-12-28T10:54:29","guid":{"rendered":"https:\/\/www.wepaflyer.com\/?post_type=product&#038;p=22036"},"modified":"2026-04-06T11:13:17","modified_gmt":"2026-04-06T09:13:17","slug":"raytex-50d","status":"publish","type":"product","link":"https:\/\/www.wepaflyer.com\/de\/produkt\/raytex-50d\/","title":{"rendered":"RAYTEX 50D"},"content":{"rendered":"<h3>RAYTEX: Ripstop-Nylongtuch 50D | Bedruckt<\/h3>\n<h5>PRO LAUFENDER METER | 50 g\/m\u00b2 | 150 cm breit<\/h5>\n<p>Das Raytex 50D ist ein robustes Spinnakertuch von ausgezeichneter Qualit\u00e4t mit einem effektiven Nettogewicht von ca. 50 g\/m\u00b2, das mit einem Regenbogendruck bedruckt ist. Es eignet sich sehr gut f\u00fcr den Bau von Drachen aller Art, insbesondere von Gro\u00dfmodellen, Lenkdrachen, Parafoils und auch Einleinerdrachen. Dar\u00fcber hinaus wird diees Raytex Spinnakertuch auch f\u00fcr viele andere Zwecke verwendet, unter anderem als Flagge oder Wimpel, f\u00fcr Taschen und Dekoration.<\/p>\n<p>Sie k\u00f6nnen diese Tuch pro Meter bestellen, mit einer Mindestbestellmenge von nur 1 Meter! Wir schneiden von gro\u00dfen Rollen zu!\u00a0<strong>Und weil wir zuschneiden, nehmen wir das Tuch nicht zur\u00fcck!<\/strong><\/p>\n<p><strong>Mengenrabatte;\u00a0<\/strong>Beim Kauf gr\u00f6\u00dferer Mengen gew\u00e4hren wir folgende Mengenrabatte:<\/p>\n<ul>\n<li><strong>ab 5 Metern: 5 %<\/strong><\/li>\n<li><strong>ab 10 Metern: 7,5 %<\/strong><\/li>\n<li><strong>ab 25 Metern: 10 %<\/strong><\/li>\n<\/ul>\n<p>Die Mengenrabatte gelten f\u00fcr einen Gesamtkauf der angegebenen Meterzahl und der Rabatt wird direkt im Warenkorb abgezogen.<\/p>\n","protected":false},"excerpt":{"rendered":"<p>PRO LAUFENDER METER | 50 g\/m\u00b2 | 150 cm breit<\/p>\n","protected":false},"featured_media":13111,"comment_status":"closed","ping_status":"closed","template":"","meta":{"_acf_changed":false},"product_brand":[],"product_cat":[1385,2154,1348,2191],"product_tag":[],"class_list":{"0":"post-22036","1":"product","2":"type-product","3":"status-publish","4":"has-post-thumbnail","6":"product_cat-drachen-zubehor","7":"product_cat-drachentuch","8":"product_cat-marken","9":"product_cat-raytex","11":"first","12":"instock","13":"taxable","14":"shipping-taxable","15":"purchasable","16":"product-type-simple"},"acf":[],"_links":{"self":[{"href":"https:\/\/www.wepaflyer.com\/de\/wp-json\/wp\/v2\/product\/22036","targetHints":{"allow":["GET"]}}],"collection":[{"href":"https:\/\/www.wepaflyer.com\/de\/wp-json\/wp\/v2\/product"}],"about":[{"href":"https:\/\/www.wepaflyer.com\/de\/wp-json\/wp\/v2\/types\/product"}],"replies":[{"embeddable":true,"href":"https:\/\/www.wepaflyer.com\/de\/wp-json\/wp\/v2\/comments?post=22036"}],"wp:featuredmedia":[{"embeddable":true,"href":"https:\/\/www.wepaflyer.com\/de\/wp-json\/wp\/v2\/media\/13111"}],"wp:attachment":[{"href":"https:\/\/www.wepaflyer.com\/de\/wp-json\/wp\/v2\/media?parent=22036"}],"wp:term":[{"taxonomy":"product_brand","embeddable":true,"href":"https:\/\/www.wepaflyer.com\/de\/wp-json\/wp\/v2\/product_brand?post=22036"},{"taxonomy":"product_cat","embeddable":true,"href":"https:\/\/www.wepaflyer.com\/de\/wp-json\/wp\/v2\/product_cat?post=22036"},{"taxonomy":"product_tag","embeddable":true,"href":"https:\/\/www.wepaflyer.com\/de\/wp-json\/wp\/v2\/product_tag?post=22036"}],"curies":[{"name":"wp","href":"https:\/\/api.w.org\/{rel}","templated":true}]}}