{"id":22035,"date":"2023-12-28T11:54:29","date_gmt":"2023-12-28T10:54:29","guid":{"rendered":"https:\/\/www.wepaflyer.com\/?post_type=product&#038;p=22035"},"modified":"2026-05-04T12:38:10","modified_gmt":"2026-05-04T10:38:10","slug":"quadgriffset-twin","status":"publish","type":"product","link":"https:\/\/www.wepaflyer.com\/de\/produkt\/quadgriffset-twin\/","title":{"rendered":"QuadHandles Set TWIN"},"content":{"rendered":"<h3>QUADHANDLES-SET TWIN<\/h3>\n<h5>Kunststoffgriffe f\u00fcr 4-Leiner | Ultra Light<\/h5>\n<p>Dies sind die idealen Quad-Griffe zum Fliegen kleinere 4-Leiner-Lenkmatten und Pr\u00e4zisions-4-Leiner wie Revolutions, Mojo&#8217;s, Easy Quads und Twins.<\/p>\n<p>Robust, stark, leicht, empfindlich und g\u00fcnstig! Diese PP QuadHandles Twin liegen angenehm in der Hand und lassen sich aufgrund ihres sehr geringen Gewichts sehr leicht mit der kleinsten Fingerbewegung lenken; mit dem richtigen Fingerspitzengef\u00fchl und nach etwas \u00dcbung die perfekten Quad-Griffe f\u00fcr Ihren Pr\u00e4zisions-4-eLiner.<\/p>\n<p>Hergestellt aus schwarzem PP-Material.<\/p>\n","protected":false},"excerpt":{"rendered":"<p>Kunststoffgriffe f\u00fcr 4-Leiner | Ultra Light<\/p>\n","protected":false},"featured_media":13108,"comment_status":"closed","ping_status":"closed","template":"","meta":{"_acf_changed":false},"product_brand":[],"product_cat":[1385,2186,1348,2166,1384,2165],"product_tag":[3637],"class_list":{"0":"post-22035","1":"product","2":"type-product","3":"status-publish","4":"has-post-thumbnail","6":"product_cat-drachen-zubehor","7":"product_cat-drachen-lenkschlaufen","8":"product_cat-marken","9":"product_cat-quad-line-kites","10":"product_cat-sale","11":"product_cat-wepa","12":"product_tag-accessoires","14":"first","15":"instock","16":"sale","17":"taxable","18":"shipping-taxable","19":"purchasable","20":"product-type-simple"},"acf":[],"_links":{"self":[{"href":"https:\/\/www.wepaflyer.com\/de\/wp-json\/wp\/v2\/product\/22035","targetHints":{"allow":["GET"]}}],"collection":[{"href":"https:\/\/www.wepaflyer.com\/de\/wp-json\/wp\/v2\/product"}],"about":[{"href":"https:\/\/www.wepaflyer.com\/de\/wp-json\/wp\/v2\/types\/product"}],"replies":[{"embeddable":true,"href":"https:\/\/www.wepaflyer.com\/de\/wp-json\/wp\/v2\/comments?post=22035"}],"wp:featuredmedia":[{"embeddable":true,"href":"https:\/\/www.wepaflyer.com\/de\/wp-json\/wp\/v2\/media\/13108"}],"wp:attachment":[{"href":"https:\/\/www.wepaflyer.com\/de\/wp-json\/wp\/v2\/media?parent=22035"}],"wp:term":[{"taxonomy":"product_brand","embeddable":true,"href":"https:\/\/www.wepaflyer.com\/de\/wp-json\/wp\/v2\/product_brand?post=22035"},{"taxonomy":"product_cat","embeddable":true,"href":"https:\/\/www.wepaflyer.com\/de\/wp-json\/wp\/v2\/product_cat?post=22035"},{"taxonomy":"product_tag","embeddable":true,"href":"https:\/\/www.wepaflyer.com\/de\/wp-json\/wp\/v2\/product_tag?post=22035"}],"curies":[{"name":"wp","href":"https:\/\/api.w.org\/{rel}","templated":true}]}}