{"id":22032,"date":"2023-12-28T11:54:29","date_gmt":"2023-12-28T10:54:29","guid":{"rendered":"https:\/\/www.wepaflyer.com\/?post_type=product&#038;p=22032"},"modified":"2026-05-04T12:30:17","modified_gmt":"2026-05-04T10:30:17","slug":"promo-kite-fixy-m-paket-10-stk","status":"publish","type":"product","link":"https:\/\/www.wepaflyer.com\/de\/produkt\/promo-kite-fixy-m-paket-10-stk\/","title":{"rendered":"Promo Kite Fixy-M Paket 10 St. | 1-Leiner"},"content":{"rendered":"<h3>PROMO FIXY-KITE &#8211; SALE-PACK mit 10 St\u00fcck Gr\u00f6\u00dfe M<\/h3>\n<h4>64 x 61 cm. | Ready-to-Fly | Paket 10 St\u00fcck<\/h4>\n<p>Sie m\u00f6chten mit einer Gruppe gehen von Freunden und Freunden kann bei einem Ausflug an den Strand oder in die Heide einfach einen Drachen steigen lassen, m\u00f6chte aber nicht wirklich zu viel Geld daf\u00fcr ausgeben. Es ist dir eigentlich egal, wie die Drachen aussehen, solange sie gut funktionieren und ihr alle einen Nachmittag lang gemeinsam Spa\u00df haben k\u00f6nnt.?! Dann bieten wir Ihnen ein <b>sch\u00f6nes Drachenpaket mit 10 Drachen<\/b> zu einem sehr kleinen Preis an. Erfolg garantiert!<\/p>\n<p>Hier finden Sie viele Werbedrachen vom Typ FIXY-Diamant Kite M. Diese Drachen bestehen aus robustem Spinnaker-Nylongewebe und sind Reste aus Produktionen, die wir in der letzten Zeit f\u00fcr viele Unternehmen hergestellt haben Jahre. Es gibt allerlei Logos und Aufdrucke in allen erdenklichen Farbkombinationen.<\/p>\n<p>Alle diese Werbedrachen sind Ready-to-Fly (R2F) mit einer Drachenrolle mit Drachenfaden und 1 oder 2 Schw\u00e4nzen. Damit Sie sie sofort steigen lassen k\u00f6nnen!<\/p>\n<p>Tolle Drachen, die auch f\u00fcr die Kleinsten ganz einfach zu fliegen sind und stundenlangen Spa\u00df beim Drachensteigen bereiten. Geeignet f\u00fcr Jung und Alt, lasst uns einen Drachen steigen lassen!<\/p>\n<p><b>Dieses SALE-PACK-Angebot besteht aus 10 Drachen der Gr\u00f6\u00dfe M, sortiert und im B\u00fcndel verpackt. <\/b>So erh\u00e4ltst du immer eine ganze Reihe verschiedener Drachen in vielen Farben. Hergestellt aus robustem Ripstop-Polyestergewebe mit PSS-Recycling- oder Rundholzst\u00e4ben, superleicht und dennoch robust.<\/p>\n<p>Wir haben alle diese Werbedrachen beim Verpacken sorgf\u00e4ltig gepr\u00fcft, aber Sie haben nat\u00fcrlich Verst\u00e4ndnis daf\u00fcr, dass wir darauf nicht die \u00fcbliche Garantie geben k\u00f6nnen dies.<\/p>\n","protected":false},"excerpt":{"rendered":"<p>64 x 61 cm. | Ready-to-Fly | Paket 10 St\u00fcck<\/p>\n","protected":false},"featured_media":13094,"comment_status":"closed","ping_status":"closed","template":"","meta":{"_acf_changed":false},"product_brand":[],"product_cat":[1396,3553,2184,1348,1384,2165],"product_tag":[3631],"class_list":{"0":"post-22032","1":"product","2":"type-product","3":"status-publish","4":"has-post-thumbnail","6":"product_cat-drachen","7":"product_cat-drachenpakete","8":"product_cat-kinderdrachen","9":"product_cat-marken","10":"product_cat-sale","11":"product_cat-wepa","12":"product_tag-kindervliegers","13":"pa_breedte-cm-61-de","14":"pa_lengte-cm-64-de","16":"first","17":"instock","18":"sale","19":"taxable","20":"shipping-taxable","21":"purchasable","22":"product-type-simple"},"acf":[],"_links":{"self":[{"href":"https:\/\/www.wepaflyer.com\/de\/wp-json\/wp\/v2\/product\/22032","targetHints":{"allow":["GET"]}}],"collection":[{"href":"https:\/\/www.wepaflyer.com\/de\/wp-json\/wp\/v2\/product"}],"about":[{"href":"https:\/\/www.wepaflyer.com\/de\/wp-json\/wp\/v2\/types\/product"}],"replies":[{"embeddable":true,"href":"https:\/\/www.wepaflyer.com\/de\/wp-json\/wp\/v2\/comments?post=22032"}],"wp:featuredmedia":[{"embeddable":true,"href":"https:\/\/www.wepaflyer.com\/de\/wp-json\/wp\/v2\/media\/13094"}],"wp:attachment":[{"href":"https:\/\/www.wepaflyer.com\/de\/wp-json\/wp\/v2\/media?parent=22032"}],"wp:term":[{"taxonomy":"product_brand","embeddable":true,"href":"https:\/\/www.wepaflyer.com\/de\/wp-json\/wp\/v2\/product_brand?post=22032"},{"taxonomy":"product_cat","embeddable":true,"href":"https:\/\/www.wepaflyer.com\/de\/wp-json\/wp\/v2\/product_cat?post=22032"},{"taxonomy":"product_tag","embeddable":true,"href":"https:\/\/www.wepaflyer.com\/de\/wp-json\/wp\/v2\/product_tag?post=22032"}],"curies":[{"name":"wp","href":"https:\/\/api.w.org\/{rel}","templated":true}]}}