{"id":22027,"date":"2023-12-28T11:54:29","date_gmt":"2023-12-28T10:54:29","guid":{"rendered":"https:\/\/www.wepaflyer.com\/?post_type=product&#038;p=22027"},"modified":"2026-02-18T17:23:52","modified_gmt":"2026-02-18T16:23:52","slug":"promo-pe-kite-m-paket-12-stk","status":"publish","type":"product","link":"https:\/\/www.wepaflyer.com\/de\/produkt\/promo-pe-kite-m-paket-12-stk\/","title":{"rendered":"Promo PE Kite M Paket 12 St. | 1-Leiner"},"content":{"rendered":"<h3>PROMO PE-KITE Medium &#8211; SALE-PACK mit 12 St\u00fcck Gr\u00f6\u00dfe M<\/h3>\n<h4>Ca. 70 x 70 cm. | Ready-to-Fly | Paket 12 St\u00fcck<\/h4>\n<p>Sie m\u00f6chten einfach nur mit einer Gruppe von Freunden w\u00e4hrend eines Ausflugs an den Strand oder in die Heide einen Drachen steigen lassen, haben aber keine wirkliche Lust dazu zu weit gehen. Es ist dir eigentlich egal, wie die Drachen aussehen, solange sie gut funktionieren und ihr alle einen Nachmittag lang gemeinsam Spa\u00df haben k\u00f6nnt.?! Dann bieten wir Ihnen ein <b>sch\u00f6nes Drachenpaket mit 12 Drachen<\/b> zu einem sehr kleinen Preis an. Erfolg garantiert!<\/p>\n<p>Hier finden Sie viele Werbedrachen vom Typ PE-Kite Medium. Diese Plastikdrachen sind \u00dcberbleibsel von Produktionen, die wir in den letzten Jahren f\u00fcr viele Unternehmen hergestellt haben. Es gibt allerlei Logos und Aufdrucke in allen erdenklichen Farbkombinationen.<\/p>\n<p>Alle diese Werbedrachen sind Ready-to-Fly (R2F) mit Drachenrolle und Drachenfaden. Damit Sie sie sofort steigen lassen k\u00f6nnen!<\/p>\n<p>Tolle Drachen, die auch f\u00fcr die Kleinsten ganz einfach zu fliegen sind und stundenlangen Spa\u00df beim Drachensteigen bereiten. Geeignet f\u00fcr Jung und Alt, lass uns einen Drachen steigen lassen!<\/p>\n<p><b>Dieses SALE-PACK-Angebot besteht aus 12 Drachen der Gr\u00f6\u00dfe M, sortiert und im B\u00fcndel verpackt.<\/b> Du erh\u00e4ltst also immer ein Ganzes Haufen verschiedener Drachen in vielen Farben. Hergestellt aus stabiler Kunststofffolie mit PSS-Recycling- oder Rundholzstangen, superleicht und dennoch stabil.<\/p>\n<p>Wir haben alle diese Werbedrachen beim Verpacken sorgf\u00e4ltig gepr\u00fcft, aber Sie haben nat\u00fcrlich Verst\u00e4ndnis daf\u00fcr, dass wir hierf\u00fcr nicht die \u00fcbliche Garantie geben k\u00f6nnen .<\/p>\n","protected":false},"excerpt":{"rendered":"<p>Ca. 70 x 70 cm. | Ready-to-Fly | Paket 12 St\u00fcck<\/p>\n","protected":false},"featured_media":13062,"comment_status":"closed","ping_status":"closed","template":"","meta":{"_acf_changed":false},"product_brand":[],"product_cat":[1396,3553,2184,1348,1384,2165],"product_tag":[],"class_list":{"0":"post-22027","1":"product","2":"type-product","3":"status-publish","4":"has-post-thumbnail","6":"product_cat-drachen","7":"product_cat-drachenpakete","8":"product_cat-kinderdrachen","9":"product_cat-marken","10":"product_cat-sale","11":"product_cat-wepa","12":"pa_breedte-cm-70-de","13":"pa_lengte-cm-70-de","15":"first","16":"instock","17":"sale","18":"taxable","19":"shipping-taxable","20":"purchasable","21":"product-type-simple"},"acf":[],"_links":{"self":[{"href":"https:\/\/www.wepaflyer.com\/de\/wp-json\/wp\/v2\/product\/22027","targetHints":{"allow":["GET"]}}],"collection":[{"href":"https:\/\/www.wepaflyer.com\/de\/wp-json\/wp\/v2\/product"}],"about":[{"href":"https:\/\/www.wepaflyer.com\/de\/wp-json\/wp\/v2\/types\/product"}],"replies":[{"embeddable":true,"href":"https:\/\/www.wepaflyer.com\/de\/wp-json\/wp\/v2\/comments?post=22027"}],"wp:featuredmedia":[{"embeddable":true,"href":"https:\/\/www.wepaflyer.com\/de\/wp-json\/wp\/v2\/media\/13062"}],"wp:attachment":[{"href":"https:\/\/www.wepaflyer.com\/de\/wp-json\/wp\/v2\/media?parent=22027"}],"wp:term":[{"taxonomy":"product_brand","embeddable":true,"href":"https:\/\/www.wepaflyer.com\/de\/wp-json\/wp\/v2\/product_brand?post=22027"},{"taxonomy":"product_cat","embeddable":true,"href":"https:\/\/www.wepaflyer.com\/de\/wp-json\/wp\/v2\/product_cat?post=22027"},{"taxonomy":"product_tag","embeddable":true,"href":"https:\/\/www.wepaflyer.com\/de\/wp-json\/wp\/v2\/product_tag?post=22027"}],"curies":[{"name":"wp","href":"https:\/\/api.w.org\/{rel}","templated":true}]}}