{"id":22025,"date":"2023-12-28T11:54:29","date_gmt":"2023-12-28T10:54:29","guid":{"rendered":"https:\/\/www.wepaflyer.com\/?post_type=product&#038;p=22025"},"modified":"2026-02-18T17:32:25","modified_gmt":"2026-02-18T16:32:25","slug":"aktion-maxy-s-paket-5-stk","status":"publish","type":"product","link":"https:\/\/www.wepaflyer.com\/de\/produkt\/aktion-maxy-s-paket-5-stk\/","title":{"rendered":"Promo Maxy-S Paket 5 St. | Lenkdrachen"},"content":{"rendered":"<h3>PROMO MAXY-S SPORTKITE &#8211; SALE-PACK mit 5 St\u00fcck Gr\u00f6\u00dfe S<\/h3>\n<h4>45 x 115\/130 cm. | R2F | Paket 5 St\u00fcck<\/h4>\n<p><b>Der Maxy-S Delta-Lenkdrachen ist der Einstieg in die Welt der 2-Leiner-Delta-Sportdrachen!<\/b><\/p>\n<p>M\u00f6chten Sie mit einer Gruppe von Freunden, einigen Klassenkameraden oder Vereinsmitgliedern Lenkdrachen fahren, mit einem einfachen und unkomplizierten Lenkdrachen, der nicht zu viel kosten sollte? Es ist dir eigentlich egal, wie die Drachen aussehen, solange sie gut funktionieren und ihr alle einen Nachmittag lang gemeinsam Spa\u00df haben k\u00f6nnt.?! Dann bieten wir Ihnen ein <b>sch\u00f6nes Drachenpaket mit 5 Drachen<\/b> zu einem sehr kleinen Preis an. Erfolg garantiert!<\/p>\n<p>Hier finden Sie viele Werbedrachen vom Typ Maxy-S. Diese Drachen bestehen aus robustem Spinnaker-Nylongewebe und robustem Fiberglas und sind \u00dcberbleibsel aus Produktionen, die wir in den letzten Jahren f\u00fcr viele Unternehmen hergestellt haben. Es enth\u00e4lt allerlei Logos und Aufdrucke in allen erdenklichen Farbkombinationen.<\/p>\n<p>Beliebt und beliebt wegen seiner hervorragenden Flugeigenschaften, insbesondere als Einsteigerdrachen.<\/p>\n<p>Alle diese Werbedrachen sind R2F = ready-to-fly, bereit zum Abheben. Befestigen Sie die mitgelieferten Fliegenschn\u00fcre an zwei Drachenrollen und los geht&#8217;s!<\/p>\n<p>Anf\u00e4ngern raten wir, zun\u00e4chst bei leichtem Wind zu \u00fcben, dann lernt man den Kite kennen und sieht, wie er auf bestimmte Lenkbewegungen reagiert. Dieser Lenkdrachen ist f\u00fcr schwache bis m\u00e4\u00dfige Winde geeignet. Fliegt auch bei st\u00e4rkerem Wind, aber immer st\u00e4rkere Drachenleinen verwenden.<\/p>\n<p>Sch\u00f6ner Einsteigerdrachen. Auch f\u00fcr die Kleinsten geeignet.<\/p>\n<p>Diese MAXY-S-Drachen bestehen aus robustem Ripstop-Nylon und haben einen besonders stabilen Glasfaserrahmen. Dieser Einsteigerdrachen verzeiht Anf\u00e4ngerfehler und kann einiges aushalten, was auch seine Beliebtheit ausmacht, aber versuchen Sie, t\u00f6dliche Abst\u00fcrze zu vermeiden, denn dann k\u00f6nnen sogar die verst\u00e4rkten Tunnel auseinanderrei\u00dfen.<\/p>\n<p><b>Dieses SALE-PACK-Angebot besteht aus 5 Drachen der Gr\u00f6\u00dfe S, sortiert und im B\u00fcndel verpackt. <\/b>So erhalten Sie immer mehrere verschiedene Drachen in mehreren Farben.<\/p>\n<p>Wir haben alle diese Werbedrachen beim Verpacken sorgf\u00e4ltig gepr\u00fcft, Sie haben jedoch Verst\u00e4ndnis daf\u00fcr, dass wir hierf\u00fcr nicht die \u00fcbliche Garantie geben k\u00f6nnen.<\/p>\n","protected":false},"excerpt":{"rendered":"<p>45 x 115\/130 cm. | R2F | Paket 5 St\u00fcck<\/p>\n","protected":false},"featured_media":13049,"comment_status":"closed","ping_status":"closed","template":"","meta":{"_acf_changed":false},"product_brand":[],"product_cat":[1396,3553,2184,1348,1384,2165],"product_tag":[],"class_list":{"0":"post-22025","1":"product","2":"type-product","3":"status-publish","4":"has-post-thumbnail","6":"product_cat-drachen","7":"product_cat-drachenpakete","8":"product_cat-kinderdrachen","9":"product_cat-marken","10":"product_cat-sale","11":"product_cat-wepa","12":"pa_breedte-cm-130-de","13":"pa_lengte-cm-45-de","15":"first","16":"instock","17":"sale","18":"taxable","19":"shipping-taxable","20":"purchasable","21":"product-type-simple"},"acf":[],"_links":{"self":[{"href":"https:\/\/www.wepaflyer.com\/de\/wp-json\/wp\/v2\/product\/22025","targetHints":{"allow":["GET"]}}],"collection":[{"href":"https:\/\/www.wepaflyer.com\/de\/wp-json\/wp\/v2\/product"}],"about":[{"href":"https:\/\/www.wepaflyer.com\/de\/wp-json\/wp\/v2\/types\/product"}],"replies":[{"embeddable":true,"href":"https:\/\/www.wepaflyer.com\/de\/wp-json\/wp\/v2\/comments?post=22025"}],"wp:featuredmedia":[{"embeddable":true,"href":"https:\/\/www.wepaflyer.com\/de\/wp-json\/wp\/v2\/media\/13049"}],"wp:attachment":[{"href":"https:\/\/www.wepaflyer.com\/de\/wp-json\/wp\/v2\/media?parent=22025"}],"wp:term":[{"taxonomy":"product_brand","embeddable":true,"href":"https:\/\/www.wepaflyer.com\/de\/wp-json\/wp\/v2\/product_brand?post=22025"},{"taxonomy":"product_cat","embeddable":true,"href":"https:\/\/www.wepaflyer.com\/de\/wp-json\/wp\/v2\/product_cat?post=22025"},{"taxonomy":"product_tag","embeddable":true,"href":"https:\/\/www.wepaflyer.com\/de\/wp-json\/wp\/v2\/product_tag?post=22025"}],"curies":[{"name":"wp","href":"https:\/\/api.w.org\/{rel}","templated":true}]}}