{"id":22024,"date":"2023-12-28T11:54:29","date_gmt":"2023-12-28T10:54:29","guid":{"rendered":"https:\/\/www.wepaflyer.com\/?post_type=product&#038;p=22024"},"modified":"2026-02-18T17:34:33","modified_gmt":"2026-02-18T16:34:33","slug":"promo-funfoil-145-paket-5-stk","status":"publish","type":"product","link":"https:\/\/www.wepaflyer.com\/de\/produkt\/promo-funfoil-145-paket-5-stk\/","title":{"rendered":"Promo FunFoil 145 Paket 5 St. | Lenkmatten"},"content":{"rendered":"<h3>PROMO FUNFOIL KITE \u2013 SALE-PACK mit 5 St\u00fcck Gr\u00f6\u00dfe 145<\/h3>\n<h4>145 x 55 cm. | Ready-to-Fly | Paket 5 St\u00fcck<\/h4>\n<p><b>Der Fun Foil 145 ist d\u00e9r Einsteiger in die Welt der 2-Leiner-Lenkmatten!<\/b><\/p>\n<p><span>M\u00f6chten Sie mit einer Gruppe von Freunden, einigen Klassenkameraden oder Vereinsmitgliedern losfahren? Lenkdrachen fliegen mit einer einfachen und unkomplizierten Lenkmatte und sollte das nicht zu viel kosten? Es ist dir eigentlich egal, wie die Drachen aussehen, solange sie gut funktionieren und ihr alle einen Nachmittag lang gemeinsam Spa\u00df haben k\u00f6nnt.?! Dann bieten wir Ihnen ein\u00a0<\/span><b>sch\u00f6nes Drachenpaket mit 5 Drachen<\/b><span>\u00a0zu einem sehr kleinen Preis an. Erfolg garantiert!<\/span><\/p>\n<p>Hier finden Sie viele Werbedrachen vom Typ FunFoil 145. Diese Drachen bestehen aus robustem Spinnaker-Nylongewebe und sind \u00dcberbleibsel aus Produktionen, die wir in den letzten Jahren f\u00fcr viele Unternehmen hergestellt haben. Es verf\u00fcgt \u00fcber allerlei Logos und Aufdrucke in allen erdenklichen Farbkombinationen.<\/p>\n<p>Beliebt wegen seiner hervorragenden Flugeigenschaften, insbesondere f\u00fcr solch ein Einsteiger-Foil.<\/p>\n<p>Alle diese Werbedrachen sind R2F = flugbereit, startbereit. Befestige die mitgelieferten Flugleinen an zwei Drachenringen und fang an zu fliegen!<\/p>\n<p>Einsteigern raten wir: \u00dcbe zun\u00e4chst bei leichtem Wind, dann lernst du den Drachen kennen und schaue, wie er auf bestimmte Lenkbewegungen reagiert . Dieses Stunt-Foil ist f\u00fcr schwachen bis m\u00e4\u00dfigen Wind geeignet. Fliegt auch bei st\u00e4rkerem Wind, aber dann immer st\u00e4rkere Drachenleinen verwenden.<\/p>\n<p>Sch\u00f6ner Einsteigerdrachen. Auch f\u00fcr die Allerkleinsten geeignet.<\/p>\n<p>Diese FUN FOILS 145 sind aus robustem Ripstop-Nylon gefertigt. Die Luftkammern sind verst\u00e4rkt und die Schlaufen sind besonders stabil. Dieser Einsteigerdrachen verzeiht Anf\u00e4ngerfehler und kann einiges aushalten, was auch seine Beliebtheit ausmacht, aber versuchen Sie, fatale Abst\u00fcrze zu vermeiden, denn dann k\u00f6nnen sogar die verst\u00e4rkten Luftkammern rei\u00dfen.<\/p>\n<p><b>Dieses SALE-PACK Angebot besteht aus 5 Drachen der Gr\u00f6\u00dfe 145, sortiert und im Bundle verpackt. <\/b>So erh\u00e4ltst du immer mehrere verschiedene Drachen in mehreren Farben.<\/p>\n<p>Wir haben alle diese Werbedrachen bei der Verpackung sorgf\u00e4ltig gepr\u00fcft, aber du hast nat\u00fcrlich Verst\u00e4ndnis daf\u00fcr, dass wir hierf\u00fcr nicht die \u00fcbliche Garantie geben k\u00f6nnen.<\/p>\n","protected":false},"excerpt":{"rendered":"<p>145 x 55 cm. | Ready-to-Fly | Paket 5 St\u00fcck<\/p>\n","protected":false},"featured_media":13042,"comment_status":"closed","ping_status":"closed","template":"","meta":{"_acf_changed":false},"product_brand":[],"product_cat":[2164,1396,3553,1348,3554,1384,2165],"product_tag":[],"class_list":{"0":"post-22024","1":"product","2":"type-product","3":"status-publish","4":"has-post-thumbnail","6":"product_cat-2-leiner-lenkmatten","7":"product_cat-drachen","8":"product_cat-drachenpakete","9":"product_cat-marken","10":"product_cat-powerkitespakete","11":"product_cat-sale","12":"product_cat-wepa","13":"pa_breedte-cm-55-de","14":"pa_lengte-cm-145-de","16":"first","17":"instock","18":"sale","19":"taxable","20":"shipping-taxable","21":"purchasable","22":"product-type-simple"},"acf":[],"_links":{"self":[{"href":"https:\/\/www.wepaflyer.com\/de\/wp-json\/wp\/v2\/product\/22024","targetHints":{"allow":["GET"]}}],"collection":[{"href":"https:\/\/www.wepaflyer.com\/de\/wp-json\/wp\/v2\/product"}],"about":[{"href":"https:\/\/www.wepaflyer.com\/de\/wp-json\/wp\/v2\/types\/product"}],"replies":[{"embeddable":true,"href":"https:\/\/www.wepaflyer.com\/de\/wp-json\/wp\/v2\/comments?post=22024"}],"wp:featuredmedia":[{"embeddable":true,"href":"https:\/\/www.wepaflyer.com\/de\/wp-json\/wp\/v2\/media\/13042"}],"wp:attachment":[{"href":"https:\/\/www.wepaflyer.com\/de\/wp-json\/wp\/v2\/media?parent=22024"}],"wp:term":[{"taxonomy":"product_brand","embeddable":true,"href":"https:\/\/www.wepaflyer.com\/de\/wp-json\/wp\/v2\/product_brand?post=22024"},{"taxonomy":"product_cat","embeddable":true,"href":"https:\/\/www.wepaflyer.com\/de\/wp-json\/wp\/v2\/product_cat?post=22024"},{"taxonomy":"product_tag","embeddable":true,"href":"https:\/\/www.wepaflyer.com\/de\/wp-json\/wp\/v2\/product_tag?post=22024"}],"curies":[{"name":"wp","href":"https:\/\/api.w.org\/{rel}","templated":true}]}}