{"id":22021,"date":"2023-12-28T11:54:29","date_gmt":"2023-12-28T10:54:29","guid":{"rendered":"https:\/\/www.wepaflyer.com\/?post_type=product&#038;p=22021"},"modified":"2024-11-22T13:05:24","modified_gmt":"2024-11-22T12:05:24","slug":"powerhandle-25-m-26-kg-garn","status":"publish","type":"product","link":"https:\/\/www.wepaflyer.com\/de\/produkt\/powerhandle-25-m-26-kg-garn\/","title":{"rendered":"PowerHandle + 25 m 26 kg Garn"},"content":{"rendered":"<h3>POWERHANDLE + 25 m 26 kg Leine<\/h3>\n<h5>Verschiedene Farben | 16,5 x 11,5 cm.<\/h5>\n<p>Extrem robuste Drachenrolle f\u00fcr gro\u00dfe und leistungsstarke (Lenk-)Drachen. Ca. 25 Meter Drachenfaden mit einer Bruchfestigkeit von 26 kg. ist abgewickelt. Die Leine kann hinter dem Haken an der Rolle befestigt werden, sodass Sie die L\u00e4nge der Drachenleine genau k\u00fcrzen k\u00f6nnen.<\/p>\n<p>Diese Rolle liegt gut in der Hand und ist ein Favorit beim Fliegen gro\u00dfer Lenk- und Einleinerdrachen mit betr\u00e4chtlicher Zugkraft.<\/p>\n<p>Erh\u00e4ltlich in den abgebildeten Farben.<\/p>\n<p>Hergestellt aus \u00e4u\u00dferst stabilem und festem PE-Material.<\/p>\n<p><b>Mengenrabatte<\/b>; Beim Kauf gr\u00f6\u00dferer Mengen gew\u00e4hren wir folgende Mengenrabatte:<\/p>\n<ul>\n<li><b>ab 10 St\u00fcck: 5%<\/b><\/li>\n<li><strong>ab 25 St\u00fcck: 7,5%<\/strong><\/li>\n<li><strong>ab 50 St\u00fcck: 10%<\/strong><\/li>\n<li><b>ab 100 St\u00fcck: 15%<\/b><\/li>\n<li><b>ab 250 St\u00fcck: 20%<\/b><\/li>\n<li><b>ab 500 St\u00fcck: 25%<\/b><\/li>\n<\/ul>\n<p>Der Mengenrabatt wird direkt im Warenkorb abgerechnet.<\/p>\n","protected":false},"excerpt":{"rendered":"<p>Verschiedene Farben | 16,5 x 11,5 cm.<\/p>\n","protected":false},"featured_media":13025,"comment_status":"closed","ping_status":"closed","template":"","meta":{"_acf_changed":false},"product_brand":[],"product_cat":[1385,2190,2186],"product_tag":[],"class_list":{"0":"post-22021","1":"product","2":"type-product","3":"status-publish","4":"has-post-thumbnail","6":"product_cat-drachen-zubehor","7":"product_cat-drachengriffe","8":"product_cat-drachen-lenkschlaufen","9":"pa_breedte-cm-115-de","10":"pa_lengte-cm-165-de","12":"first","13":"instock","14":"taxable","15":"shipping-taxable","16":"purchasable","17":"product-type-simple"},"acf":[],"_links":{"self":[{"href":"https:\/\/www.wepaflyer.com\/de\/wp-json\/wp\/v2\/product\/22021","targetHints":{"allow":["GET"]}}],"collection":[{"href":"https:\/\/www.wepaflyer.com\/de\/wp-json\/wp\/v2\/product"}],"about":[{"href":"https:\/\/www.wepaflyer.com\/de\/wp-json\/wp\/v2\/types\/product"}],"replies":[{"embeddable":true,"href":"https:\/\/www.wepaflyer.com\/de\/wp-json\/wp\/v2\/comments?post=22021"}],"wp:featuredmedia":[{"embeddable":true,"href":"https:\/\/www.wepaflyer.com\/de\/wp-json\/wp\/v2\/media\/13025"}],"wp:attachment":[{"href":"https:\/\/www.wepaflyer.com\/de\/wp-json\/wp\/v2\/media?parent=22021"}],"wp:term":[{"taxonomy":"product_brand","embeddable":true,"href":"https:\/\/www.wepaflyer.com\/de\/wp-json\/wp\/v2\/product_brand?post=22021"},{"taxonomy":"product_cat","embeddable":true,"href":"https:\/\/www.wepaflyer.com\/de\/wp-json\/wp\/v2\/product_cat?post=22021"},{"taxonomy":"product_tag","embeddable":true,"href":"https:\/\/www.wepaflyer.com\/de\/wp-json\/wp\/v2\/product_tag?post=22021"}],"curies":[{"name":"wp","href":"https:\/\/api.w.org\/{rel}","templated":true}]}}