{"id":22013,"date":"2023-12-28T11:53:55","date_gmt":"2023-12-28T10:53:55","guid":{"rendered":"https:\/\/www.wepaflyer.com\/?post_type=product&#038;p=22013"},"modified":"2024-11-22T13:05:23","modified_gmt":"2024-11-22T12:05:23","slug":"armbaender-set-ikar-pro-soft-t","status":"publish","type":"product","link":"https:\/\/www.wepaflyer.com\/de\/produkt\/armbaender-set-ikar-pro-soft-t\/","title":{"rendered":"Armb\u00e4nder-Set IKAR PRO SOFT-T."},"content":{"rendered":"<h3>HANDARMB\u00c4NDER-SET IKAR PRO SOFTTOUCH<\/h3>\n<h5>Verschiedene Farben<\/h5>\n<p>PRO SoftTouch-Gurte sind professionelle Handgelenkschlaufen, mit denen Sie die meisten Lenkdrachen gut steuern k\u00f6nnen, auch wenn viel Kraft im Spiel ist. Hochwertige Materialien, dennoch weich und angenehm im Griff. Hervorragende Armb\u00e4nder zur Steuerung auch gr\u00f6\u00dferer Matratzen. Diese PRO SoftTouch-Armb\u00e4nder sind mit Metallringen ausgestattet, an denen die Flugleinen befestigt werden, am besten mittels. ein Schlupfknoten. Einfach anschnallen und Drachen steigen lassen! Wie bereits erw\u00e4hnt, k\u00f6nnen diese Gurte einiges aushalten, aber seien Sie immer vorsichtig, es gibt bei allem seine Grenzen. Erh\u00e4ltlich in verschiedenen frischen Farben wie abgebildet.<br \/>Aus robustem geflochtenem Polyestermaterial, stark gef\u00fcttert und mit Metallringen.<\/p>\n","protected":false},"excerpt":{"rendered":"<p>Verschiedene Farben<\/p>\n","protected":false},"featured_media":13002,"comment_status":"closed","ping_status":"closed","template":"","meta":{"_acf_changed":false},"product_brand":[],"product_cat":[1385,2186],"product_tag":[],"class_list":{"0":"post-22013","1":"product","2":"type-product","3":"status-publish","4":"has-post-thumbnail","6":"product_cat-drachen-zubehor","7":"product_cat-drachen-lenkschlaufen","9":"first","10":"instock","11":"taxable","12":"shipping-taxable","13":"purchasable","14":"product-type-simple"},"acf":[],"_links":{"self":[{"href":"https:\/\/www.wepaflyer.com\/de\/wp-json\/wp\/v2\/product\/22013","targetHints":{"allow":["GET"]}}],"collection":[{"href":"https:\/\/www.wepaflyer.com\/de\/wp-json\/wp\/v2\/product"}],"about":[{"href":"https:\/\/www.wepaflyer.com\/de\/wp-json\/wp\/v2\/types\/product"}],"replies":[{"embeddable":true,"href":"https:\/\/www.wepaflyer.com\/de\/wp-json\/wp\/v2\/comments?post=22013"}],"wp:featuredmedia":[{"embeddable":true,"href":"https:\/\/www.wepaflyer.com\/de\/wp-json\/wp\/v2\/media\/13002"}],"wp:attachment":[{"href":"https:\/\/www.wepaflyer.com\/de\/wp-json\/wp\/v2\/media?parent=22013"}],"wp:term":[{"taxonomy":"product_brand","embeddable":true,"href":"https:\/\/www.wepaflyer.com\/de\/wp-json\/wp\/v2\/product_brand?post=22013"},{"taxonomy":"product_cat","embeddable":true,"href":"https:\/\/www.wepaflyer.com\/de\/wp-json\/wp\/v2\/product_cat?post=22013"},{"taxonomy":"product_tag","embeddable":true,"href":"https:\/\/www.wepaflyer.com\/de\/wp-json\/wp\/v2\/product_tag?post=22013"}],"curies":[{"name":"wp","href":"https:\/\/api.w.org\/{rel}","templated":true}]}}