{"id":22012,"date":"2023-12-28T11:53:55","date_gmt":"2023-12-28T10:53:55","guid":{"rendered":"https:\/\/www.wepaflyer.com\/?post_type=product&#038;p=22012"},"modified":"2024-11-22T13:05:23","modified_gmt":"2024-11-22T12:05:23","slug":"armbaender-set-eg-classic","status":"publish","type":"product","link":"https:\/\/www.wepaflyer.com\/de\/produkt\/armbaender-set-eg-classic\/","title":{"rendered":"Armb\u00e4nder-Set EG CLASSIC"},"content":{"rendered":"<h3>HANDARMBAND-SET ZB CLASSIC ORIGINAL<\/h3>\n<h5>Verschiedene Farben<\/h5>\n<p>Die Classic Original Armb\u00e4nder waren die ersten Armb\u00e4nder in unserem Sortiment. Steinhart und von etwas grober Qualit\u00e4t und Gestaltung, mit einem rauen und kr\u00e4ftigen Aussehen. Mitten auf der Stra\u00dfe und schn\u00f6rkellose Tr\u00e4ger. Geeignet f\u00fcr Einsteiger-Lenkdrachen bis hin zu der Kategorie der Stuntdrachen, mit denen ein erfahrener Anf\u00e4nger noch ins Gel\u00e4nde geht. Hochwertige Materialien, steif und robust. Die Classic Original Armb\u00e4nder sind mit Metallringen ausgestattet, an denen die Flugleinen befestigt werden, am besten mittels ein Schlupfknoten. Einfach anschnallen und Drachen steigen lassen! Wie bereits erw\u00e4hnt, k\u00f6nnen diese Gurte einiges aushalten, aber seien Sie immer vorsichtig, es gibt bei allem seine Grenzen. Erh\u00e4ltlich in den abgebildeten Farben.<br \/>Aus robustem geflochtenem Polyestermaterial, stark gef\u00fcttert und mit Metallringen.<\/p>\n","protected":false},"excerpt":{"rendered":"<p>Verschiedene Farben<\/p>\n","protected":false},"featured_media":12999,"comment_status":"closed","ping_status":"closed","template":"","meta":{"_acf_changed":false},"product_brand":[],"product_cat":[1385,2186],"product_tag":[],"class_list":{"0":"post-22012","1":"product","2":"type-product","3":"status-publish","4":"has-post-thumbnail","6":"product_cat-drachen-zubehor","7":"product_cat-drachen-lenkschlaufen","9":"first","10":"instock","11":"taxable","12":"shipping-taxable","13":"purchasable","14":"product-type-simple"},"acf":[],"_links":{"self":[{"href":"https:\/\/www.wepaflyer.com\/de\/wp-json\/wp\/v2\/product\/22012","targetHints":{"allow":["GET"]}}],"collection":[{"href":"https:\/\/www.wepaflyer.com\/de\/wp-json\/wp\/v2\/product"}],"about":[{"href":"https:\/\/www.wepaflyer.com\/de\/wp-json\/wp\/v2\/types\/product"}],"replies":[{"embeddable":true,"href":"https:\/\/www.wepaflyer.com\/de\/wp-json\/wp\/v2\/comments?post=22012"}],"wp:featuredmedia":[{"embeddable":true,"href":"https:\/\/www.wepaflyer.com\/de\/wp-json\/wp\/v2\/media\/12999"}],"wp:attachment":[{"href":"https:\/\/www.wepaflyer.com\/de\/wp-json\/wp\/v2\/media?parent=22012"}],"wp:term":[{"taxonomy":"product_brand","embeddable":true,"href":"https:\/\/www.wepaflyer.com\/de\/wp-json\/wp\/v2\/product_brand?post=22012"},{"taxonomy":"product_cat","embeddable":true,"href":"https:\/\/www.wepaflyer.com\/de\/wp-json\/wp\/v2\/product_cat?post=22012"},{"taxonomy":"product_tag","embeddable":true,"href":"https:\/\/www.wepaflyer.com\/de\/wp-json\/wp\/v2\/product_tag?post=22012"}],"curies":[{"name":"wp","href":"https:\/\/api.w.org\/{rel}","templated":true}]}}