{"id":22009,"date":"2023-12-28T11:53:55","date_gmt":"2023-12-28T10:53:55","guid":{"rendered":"https:\/\/www.wepaflyer.com\/?post_type=product&#038;p=22009"},"modified":"2026-05-04T12:38:10","modified_gmt":"2026-05-04T10:38:10","slug":"gepolsterte-handgelenkschlaufen-von-peter-lynn","status":"publish","type":"product","link":"https:\/\/www.wepaflyer.com\/de\/produkt\/gepolsterte-handgelenkschlaufen-von-peter-lynn\/","title":{"rendered":"PLKB \/ Peter Lynn Gepolsterte Lenkschlaufen"},"content":{"rendered":"<h3><span style=\"line-height: 1.5em;\">PLKB \/ PETER LYNN GEPOLSTERTE LENKSCHLAUFEN<\/span><\/h3>\n<h4><span style=\"line-height: 1.5em;\">Gepolsterte Lenkschlaufen | Spitzen Qualit\u00e4t<\/span><\/h4>\n<p><span style=\"line-height: 1.5em;\">PLKB \/Peter Lynn Lenkschlaufen (Straps), einer der besten gepolsterten Lenkschlaufen seiner Klasse. Robustheit, gute Griffigkeit und sch\u00f6ne Verarbeitung, das sind die auff\u00e4lligsten Merkmale dieser Lenkschlaufen. Die gepolsterten \/ gef\u00fctterten Lenkschlaufen von Peter Lynn sind f\u00fcr schwerere Lenkarbeiten gedacht, also fangen Sie damit an! Diese Peter Lynn-Straps verf\u00fcgen \u00fcber Kordelschlaufen, an denen die Flugleinen befestigt werden k\u00f6nnen, am besten mittels einen Schlupfknoten. Einfach anschnallen und Drachen steigen lassen! Wie bereits erw\u00e4hnt, k\u00f6nnen diese Lenkschlaufen einiges aushalten, aber seien Sie immer vorsichtig, es gibt f\u00fcr alles Grenzen.<\/span><\/p>\n<p><span style=\"line-height: 1.5em;\">Erh\u00e4ltlich in der Farbe Rot \/ schwarze Farbkombination als Set.<\/span><\/p>\n<p>Aus robustem geflochtenem Polyestermaterial, stark gef\u00fcttert und mit passenden Kordelschlaufen.<\/p>\n","protected":false},"excerpt":{"rendered":"<p><span style=\"line-height: 1.5em;\">Gepolsterte Lenkschlaufen | Spitzen Qualit\u00e4t<\/span><\/p>\n","protected":false},"featured_media":12993,"comment_status":"closed","ping_status":"closed","template":"","meta":{"_acf_changed":false},"product_brand":[],"product_cat":[1385,2186,1348,2163,3546],"product_tag":[3637],"class_list":{"0":"post-22009","1":"product","2":"type-product","3":"status-publish","4":"has-post-thumbnail","6":"product_cat-drachen-zubehor","7":"product_cat-drachen-lenkschlaufen","8":"product_cat-marken","9":"product_cat-peter-lynn","10":"product_cat-powerkites-zubehor","11":"product_tag-accessoires","13":"first","14":"instock","15":"sale","16":"taxable","17":"shipping-taxable","18":"purchasable","19":"product-type-simple"},"acf":[],"_links":{"self":[{"href":"https:\/\/www.wepaflyer.com\/de\/wp-json\/wp\/v2\/product\/22009","targetHints":{"allow":["GET"]}}],"collection":[{"href":"https:\/\/www.wepaflyer.com\/de\/wp-json\/wp\/v2\/product"}],"about":[{"href":"https:\/\/www.wepaflyer.com\/de\/wp-json\/wp\/v2\/types\/product"}],"replies":[{"embeddable":true,"href":"https:\/\/www.wepaflyer.com\/de\/wp-json\/wp\/v2\/comments?post=22009"}],"wp:featuredmedia":[{"embeddable":true,"href":"https:\/\/www.wepaflyer.com\/de\/wp-json\/wp\/v2\/media\/12993"}],"wp:attachment":[{"href":"https:\/\/www.wepaflyer.com\/de\/wp-json\/wp\/v2\/media?parent=22009"}],"wp:term":[{"taxonomy":"product_brand","embeddable":true,"href":"https:\/\/www.wepaflyer.com\/de\/wp-json\/wp\/v2\/product_brand?post=22009"},{"taxonomy":"product_cat","embeddable":true,"href":"https:\/\/www.wepaflyer.com\/de\/wp-json\/wp\/v2\/product_cat?post=22009"},{"taxonomy":"product_tag","embeddable":true,"href":"https:\/\/www.wepaflyer.com\/de\/wp-json\/wp\/v2\/product_tag?post=22009"}],"curies":[{"name":"wp","href":"https:\/\/api.w.org\/{rel}","templated":true}]}}