{"id":22007,"date":"2023-12-28T11:53:55","date_gmt":"2023-12-28T10:53:55","guid":{"rendered":"https:\/\/www.wepaflyer.com\/?post_type=product&#038;p=22007"},"modified":"2025-04-01T17:45:41","modified_gmt":"2025-04-01T15:45:41","slug":"peter-lynn-groundstake-deluxe-im-koffer","status":"publish","type":"product","link":"https:\/\/www.wepaflyer.com\/de\/produkt\/peter-lynn-groundstake-deluxe-im-koffer\/","title":{"rendered":"Peter Lynn Groundstake Deluxe im Koffer"},"content":{"rendered":"<h3>PETER LYNN GROUNDSTAKE DELUXE IM KOFFER<\/h3>\n<h3>Aluminium-Erdanker 40 cm in Abdeckung<\/h3>\n<p>Sch\u00f6ner, robuster und starker Aluminium-Erdanker. Geringes Gewicht und dennoch sehr stark. Ideal zum Befestigen Ihres 1-Leiner-Drachens oder Drachens, damit Sie die H\u00e4nde frei haben, um etwas anderes zu tun. In Signalfarbe.<\/p>\n<p>Lieferung in der abgebildeten Ausf\u00fchrung, daher verpackt in einer praktischen Aufbewahrungstasche.<\/p>\n<p><b>Mengenrabatte<\/b>; Beim Kauf gr\u00f6\u00dferer Mengen gew\u00e4hren wir folgende Mengenrabatte:<\/p>\n<ul>\n<li><b>ab 2 St\u00fcck: 2,5%<\/b>&lt;\/li &gt;<\/li>\n<li><b>ab 3 St\u00fcck: 5%<\/b><\/li>\n<li><b>ab 5 St\u00fcck: 7,5%<\/b><\/li>\n<li><b>ab 10 St\u00fcck: 10% <\/b><\/li>\n<\/ul>\n<p>Der Mengenrabatt wird direkt im Warenkorb abgezogen.<\/p>\n","protected":false},"excerpt":{"rendered":"<p>Aluminium-Bodenanker 40 cm in der Abdeckung<\/p>\n","protected":false},"featured_media":12988,"comment_status":"closed","ping_status":"closed","template":"","meta":{"_acf_changed":false},"product_brand":[],"product_cat":[2183,1348,2163,3546],"product_tag":[],"class_list":{"0":"post-22007","1":"product","2":"type-product","3":"status-publish","4":"has-post-thumbnail","6":"product_cat-kite-zubehor","7":"product_cat-marken","8":"product_cat-peter-lynn","9":"product_cat-powerkites-zubehor","10":"pa_lengte-cm-40-de","12":"first","13":"instock","14":"taxable","15":"shipping-taxable","16":"purchasable","17":"product-type-simple"},"acf":[],"_links":{"self":[{"href":"https:\/\/www.wepaflyer.com\/de\/wp-json\/wp\/v2\/product\/22007","targetHints":{"allow":["GET"]}}],"collection":[{"href":"https:\/\/www.wepaflyer.com\/de\/wp-json\/wp\/v2\/product"}],"about":[{"href":"https:\/\/www.wepaflyer.com\/de\/wp-json\/wp\/v2\/types\/product"}],"replies":[{"embeddable":true,"href":"https:\/\/www.wepaflyer.com\/de\/wp-json\/wp\/v2\/comments?post=22007"}],"wp:featuredmedia":[{"embeddable":true,"href":"https:\/\/www.wepaflyer.com\/de\/wp-json\/wp\/v2\/media\/12988"}],"wp:attachment":[{"href":"https:\/\/www.wepaflyer.com\/de\/wp-json\/wp\/v2\/media?parent=22007"}],"wp:term":[{"taxonomy":"product_brand","embeddable":true,"href":"https:\/\/www.wepaflyer.com\/de\/wp-json\/wp\/v2\/product_brand?post=22007"},{"taxonomy":"product_cat","embeddable":true,"href":"https:\/\/www.wepaflyer.com\/de\/wp-json\/wp\/v2\/product_cat?post=22007"},{"taxonomy":"product_tag","embeddable":true,"href":"https:\/\/www.wepaflyer.com\/de\/wp-json\/wp\/v2\/product_tag?post=22007"}],"curies":[{"name":"wp","href":"https:\/\/api.w.org\/{rel}","templated":true}]}}