{"id":22005,"date":"2023-12-28T11:53:55","date_gmt":"2023-12-28T10:53:55","guid":{"rendered":"https:\/\/www.wepaflyer.com\/?post_type=product&#038;p=22005"},"modified":"2024-11-22T13:05:22","modified_gmt":"2024-11-22T12:05:22","slug":"peter-lynn-2-linien-gurte","status":"publish","type":"product","link":"https:\/\/www.wepaflyer.com\/de\/produkt\/peter-lynn-2-linien-gurte\/","title":{"rendered":"Peter Lynn 2-Linien-Gurte"},"content":{"rendered":"<h3><span style=\"line-height: 1.5em;\">PETER LYNN 2-LINIEN-RIEMEN<\/span><\/h3>\n<h5><span style=\"line-height: 1.5em;\">Ungef\u00fcttertes Handgelenk Riemen <\/span><\/h5>\n<p><span style=\"line-height: 1.5em;\">Die Peter Lynn 2-Line Straps (Armb\u00e4nder) sind extrem einfach und einfach, aber sehr effektiv. Ungef\u00fcttertes, angenehmes Material und ideal f\u00fcr Einsteiger-Lenkdrachen und somit auch f\u00fcr kleine Matratzen-Lenkdrachen. Achten Sie darauf, dass Sie Stunter nicht zu stark ziehen oder bei sehr starkem Wind h\u00e4ngen, denn daf\u00fcr sind diese Einsteigergurte nat\u00fcrlich nicht immer ausgelegt.<\/span><\/p>\n<p><span style= \"line- H\u00f6he: 1,5em;\">Erh\u00e4ltlich in der abgebildeten rot\/schwarzen Farbkombination als Set.<\/span><\/p>\n<p><span style=\"line-height: 1,5em;\">Hergestellt aus robustem geflochtenem Polyester Material und mit starken Kordelschlaufen.<\/span><\/p>\n","protected":false},"excerpt":{"rendered":"<p>Ungef\u00fctterte Armb\u00e4nder<\/p>\n","protected":false},"featured_media":12984,"comment_status":"closed","ping_status":"closed","template":"","meta":{"_acf_changed":false},"product_brand":[],"product_cat":[1385,2186],"product_tag":[],"class_list":{"0":"post-22005","1":"product","2":"type-product","3":"status-publish","4":"has-post-thumbnail","6":"product_cat-drachen-zubehor","7":"product_cat-drachen-lenkschlaufen","9":"first","10":"instock","11":"taxable","12":"shipping-taxable","13":"purchasable","14":"product-type-simple"},"acf":[],"_links":{"self":[{"href":"https:\/\/www.wepaflyer.com\/de\/wp-json\/wp\/v2\/product\/22005","targetHints":{"allow":["GET"]}}],"collection":[{"href":"https:\/\/www.wepaflyer.com\/de\/wp-json\/wp\/v2\/product"}],"about":[{"href":"https:\/\/www.wepaflyer.com\/de\/wp-json\/wp\/v2\/types\/product"}],"replies":[{"embeddable":true,"href":"https:\/\/www.wepaflyer.com\/de\/wp-json\/wp\/v2\/comments?post=22005"}],"wp:featuredmedia":[{"embeddable":true,"href":"https:\/\/www.wepaflyer.com\/de\/wp-json\/wp\/v2\/media\/12984"}],"wp:attachment":[{"href":"https:\/\/www.wepaflyer.com\/de\/wp-json\/wp\/v2\/media?parent=22005"}],"wp:term":[{"taxonomy":"product_brand","embeddable":true,"href":"https:\/\/www.wepaflyer.com\/de\/wp-json\/wp\/v2\/product_brand?post=22005"},{"taxonomy":"product_cat","embeddable":true,"href":"https:\/\/www.wepaflyer.com\/de\/wp-json\/wp\/v2\/product_cat?post=22005"},{"taxonomy":"product_tag","embeddable":true,"href":"https:\/\/www.wepaflyer.com\/de\/wp-json\/wp\/v2\/product_tag?post=22005"}],"curies":[{"name":"wp","href":"https:\/\/api.w.org\/{rel}","templated":true}]}}