{"id":22002,"date":"2023-12-28T11:53:55","date_gmt":"2023-12-28T10:53:55","guid":{"rendered":"https:\/\/www.wepaflyer.com\/?post_type=product&#038;p=22002"},"modified":"2025-05-03T12:56:29","modified_gmt":"2025-05-03T10:56:29","slug":"parafoil-drachen-orca","status":"publish","type":"product","link":"https:\/\/www.wepaflyer.com\/de\/produkt\/parafoil-drachen-orca\/","title":{"rendered":"Parafoil Kite ORCA"},"content":{"rendered":"<h3>PARAFOIL KITE ORCA<\/h3>\n<h5>Stabloser Drachen | 200 x 60 cm. | R2F<\/h5>\n<p>Der beeindruckende Parafoil Kite Orca verzaubert seine Zuschauer mit anmutigen Bewegungen in der Luft. Der stabile Flug und die moderate Zugkraft machen ihn zu einem universellen Kite f\u00fcr Anf\u00e4nger und Fortgeschrittene. Durch das stangenlose Design ist das Packma\u00df besonders klein.<\/p>\n<ul>\n<li>Fl\u00fcgelspannweite: 60 cm<\/li>\n<li>H\u00f6he: 200 cm<\/li>\n<li>Tuch : Polyester<\/li>\n<li>St\u00e4be: keine<\/li>\n<li>Drachenleine: inkl. Polyester 25 kg auf Spule<\/li>\n<li>Wind: 2,5-6 Bft. (14-49 km\/h l 9-31 mph)<\/li>\n<li>Alter: ab 8 Jahren<\/li>\n<\/ul>\n","protected":false},"excerpt":{"rendered":"<p>Stabloser Drachen | 200 x 60 cm. | R2F<\/p>\n","protected":false},"featured_media":12977,"comment_status":"closed","ping_status":"closed","template":"","meta":{"_acf_changed":false},"product_brand":[],"product_cat":[1396,2177,2184,1348],"product_tag":[],"class_list":{"0":"post-22002","1":"product","2":"type-product","3":"status-publish","4":"has-post-thumbnail","6":"product_cat-drachen","7":"product_cat-hq-kites","8":"product_cat-kinderdrachen","9":"product_cat-marken","10":"pa_breedte-cm-60-de","11":"pa_lengte-cm-200-de","13":"first","14":"instock","15":"sale","16":"taxable","17":"shipping-taxable","18":"purchasable","19":"product-type-simple"},"acf":[],"_links":{"self":[{"href":"https:\/\/www.wepaflyer.com\/de\/wp-json\/wp\/v2\/product\/22002","targetHints":{"allow":["GET"]}}],"collection":[{"href":"https:\/\/www.wepaflyer.com\/de\/wp-json\/wp\/v2\/product"}],"about":[{"href":"https:\/\/www.wepaflyer.com\/de\/wp-json\/wp\/v2\/types\/product"}],"replies":[{"embeddable":true,"href":"https:\/\/www.wepaflyer.com\/de\/wp-json\/wp\/v2\/comments?post=22002"}],"wp:featuredmedia":[{"embeddable":true,"href":"https:\/\/www.wepaflyer.com\/de\/wp-json\/wp\/v2\/media\/12977"}],"wp:attachment":[{"href":"https:\/\/www.wepaflyer.com\/de\/wp-json\/wp\/v2\/media?parent=22002"}],"wp:term":[{"taxonomy":"product_brand","embeddable":true,"href":"https:\/\/www.wepaflyer.com\/de\/wp-json\/wp\/v2\/product_brand?post=22002"},{"taxonomy":"product_cat","embeddable":true,"href":"https:\/\/www.wepaflyer.com\/de\/wp-json\/wp\/v2\/product_cat?post=22002"},{"taxonomy":"product_tag","embeddable":true,"href":"https:\/\/www.wepaflyer.com\/de\/wp-json\/wp\/v2\/product_tag?post=22002"}],"curies":[{"name":"wp","href":"https:\/\/api.w.org\/{rel}","templated":true}]}}